{"id":999,"date":"2019-02-11T20:50:08","date_gmt":"2019-02-11T18:50:08","guid":{"rendered":"http:\/\/roskovce.sk\/?page_id=999"},"modified":"2022-12-08T22:13:15","modified_gmt":"2022-12-08T20:13:15","slug":"faktury-2019","status":"publish","type":"page","link":"https:\/\/roskovce.sk\/?page_id=999","title":{"rendered":"Fakt\u00fary 2019, 2020"},"content":{"rendered":"\n<p class=\"has-vivid-purple-color has-text-color\">Rok: 2020<\/p>\n\n\n\n<div class=\"wp-block-file\"><a href=\"http:\/\/roskovce.sk\/wp-content\/uploads\/2021\/01\/December-2020.pdf\">DECEMBER 2020<\/a><\/div>\n\n\n\n<div class=\"wp-block-file\"><a href=\"http:\/\/roskovce.sk\/wp-content\/uploads\/2020\/12\/NOVEMBER-2020.pdf\">NOVEMBER 2020<\/a><\/div>\n\n\n\n<div class=\"wp-block-file\"><a href=\"http:\/\/roskovce.sk\/wp-content\/uploads\/2020\/11\/OKT\u00d3BER-2020.pdf\">OKT\u00d3BER 2020<\/a><\/div>\n\n\n\n<div class=\"wp-block-file\"><a href=\"http:\/\/roskovce.sk\/wp-content\/uploads\/2020\/10\/SEPTEMBER-2020.pdf\">SEPTEMBER 2020<\/a><\/div>\n\n\n\n<div class=\"wp-block-file\"><a href=\"http:\/\/roskovce.sk\/wp-content\/uploads\/2020\/09\/AUGUST-2020.pdf\">AUGUST 2020<\/a><\/div>\n\n\n\n<div class=\"wp-block-file\"><a href=\"http:\/\/roskovce.sk\/wp-content\/uploads\/2020\/08\/J\u00daL-2020.pdf\">J\u00daL 2020<\/a><\/div>\n\n\n\n<div class=\"wp-block-file\"><a href=\"http:\/\/roskovce.sk\/wp-content\/uploads\/2020\/07\/J\u00daN-2020.pdf\">J\u00daN 2020<\/a><\/div>\n\n\n\n<div class=\"wp-block-file\"><a href=\"http:\/\/roskovce.sk\/wp-content\/uploads\/2020\/07\/M\u00c1J-2020.pdf\">M\u00c1J 2020<\/a><\/div>\n\n\n\n<div class=\"wp-block-file\"><a href=\"http:\/\/roskovce.sk\/wp-content\/uploads\/2020\/05\/FA-na-zverejnenie-APR\u00cdL-2020.pdf\">APR\u00cdL 2020<\/a><\/div>\n\n\n\n<div class=\"wp-block-file\"><a href=\"http:\/\/roskovce.sk\/wp-content\/uploads\/2020\/04\/MAREC-2020.pdf\">MAREC 2020<\/a><\/div>\n\n\n\n<div class=\"wp-block-file\"><a href=\"http:\/\/roskovce.sk\/wp-content\/uploads\/2020\/03\/FA-Febru\u00e1r-2020-1.pdf\">FEBRU\u00c1R 2020<\/a><\/div>\n\n\n\n<div class=\"wp-block-file\"><a href=\"http:\/\/roskovce.sk\/wp-content\/uploads\/2020\/02\/FA-na-zverejnenie-1.pdf\">JANU\u00c1R 2020<\/a><\/div>\n\n\n\n<ul class=\"wp-block-list\"><li>Rok: 2019<\/li><\/ul>\n\n\n\n<div class=\"wp-block-file\"><a href=\"http:\/\/roskovce.sk\/wp-content\/uploads\/2020\/01\/Fakt\u00fary-december-2019.pdf\">DECEMBER 2019<\/a><\/div>\n\n\n\n<div class=\"wp-block-file\"><a href=\"http:\/\/roskovce.sk\/wp-content\/uploads\/2019\/12\/Fakt\u00fary-11-2019-1.pdf\">NOVEMBER 2019 <\/a><\/div>\n\n\n\n<div class=\"wp-block-file\"><a href=\"http:\/\/roskovce.sk\/wp-content\/uploads\/2019\/11\/Fakt\u00fary-10-2019.pdf\">OKT\u00d3BER 2019<\/a><\/div>\n\n\n\n<div class=\"wp-block-file\"><a href=\"http:\/\/roskovce.sk\/wp-content\/uploads\/2019\/11\/Fakt\u00fary-09-2019-1.pdf\">SEPTEMBER 2019<\/a><\/div>\n\n\n\n<div class=\"wp-block-file\"><a href=\"http:\/\/roskovce.sk\/wp-content\/uploads\/2019\/09\/Fakt\u00fary-8-2019.pdf\">AUGUST 2019<\/a><\/div>\n\n\n\n<div class=\"wp-block-file\"><a href=\"http:\/\/roskovce.sk\/wp-content\/uploads\/2019\/08\/Fakt\u00fary-J\u00fal-2019-1.pdf\">J\u00daL 2019<\/a><\/div>\n\n\n<p><a href=\"http:\/\/roskovce.sk\/wp-content\/uploads\/2019\/07\/FA-6-2019.pdf\">J\u00daN 2019<\/a><\/p>\n<p><a href=\"http:\/\/roskovce.sk\/wp-content\/uploads\/2019\/06\/FA-5-2019.pdf\">M\u00c1J 2019<\/a><\/p>\n<p><a href=\"http:\/\/roskovce.sk\/wp-content\/uploads\/2019\/05\/FA-4-2019.pdf\">APR\u00cdL 2019<\/a><\/p>\n<p><a href=\"http:\/\/roskovce.sk\/wp-content\/uploads\/2019\/04\/FA-3-2019.pdf\">MAREC 2019<\/a><\/p>\n<p><a href=\"http:\/\/roskovce.sk\/wp-content\/uploads\/2019\/04\/FA-2-2019.pdf\">FEBRU\u00c1R 2019<\/a><\/p>\n<p><a href=\"http:\/\/roskovce.sk\/wp-content\/uploads\/2019\/02\/Fakt\u00fary-janu\u00e1r-2019.pdf\" rel=\"attachment wp-att-998\">JANU\u00c1R 2019<\/a><\/p>\n\n\n<figure class=\"wp-block-gallery columns-0 is-cropped wp-block-gallery-1 is-layout-flex wp-block-gallery-is-layout-flex\"><ul class=\"blocks-gallery-grid\"><\/ul><\/figure>\n\n\n\n<figure class=\"wp-block-gallery columns-0 is-cropped wp-block-gallery-2 is-layout-flex wp-block-gallery-is-layout-flex\"><ul class=\"blocks-gallery-grid\"><\/ul><\/figure>\n\n\n\n<p><\/p>\n","protected":false},"excerpt":{"rendered":"<p>Rok: 2020 Rok: 2019 J\u00daN 2019 M\u00c1J 2019 APR\u00cdL 2019 MAREC 2019 FEBRU\u00c1R 2019 JANU\u00c1R 2019<\/p>\n","protected":false},"author":1,"featured_media":0,"parent":11,"menu_order":0,"comment_status":"closed","ping_status":"closed","template":"","meta":{"footnotes":""},"class_list":["post-999","page","type-page","status-publish","hentry"],"_links":{"self":[{"href":"https:\/\/roskovce.sk\/index.php?rest_route=\/wp\/v2\/pages\/999","targetHints":{"allow":["GET"]}}],"collection":[{"href":"https:\/\/roskovce.sk\/index.php?rest_route=\/wp\/v2\/pages"}],"about":[{"href":"https:\/\/roskovce.sk\/index.php?rest_route=\/wp\/v2\/types\/page"}],"author":[{"embeddable":true,"href":"https:\/\/roskovce.sk\/index.php?rest_route=\/wp\/v2\/users\/1"}],"replies":[{"embeddable":true,"href":"https:\/\/roskovce.sk\/index.php?rest_route=%2Fwp%2Fv2%2Fcomments&post=999"}],"version-history":[{"count":64,"href":"https:\/\/roskovce.sk\/index.php?rest_route=\/wp\/v2\/pages\/999\/revisions"}],"predecessor-version":[{"id":1656,"href":"https:\/\/roskovce.sk\/index.php?rest_route=\/wp\/v2\/pages\/999\/revisions\/1656"}],"up":[{"embeddable":true,"href":"https:\/\/roskovce.sk\/index.php?rest_route=\/wp\/v2\/pages\/11"}],"wp:attachment":[{"href":"https:\/\/roskovce.sk\/index.php?rest_route=%2Fwp%2Fv2%2Fmedia&parent=999"}],"curies":[{"name":"wp","href":"https:\/\/api.w.org\/{rel}","templated":true}]}}