{"id":92,"date":"2015-03-01T21:49:33","date_gmt":"2015-03-01T19:49:33","guid":{"rendered":"http:\/\/roskovce.sk\/?page_id=92"},"modified":"2026-03-27T22:05:35","modified_gmt":"2026-03-27T20:05:35","slug":"odberatelske-faktury","status":"publish","type":"page","link":"https:\/\/roskovce.sk\/?page_id=92","title":{"rendered":"Zmluvy 2021, 2022, 2023, 2024, 2025, 2026"},"content":{"rendered":"\t\t<div data-elementor-type=\"wp-page\" data-elementor-id=\"92\" class=\"elementor elementor-92\">\n\t\t\t\t\t\t<section class=\"elementor-section elementor-top-section elementor-element elementor-element-5f5e407a elementor-section-boxed elementor-section-height-default elementor-section-height-default\" data-id=\"5f5e407a\" data-element_type=\"section\" data-e-type=\"section\">\n\t\t\t\t\t\t<div class=\"elementor-container elementor-column-gap-default\">\n\t\t\t\t\t<div class=\"elementor-column elementor-col-100 elementor-top-column elementor-element elementor-element-58bcc9b8\" data-id=\"58bcc9b8\" data-element_type=\"column\" data-e-type=\"column\">\n\t\t\t<div class=\"elementor-widget-wrap elementor-element-populated\">\n\t\t\t\t\t\t<div class=\"elementor-element elementor-element-208d2807 elementor-widget elementor-widget-text-editor\" data-id=\"208d2807\" data-element_type=\"widget\" data-e-type=\"widget\" data-widget_type=\"text-editor.default\">\n\t\t\t\t<div class=\"elementor-widget-container\">\n\t\t\t\t\t\t\t\t\t<h5><\/h5>\n<h3>2026<\/h3>\n<p><a href=\"https:\/\/roskovce.sk\/wp-content\/uploads\/2026\/03\/6474240.pdf\">Poskytovanie slu\u017eby ambulantn\u00e9ho predaja prostredn\u00edctvom pojazdnej predajne<\/a><\/p>\n<p><a href=\"https:\/\/roskovce.sk\/wp-content\/uploads\/2026\/03\/6451700.pdf\">Zn\u00ed\u017eenie energetickej n\u00e1ro\u010dnosti budovy kult\u00farneho domu a obecn\u00e9ho \u00faradu v obci Ro\u0161kovce<\/a><\/p>\n<h3>2025<\/h3>\n<p><a href=\"http:\/\/roskovce.sk\/wp-content\/uploads\/2025\/08\/Sponzorska-zmluva-Roskovce-1.pdf\">Sponzorsk\u00e1 zmluva <span style=\"font-weight: 400;\">Po\u013enoslu\u017eby \u010cabiny, spol. s\u00a0r.o.<\/span><\/a><\/p>\n<p><a href=\"http:\/\/roskovce.sk\/wp-content\/uploads\/2025\/03\/7-Zmluva-EHEC-zverejnenie.pdf\">Zmluva o poskytovan\u00ed slu\u017eieb &#8211; <strong>EH+EC<\/strong><\/a>\u00a0<\/p>\n<p><a href=\"http:\/\/roskovce.sk\/wp-content\/uploads\/2025\/03\/7-Zmluva-o-dielo-projektantautorsky-dozor-2-zverejnenie.pdf\">ZMLUVA O DIELO na vypracovanie projektovej dokument\u00e1cie k stavbe <strong>\u201e<\/strong><strong>Rekon\u0161trukcia kult\u00farneho domu RO\u0160KOVCE<\/strong><strong>\u201c<\/strong><\/a><\/p>\n<p><a href=\"http:\/\/roskovce.sk\/wp-content\/uploads\/2025\/03\/marife-dodatok-c.2-zverejnit.pdf\">Dodatok \u010d.2 k Zmluve o dielo &#8211; MARIFE, s.r.o.<\/a><\/p>\n<p><a href=\"http:\/\/roskovce.sk\/wp-content\/uploads\/2025\/01\/Zmluva-o-SOU.pdf\">Zmluva <\/a>o zriaden\u00ed spolo\u010dn\u00e9ho obecn\u00e9ho \u00faradu<br \/>uzatvoren\u00e1 pod\u013ea \u00a7 20a z\u00e1kona SNR \u010d. 369\/1990 Zb.<br \/>o obecnom zriaden\u00ed v znen\u00ed neskor\u0161\u00edch predpisov<\/p>\n<p><a href=\"http:\/\/roskovce.sk\/wp-content\/uploads\/2025\/01\/Sponzorska-zmluva-Roskovce.pdf\">Sponzorsk\u00e1 zmluva<\/a><\/p>\n<p><a href=\"http:\/\/roskovce.sk\/wp-content\/uploads\/2025\/01\/Zmluva-o-spolupracovani-pri-zbere-a-nakladani-s-pouzitym-satstvom.pdf\">Zmluva o spolupr\u00e1ci pri zbere a nakladan\u00ed s pou\u017eit\u00fdm \u0161atstvom<\/a><\/p>\n<p><a href=\"http:\/\/roskovce.sk\/wp-content\/uploads\/2025\/01\/FURA.pdf\">Dodatok 1\/2O25 k zmluve o poskytovan\u00ed slu\u017eieb v oblasti nakladania s odpadmi<\/a><\/p>\n<h3>2024<\/h3>\n<p><a href=\"http:\/\/roskovce.sk\/wp-content\/uploads\/2025\/03\/5300036.pdf\">Zmluva o poskytnut\u00ed dot\u00e1cie \u010d. 2024\/1366 &#8211; Individu\u00e1lne potreby obc\u00ed\u00a0 &#8211; traktorov\u00e1 kosa\u010dka<\/a><\/p>\n<p><a href=\"http:\/\/roskovce.sk\/wp-content\/uploads\/2025\/01\/polnosluzby-cabiny.pdf\">SPONZORSK\u00c1 ZMLUVA<\/a><\/p>\n<p><a href=\"http:\/\/roskovce.sk\/wp-content\/uploads\/2024\/10\/najomna_zmluva_na_byt_vzor_aktualizovany-27122021-1.pdf\">N\u00e1jomn\u00e1 zmluva<\/a><\/p>\n<p><a href=\"http:\/\/roskovce.sk\/wp-content\/uploads\/2024\/07\/5058241.pdf\">ZMLUVA \u010d. 538\/2024\/OPR o poskytnut\u00ed dot\u00e1cie PSK<\/a><\/p>\n<p><a href=\"http:\/\/roskovce.sk\/wp-content\/uploads\/2024\/10\/rk.pdf\">Zmluva o dielo 2<\/a><\/p>\n<div>\n<p><a href=\"http:\/\/roskovce.sk\/wp-content\/uploads\/2024\/10\/pf.pdf\">K\u00fapna zmluva 2<\/a><\/p>\n<\/div>\n<p><a href=\"http:\/\/roskovce.sk\/wp-content\/uploads\/2024\/10\/marta-kuz.pdf\">K\u00fapna zmluva 1<\/a><\/p>\n<p><a href=\"http:\/\/roskovce.sk\/wp-content\/uploads\/2024\/02\/Dodatok-k-zmluve-o-dielo-c.1-MARIFE.pdf\">Dodatok k zmluve o dielo \u010d.1 MARIFE, s.r.o.<\/a><\/p>\n<h3><strong>2023<\/strong><\/h3>\n<p><a href=\"http:\/\/roskovce.sk\/wp-content\/uploads\/2023\/11\/Object20231019231841377_0.pdf\">Poskytnutie dot\u00e1cie obciam a vy\u0161\u0161\u00edm \u00fazemn\u00fdm celkom na krytie v\u00fddavkov s\u00favisiacich s negat\u00edvnymi d\u00f4sledkami infl\u00e1cie v roku 2023<\/a><\/p>\n<p><a href=\"http:\/\/roskovce.sk\/wp-content\/uploads\/2023\/11\/Dodatok-12024-FURA.pdf\">FURA dodatok 1\/2024<\/a><\/p>\n<p><a href=\"http:\/\/roskovce.sk\/wp-content\/uploads\/2023\/11\/ZMLUVA-O-AUDITE-2022-2025.pdf\">Zmluva o poskytovan\u00ed aud\u00edtorsk\u00fdch slu\u017eieb 2022-2025<\/a><\/p>\n<p><a href=\"http:\/\/roskovce.sk\/wp-content\/uploads\/2023\/11\/POISTOVNA.pdf\">N\u00e1vrh poistnej zmluvy \u010d. 1248172577 &#8211; osobn\u00e9 motorov\u00e9 vozidlo<\/a><\/p>\n<p><a href=\"http:\/\/roskovce.sk\/wp-content\/uploads\/2023\/11\/Darovacia-zmluva.pdf\">Darovacia zmluva &#8211; osobn\u00e9 motorov\u00e9 vozidlo<\/a><\/p>\n<p><a href=\"http:\/\/roskovce.sk\/wp-content\/uploads\/2024\/10\/Nova-polozka-Dokument-Microsoft-Wordu.pdf\">Pracovn\u00e1 zmluva hlavn\u00e9ho kontrol\u00f3ra<\/a><\/p>\n<p><a href=\"http:\/\/roskovce.sk\/wp-content\/uploads\/2024\/10\/Nova-polozka-Dokument-Microsoft-Wordu-1.pdf\">K\u00fapna zmluva parcely registra &#8222;C&#8220;<\/a><\/p>\n<p><a href=\"http:\/\/roskovce.sk\/wp-content\/uploads\/2023\/09\/Zmluva-o-grantovom-ucte.pdf\">Zmluva o grantovom \u00fa\u010dte<\/a><\/p>\n<p><a href=\"http:\/\/roskovce.sk\/wp-content\/uploads\/2023\/08\/Zmluva-o-zriadeni-zberneho-miesta.pdf\">Zmluva o zriaden\u00ed zbern\u00e9ho miesta UZV Pneu, s. r. o.<\/a><\/p>\n<p><a href=\"http:\/\/roskovce.sk\/wp-content\/uploads\/2023\/08\/Sponzorska-zmluva.pdf\">Sponzorsk\u00e1 zmluva Po\u013enoslu\u017eby \u010cabiny, spol. s r.o.<\/a><\/p>\n<p><a href=\"http:\/\/roskovce.sk\/wp-content\/uploads\/2023\/07\/Najomna-zmluva-Janous-s.r.o.pdf\">N\u00e1jomn\u00e1 zmluva Janou\u0161 s.r.o. 2023<\/a><\/p>\n<p><a href=\"http:\/\/roskovce.sk\/wp-content\/uploads\/2023\/04\/Poistna-zmluva-Premium.pdf\">Poistn\u00e1 zmluva Premium<\/a><\/p>\n<p><a href=\"http:\/\/roskovce.sk\/wp-content\/uploads\/2023\/03\/Zmluva-o-prevode-vypoctovej-techniky-DEUS.pdf\">Zmluva o prevode v\u00fdpo\u010dtovej techniky DEUS<\/a><\/p>\n<p><a href=\"http:\/\/roskovce.sk\/wp-content\/uploads\/2023\/11\/Zmluva-o-dielo-a-poskytovani-sluzieb.pdf\">Zmluva o dielo a o poskytovan\u00ed slu\u017eieb<\/a><\/p>\n<p><a href=\"http:\/\/roskovce.sk\/wp-content\/uploads\/2023\/02\/Priloha-c.pdf\">F\u00daRA Pr\u00edloha \u010d.4 k zmluve o poskytovan\u00ed slu\u017eieb v oblasti trieden\u00e9ho zberu<\/a><\/p>\n<p><a href=\"http:\/\/roskovce.sk\/wp-content\/uploads\/2023\/02\/TOPSET-Dodatok-c.1.pdf\">TOPSET Dodatok \u010d.1<\/a><\/p>\n<p><a href=\"http:\/\/roskovce.sk\/wp-content\/uploads\/2023\/01\/FURA-Dodatok-1.23.pdf\">FURA dodatok 1\/2023<\/a><\/p>\n<p><a href=\"http:\/\/roskovce.sk\/wp-content\/uploads\/2023\/01\/Zmluva-o-vedeni-uctovnictva.pdf\">Zmluva o veden\u00ed \u00fa\u010dtovn\u00edctva<\/a><\/p>\n<p><a href=\"http:\/\/roskovce.sk\/wp-content\/uploads\/2024\/10\/Nova-polozka-Dokument-Microsoft-Wordu-2.pdf\">K\u00fapna zmluva parcely registra &#8222;C&#8220;<\/a><\/p>\n<h3><strong>2022<\/strong><\/h3>\n<p><a href=\"http:\/\/roskovce.sk\/wp-content\/uploads\/2022\/10\/1.-ZoBZ-Roskovce.pdf\">ZoBZ Ro\u0161kovce<\/a><\/p>\n<p><a href=\"http:\/\/roskovce.sk\/wp-content\/uploads\/2022\/08\/Sponzorska-zmluva-Cabiny.pdf\">Sponzorsk\u00e1 zmluva \u010cabiny<\/a><\/p>\n<p><a href=\"http:\/\/roskovce.sk\/wp-content\/uploads\/2022\/07\/Najomna-zmluva-JANOUS.pdf\">N\u00e1jomn\u00e1 zmluva JANOU\u0160 2022<\/a><\/p>\n<p><a href=\"http:\/\/roskovce.sk\/wp-content\/uploads\/2022\/07\/Dodatok-c.1-Fura.pdf\">Dodatok \u010d. 1 Fura<\/a><\/p>\n<p><a href=\"http:\/\/roskovce.sk\/wp-content\/uploads\/2022\/07\/Zmluva-PSK.pdf\">Zmluva PSK \u010d. 315\/2022, zverejnen\u00e1 11.07.2022<\/a><\/p>\n<p><a href=\"http:\/\/roskovce.sk\/wp-content\/uploads\/2022\/03\/Darovacia-zmluva-SU-SR.pdf\">Darovacia zmluva \u0160\u00da SR<\/a><\/p>\n<p><a href=\"http:\/\/roskovce.sk\/wp-content\/uploads\/2022\/01\/ZMLUVA-o-poskytnuti-NFP-PPA-c.-309070Y958.pdf\">ZMLUVA o poskytnut\u00ed NFP PPA \u010d. 309070Y958<\/a><\/p>\n<p><a href=\"http:\/\/roskovce.sk\/wp-content\/uploads\/2022\/01\/Zmluva-o-Muncipialnom-uvere.pdf\">Zmluva o Municipi\u00e1lnom \u00favere<\/a><\/p>\n<p><a href=\"http:\/\/roskovce.sk\/wp-content\/uploads\/2021\/12\/Zmluva-MIRRI-SR-Galeria.pdf\">Zmluva MIRRI SR Gal\u00e9ria<\/a><\/p>\n<h3><strong>2021<\/strong><\/h3>\n<p><a href=\"http:\/\/roskovce.sk\/wp-content\/uploads\/2022\/01\/MM-AGRONEX-s.r.o..pdf\">Zmluva MM-AGRONEX-s. r. o., zverejnen\u00e1 13.12.2021<\/a><\/p>\n<p><a href=\"http:\/\/roskovce.sk\/wp-content\/uploads\/2021\/12\/Zmluva-E-CYCLING-s.r.o..pdf\">Zmluva E-CYCLING s.r.o.<\/a><\/p>\n<p><a href=\"http:\/\/roskovce.sk\/wp-content\/uploads\/2021\/11\/Zmluva-zverejnit.pdf\">Sv. Nikolaj, n.o. Dodatok \u010d. 2<\/a><\/p>\n<p><a href=\"http:\/\/roskovce.sk\/wp-content\/uploads\/2021\/09\/Zmluva-POLNOSLUZBY-Cabiny-s.r.o.pdf\">Sponzorsk\u00e1 zmluva PO\u013dNOSLU\u017dBY \u010cabiny s.r.o<\/a><\/p>\n<p><a href=\"http:\/\/roskovce.sk\/wp-content\/uploads\/2021\/09\/Zmluva-JANOUS-s.r.o.pdf\">N\u00e1jomn\u00e1 zmluva JANOU\u0160 s.r.o<\/a><\/p>\n<p><a href=\"http:\/\/roskovce.sk\/wp-content\/uploads\/2021\/05\/FURA.pdf\">FURA<\/a><\/p>\n<p><a href=\"http:\/\/roskovce.sk\/wp-content\/uploads\/2021\/05\/Uver-predlzenie-lehoty-splatnosti.pdf\">\u00daver: pred\u013a\u017eenie lehoty splatnosti<\/a><\/p>\n<h5><\/h5>\n<h5><\/h5>\n<h5><\/h5>\n<h5><\/h5>\n<h5><\/h5>\n<h5><\/h5>\n<h5><\/h5>\n<h5><\/h5>\n<h5><\/h5>\n<h5><\/h5>\n<h5><\/h5>\n<h5><\/h5>\n<h5><\/h5>\n<h5><\/h5>\n<h5><\/h5>\n<h5><\/h5>\n<h5>\u00a0<\/h5>\n<div>\u00a0<\/div>\n<h5><\/h5>\t\t\t\t\t\t\t\t<\/div>\n\t\t\t\t<\/div>\n\t\t\t\t\t<\/div>\n\t\t<\/div>\n\t\t\t\t\t<\/div>\n\t\t<\/section>\n\t\t\t\t<\/div>\n\t\t","protected":false},"excerpt":{"rendered":"<p>\u00a0 \u00a0<\/p>\n","protected":false},"author":1,"featured_media":0,"parent":11,"menu_order":0,"comment_status":"closed","ping_status":"closed","template":"","meta":{"footnotes":""},"class_list":["post-92","page","type-page","status-publish","hentry"],"_links":{"self":[{"href":"https:\/\/roskovce.sk\/index.php?rest_route=\/wp\/v2\/pages\/92","targetHints":{"allow":["GET"]}}],"collection":[{"href":"https:\/\/roskovce.sk\/index.php?rest_route=\/wp\/v2\/pages"}],"about":[{"href":"https:\/\/roskovce.sk\/index.php?rest_route=\/wp\/v2\/types\/page"}],"author":[{"embeddable":true,"href":"https:\/\/roskovce.sk\/index.php?rest_route=\/wp\/v2\/users\/1"}],"replies":[{"embeddable":true,"href":"https:\/\/roskovce.sk\/index.php?rest_route=%2Fwp%2Fv2%2Fcomments&post=92"}],"version-history":[{"count":172,"href":"https:\/\/roskovce.sk\/index.php?rest_route=\/wp\/v2\/pages\/92\/revisions"}],"predecessor-version":[{"id":3139,"href":"https:\/\/roskovce.sk\/index.php?rest_route=\/wp\/v2\/pages\/92\/revisions\/3139"}],"up":[{"embeddable":true,"href":"https:\/\/roskovce.sk\/index.php?rest_route=\/wp\/v2\/pages\/11"}],"wp:attachment":[{"href":"https:\/\/roskovce.sk\/index.php?rest_route=%2Fwp%2Fv2%2Fmedia&parent=92"}],"curies":[{"name":"wp","href":"https:\/\/api.w.org\/{rel}","templated":true}]}}