{"id":91,"date":"2015-03-11T09:47:14","date_gmt":"2015-03-11T07:47:14","guid":{"rendered":"http:\/\/roskovce.sk\/?page_id=91"},"modified":"2020-11-11T21:14:33","modified_gmt":"2020-11-11T19:14:33","slug":"zmluvy-2015","status":"publish","type":"page","link":"https:\/\/roskovce.sk\/?page_id=91","title":{"rendered":"Zmluvy 2015"},"content":{"rendered":"<p>&nbsp;<\/p>\n<p><span style=\"text-decoration: underline;\"><span style=\"color: #0000ff; text-decoration: underline;\"><a style=\"color: #0000ff; text-decoration: underline;\" href=\"http:\/\/roskovce.sk\/wp-content\/uploads\/2015\/03\/Zmluva-o-prip.-k-inf.-sys.-DCOM.pdf\" rel=\"\">Zmluva o pripojen\u00ed \u00a0k informa\u010dn\u00e9mu syst\u00e9mu DCOM<\/a><\/span><\/span><\/p>\n<p><span style=\"color: #0000ff;\"><a style=\"color: #0000ff;\" href=\"http:\/\/roskovce.sk\/wp-content\/uploads\/2015\/03\/Zmluva-2015-001.pdf\" rel=\"\">\u00daverov\u00e1 zmluva \u00a0SZRB \u00a02015 &#8211; 001<\/a><\/span><\/p>\n<p><a style=\"color: #0000ff; text-decoration: underline;\" href=\"http:\/\/roskovce.sk\/wp-content\/uploads\/2015\/03\/Dodatok-\u010d.2.pdf\">Dodatok \u010d.1 k \u00a0\u00faverovej zmluve 2015-001<\/a><\/p>\n<p><span style=\"color: #0000ff;\"><a style=\"color: #0000ff;\" href=\"http:\/\/roskovce.sk\/wp-content\/uploads\/2015\/03\/Blanko-zmenka-k-\u00faverovej-zmluve-\u010d.-1.pdf\" rel=\"\">Blanko zmenka k \u00faverovej zmluve 2015-001<\/a><\/span><\/p>\n<p><span style=\"color: #0000ff; text-decoration: underline;\">\u00daverov\u00e1<\/span> <span style=\"color: #0000ff; text-decoration: underline;\">z<\/span><a style=\"color: #0000ff; text-decoration: underline;\" href=\"http:\/\/roskovce.sk\/wp-content\/uploads\/2015\/03\/Zmluva-2015-002.pdf\">mluva 2015-002<\/a><\/p>\n<p><span style=\"color: #0000ff;\"><a style=\"color: #0000ff;\" href=\"http:\/\/roskovce.sk\/wp-content\/uploads\/2015\/03\/Dodatok-\u010d.2.pdf\" rel=\"\">Dodatok \u010d.1 k \u00faverovej zmluve 2015-002<\/a><\/span><\/p>\n<p><a style=\"color: #0000ff; text-decoration: underline;\" href=\"http:\/\/roskovce.sk\/wp-content\/uploads\/2015\/03\/Blanko-zmenka-k-\u00faverovej-zmluve-\u010d.-2.pdf\" rel=\"\">Blanko zmenka k \u00faverovej zmluve \u010d. 2<\/a><\/p>\n<p><span style=\"text-decoration: underline;\"><span style=\"color: #0000ff; text-decoration: underline;\"><a style=\"color: #0000ff; text-decoration: underline;\" href=\"http:\/\/roskovce.sk\/wp-content\/uploads\/2015\/03\/Zmluva-2015-003.pdf\">Zmluva o poskytnut\u00ed dot\u00e1cie na podporu kult\u00fary n\u00e1rodnostn\u00fdch men\u0161\u00edn<\/a><\/span><\/span><\/p>\n<p><span style=\"text-decoration: underline;\"><span style=\"color: #0000ff; text-decoration: underline;\"><a style=\"color: #0000ff; text-decoration: underline;\" href=\"http:\/\/roskovce.sk\/wp-content\/uploads\/2015\/03\/Zmluva-o-pren\u00e1jme-majetku.pdf\">Zmluva o pren\u00e1jme majetku<\/a>\u00a0obce<\/span><\/span><\/p>\n<p><span style=\"color: #0000ff;\"><a style=\"color: #0000ff;\" href=\"http:\/\/roskovce.sk\/wp-content\/uploads\/2015\/03\/Zmluva-o-realiz\u00e1ci\u00ed-vyst\u00fapenia.pdf\" rel=\"\">Zmluva o realiz\u00e1ci\u00ed vyst\u00fapenia<\/a><\/span><\/p>\n<p><span style=\"color: #0000ff;\"><a style=\"color: #0000ff;\" href=\"http:\/\/roskovce.sk\/wp-content\/uploads\/2015\/03\/Zmluva-o-pipojen\u00ed-k-inf.-syst\u00e9mu-DCOM-pr\u00edlohy.pdf\" rel=\"\">Zmluva o pripojen\u00ed k inf. syst\u00e9mu DCOM+pr\u00edlohy<\/a><\/span><\/p>\n<p><a style=\"color: #0000ff;\" href=\"http:\/\/roskovce.sk\/wp-content\/uploads\/2015\/03\/Dodatok-\u010d.-1-\u00daPSVaR-\u00a752.pdf\" rel=\"\">Dodatok \u010d. 1 \u00a0k dohode &#8211; \u00daPSVaR &#8211; \u00a752<\/a><\/p>\n<p><span style=\"color: #0000ff;\"><a style=\"color: #0000ff;\" href=\"http:\/\/roskovce.sk\/wp-content\/uploads\/2015\/03\/Zmluva-o-poskytovan\u00ed-aud\u00edtorsk\u00fdch-slu\u017eieb.pdf\" rel=\"\">Zmluva o poskytovan\u00ed aud\u00edtorsk\u00fdch slu\u017eieb<\/a><\/span><\/p>\n<p><a style=\"color: #0000ff;\" href=\"http:\/\/roskovce.sk\/wp-content\/uploads\/2015\/03\/Dohoda-o-poskyt.-\u00fadajov-pre-Soc.-pois\u0165.-z-evidencie-samostatne-.pdf\" rel=\"\">Dohoda o poskyt. \u00fadajov pre Soc. pois\u0165. z evidencie samostatne<\/a><span style=\"text-decoration: underline;\">\u00a0<span style=\"color: #0000ff; text-decoration: underline;\">hospodariacich ro\u013en\u00edkov<\/span><\/span><\/p>\n<p><span style=\"text-decoration: underline;\"><span style=\"color: #0000ff; text-decoration: underline;\"><a style=\"color: #0000ff; text-decoration: underline;\" href=\"http:\/\/roskovce.sk\/wp-content\/uploads\/2015\/03\/Zmluva-o-uzavret\u00ed-bud\u00facej-zmluvy-Natur-Pack.pdf\" rel=\"\">Zmluva o uzavret\u00ed bud\u00facej zmluvy Natur &#8211; Pack<\/a><\/span><\/span><\/p>\n<p><span style=\"text-decoration: underline;\"><span style=\"color: #0000ff; text-decoration: underline;\"><a style=\"color: #0000ff; text-decoration: underline;\" href=\"http:\/\/roskovce.sk\/wp-content\/uploads\/2015\/03\/Zmluva-o-prip.-k-inf.-sys.-DCOM.pdf\" rel=\"\">Zmluva o prip. k inf. sys. DCOM<\/a><\/span><\/span><\/p>\n<p><span style=\"color: #0000ff;\"><a style=\"color: #0000ff;\" href=\"http:\/\/roskovce.sk\/wp-content\/uploads\/2015\/03\/Dohoda-\u00daPSVaR-\u00a710.pdf\" rel=\"\">Dohoda \u00daPSVaR &#8211; \u00a710<\/a><\/span><\/p>\n<p><span style=\"text-decoration: underline;\"><span style=\"color: #0000ff; text-decoration: underline;\"><a style=\"color: #0000ff; text-decoration: underline;\" href=\"http:\/\/roskovce.sk\/wp-content\/uploads\/2015\/03\/Dohoda-\u00daPSVaR.pdf\" rel=\"\">Dohoda \u00daPSVaR<\/a>\u00a0&#8211; \u00a754<\/span><\/span><\/p>\n<p><span style=\"color: #0000ff;\"><a style=\"color: #0000ff;\" href=\"http:\/\/roskovce.sk\/wp-content\/uploads\/2015\/03\/Dodatok-\u010d.-1-2016-Fura-1.pdf\" rel=\"\">Dodatok \u010d. 1 2016 &#8211; Fura<\/a><\/span><\/p>\n<p><a href=\"http:\/\/roskovce.sk\/wp-content\/uploads\/2018\/11\/Zmluva-o-pren\u00e1jme-po\u013enohospod\u00e1rskych-pozemkov.pdf\">Zmluva o pren\u00e1jme po\u013enohospod\u00e1rskych pozemkov<\/a><\/p>\n","protected":false},"excerpt":{"rendered":"<p>&nbsp; Zmluva o pripojen\u00ed \u00a0k informa\u010dn\u00e9mu syst\u00e9mu DCOM \u00daverov\u00e1 zmluva \u00a0SZRB \u00a02015 &#8211; 001 Dodatok \u010d.1 k \u00a0\u00faverovej zmluve 2015-001 Blanko zmenka k \u00faverovej zmluve 2015-001 \u00daverov\u00e1 zmluva 2015-002 Dodatok \u010d.1 k \u00faverovej zmluve 2015-002 Blanko zmenka k \u00faverovej zmluve \u010d. 2 Zmluva o poskytnut\u00ed dot\u00e1cie na podporu kult\u00fary n\u00e1rodnostn\u00fdch men\u0161\u00edn Zmluva o pren\u00e1jme majetku\u00a0obce Zmluva o realiz\u00e1ci\u00ed vyst\u00fapenia Zmluva o pripojen\u00ed k inf. syst\u00e9mu DCOM+pr\u00edlohy Dodatok \u010d. 1 \u00a0k dohode &#8211; \u00daPSVaR &#8211; \u00a752 Zmluva o poskytovan\u00ed aud\u00edtorsk\u00fdch slu\u017eieb&#8230;<\/p>\n<p class=\"read-more\"><a class=\"btn btn-default\" href=\"https:\/\/roskovce.sk\/?page_id=91\"> Read More<span class=\"screen-reader-text\">  Read More<\/span><\/a><\/p>\n","protected":false},"author":1,"featured_media":0,"parent":11,"menu_order":0,"comment_status":"closed","ping_status":"closed","template":"","meta":{"footnotes":""},"class_list":["post-91","page","type-page","status-publish","hentry"],"_links":{"self":[{"href":"https:\/\/roskovce.sk\/index.php?rest_route=\/wp\/v2\/pages\/91","targetHints":{"allow":["GET"]}}],"collection":[{"href":"https:\/\/roskovce.sk\/index.php?rest_route=\/wp\/v2\/pages"}],"about":[{"href":"https:\/\/roskovce.sk\/index.php?rest_route=\/wp\/v2\/types\/page"}],"author":[{"embeddable":true,"href":"https:\/\/roskovce.sk\/index.php?rest_route=\/wp\/v2\/users\/1"}],"replies":[{"embeddable":true,"href":"https:\/\/roskovce.sk\/index.php?rest_route=%2Fwp%2Fv2%2Fcomments&post=91"}],"version-history":[{"count":43,"href":"https:\/\/roskovce.sk\/index.php?rest_route=\/wp\/v2\/pages\/91\/revisions"}],"predecessor-version":[{"id":910,"href":"https:\/\/roskovce.sk\/index.php?rest_route=\/wp\/v2\/pages\/91\/revisions\/910"}],"up":[{"embeddable":true,"href":"https:\/\/roskovce.sk\/index.php?rest_route=\/wp\/v2\/pages\/11"}],"wp:attachment":[{"href":"https:\/\/roskovce.sk\/index.php?rest_route=%2Fwp%2Fv2%2Fmedia&parent=91"}],"curies":[{"name":"wp","href":"https:\/\/api.w.org\/{rel}","templated":true}]}}