{"id":757,"date":"2018-05-11T13:47:29","date_gmt":"2018-05-11T11:47:29","guid":{"rendered":"http:\/\/roskovce.sk\/?page_id=757"},"modified":"2019-10-24T14:22:16","modified_gmt":"2019-10-24T12:22:16","slug":"zmluvy-2018","status":"publish","type":"page","link":"https:\/\/roskovce.sk\/?page_id=757","title":{"rendered":"Zmluvy 2018"},"content":{"rendered":"<p><a href=\"http:\/\/roskovce.sk\/wp-content\/uploads\/2018\/05\/Zmluva-o-veden\u00ed-\u00fa\u010dtovn\u00edctva.pdf\">Zmluva o veden\u00ed \u00fa\u010dtovn\u00edctva<\/a><\/p>\n<p><a href=\"http:\/\/roskovce.sk\/wp-content\/uploads\/2018\/11\/Zmluva-o-pren\u00e1jme-po\u013enohospod\u00e1rskych-pozemkov.pdf\">Zmluva o pren\u00e1jme po\u013enohospod\u00e1rskych pozemkov<\/a><\/p>\n<p><span style=\"color: #3366ff;\"><a href=\"http:\/\/roskovce.sk\/wp-content\/uploads\/2018\/05\/zmluva-audit1.pdf\">Zmluva o poskytovan\u00ed auditorsk\u00fdch slu\u017eieb<\/a><\/span><\/p>\n<p><span style=\"color: #3366ff;\"><a href=\"http:\/\/roskovce.sk\/wp-content\/uploads\/2018\/05\/zmula-audit2.pdf\">Zmula o poskytovan\u00ed auditorsk\u00fdch slu\u017eieb 2.\u010das\u0165<\/a><\/span><\/p>\n<p><span style=\"color: #3366ff;\"><a href=\"http:\/\/roskovce.sk\/wp-content\/uploads\/2018\/05\/Zmluva-o-n\u00e1jme-Gynamb.-C.T.-s.-r.-o-1.pdf\">Zmluva o n\u00e1jme &#8211; Gynamb. C.T., s. r. o<\/a><\/span><\/p>\n<p><span style=\"color: #3366ff;\"><a href=\"http:\/\/roskovce.sk\/wp-content\/uploads\/2018\/05\/Dohoda-\u00daPSVaR-dobrovo\u013en\u00edcka-\u010dinnos\u0165.pdf\">Dohoda &#8211; \u00daPSVaR &#8211; dobrovo\u013en\u00edcka \u010dinnos\u0165<\/a><\/span><\/p>\n<p><span style=\"color: #3366ff;\"><a href=\"http:\/\/roskovce.sk\/wp-content\/uploads\/2018\/05\/Zmluva-o-poskytnut\u00ed-nenavratn\u00e9ho-finan\u010dn\u00e9ho-pr\u00edspevku.pdf\">Zmluva o poskytnut\u00ed nen\u00e1vratn\u00e9ho finan\u010dn\u00e9ho pr\u00edspevku<\/a><\/span><\/p>\n<p><span style=\"color: #3366ff;\"><a href=\"http:\/\/roskovce.sk\/wp-content\/uploads\/2018\/05\/Zmluva-o-hudobnej-produkci\u00ed-Jadranka.pdf\">Zmluva o hudobnej produkci\u00ed &#8211; Jadranka<\/a><\/span><\/p>\n<p><span style=\"color: #3366ff;\"><a href=\"http:\/\/roskovce.sk\/wp-content\/uploads\/2018\/05\/Zmluva-o-umeleckom-v\u00fdkone-1.pdf\">Zmluva o umeleckom v\u00fdkone<\/a><\/span><\/p>\n<p><span style=\"color: #3366ff;\"><a href=\"http:\/\/roskovce.sk\/wp-content\/uploads\/2018\/05\/Zmluva-o-odbere-a-dovoze-stravy.pdf\">Zmluva o odbere a dovoze stravy<\/a><\/span><\/p>\n<p><span style=\"color: #3366ff;\"><a href=\"http:\/\/roskovce.sk\/wp-content\/uploads\/2018\/05\/Zmluva-o-poskytnut\u00ed-dot\u00e1cie.pdf\">Zmluva o poskytnut\u00ed dot\u00e1cie<\/a><\/span><\/p>\n<p><span style=\"color: #3366ff;\"><a href=\"http:\/\/roskovce.sk\/wp-content\/uploads\/2018\/05\/\u00daPSVaR-dobrovo\u013en\u00edcka-\u010dinnos\u0165.pdf\">Dohoda &#8211; \u00daPSVaR &#8211; dobrovo\u013en\u00edcka \u010dinnos\u0165<\/a><\/span><\/p>\n<p><span style=\"color: #3366ff;\"><a href=\"http:\/\/roskovce.sk\/wp-content\/uploads\/2018\/05\/Dodatok-\u010d.-1-k-zmluve-o-nakladan\u00ed-s-odladmi-z-obalov.pdf\">Dodatok \u010d. 1 k zmluve o nakladan\u00ed s odpadmi z obalov<\/a><\/span><\/p>\n<p><span style=\"color: #3366ff;\"><a href=\"http:\/\/roskovce.sk\/wp-content\/uploads\/2018\/05\/Topset-Zmluva-o-poveren\u00ed-spracovan\u00edm-osobn\u00fdch-\u00fadajov.pdf\">Topset &#8211; Zmluva o poveren\u00ed spracovan\u00edm osobn\u00fdch \u00fadajov<\/a><\/span><\/p>\n<p><span style=\"color: #3366ff;\"><a href=\"http:\/\/roskovce.sk\/wp-content\/uploads\/2018\/05\/Zmluva-Gerboc-s.-r.-o..pdf\">Zmluva &#8211; Gerboc, s. r. o.<\/a><\/span><\/p>\n<p><span style=\"color: #3366ff;\"><a href=\"http:\/\/roskovce.sk\/wp-content\/uploads\/2018\/05\/Zmluva.pdf\">Zmluva &#8211; Program obnovy dediny<\/a><\/span><\/p>\n<p><span style=\"color: #3366ff;\"><a href=\"http:\/\/roskovce.sk\/wp-content\/uploads\/2018\/05\/Zmluva-PSK-1.pdf\">Zmluva PSK<\/a><\/span><\/p>\n<p><span style=\"color: #3366ff;\"><a href=\"http:\/\/roskovce.sk\/wp-content\/uploads\/2018\/05\/\u00daPSVaR-dobrovo\u013en\u00edcka-\u010dinnos\u0165-1.pdf\">\u00daPSVaR &#8211; dobrovo\u013en\u00edcka \u010dinnos\u0165<\/a><\/span><\/p>\n<p><span style=\"color: #3366ff;\"><a href=\"http:\/\/roskovce.sk\/wp-content\/uploads\/2018\/05\/Zmluva-o-dielo-m2r-s.-r.o..pdf\">Zmluva o dielo m2r s. r.o.<\/a><\/span><\/p>\n<p><a href=\"http:\/\/roskovce.sk\/wp-content\/uploads\/2018\/05\/\u00daPSVaR-aktiva\u010dn\u00e1-\u010dinnos\u0165-\u00a752.pdf\">\u00daPSVaR &#8211; aktiva\u010dn\u00e1 \u010dinnos\u0165 \u00a752 <\/a><\/p>\n<p><a href=\"http:\/\/roskovce.sk\/wp-content\/uploads\/2018\/11\/suhlas-na-vyrub.pdf\">S\u00fahlas na v\u00fdrub<\/a><\/p>\n<p>\u00a0<\/p>\n\n\n<div class=\"wp-block-file\"><a href=\"http:\/\/roskovce.sk\/wp-content\/uploads\/2019\/10\/zmluva-gar.-u\u010det-201801.pdf\">Prima banka: Zmluva o grantovom \u00fa\u010dte<\/a><\/div>\n\n\n\n<div class=\"wp-block-file\"><a href=\"http:\/\/roskovce.sk\/wp-content\/uploads\/2019\/10\/zmluva-gar.-u\u010det-2018.pdf\">Prima banka: Zmluva o grantovom \u00fa\u010dte<\/a><\/div>\n","protected":false},"excerpt":{"rendered":"<p>Zmluva o veden\u00ed \u00fa\u010dtovn\u00edctva Zmluva o pren\u00e1jme po\u013enohospod\u00e1rskych pozemkov Zmluva o poskytovan\u00ed auditorsk\u00fdch slu\u017eieb Zmula o poskytovan\u00ed auditorsk\u00fdch slu\u017eieb 2.\u010das\u0165 Zmluva o n\u00e1jme &#8211; Gynamb. C.T., s. r. o Dohoda &#8211; \u00daPSVaR &#8211; dobrovo\u013en\u00edcka \u010dinnos\u0165 Zmluva o poskytnut\u00ed nen\u00e1vratn\u00e9ho finan\u010dn\u00e9ho pr\u00edspevku Zmluva o hudobnej produkci\u00ed &#8211; Jadranka Zmluva o umeleckom v\u00fdkone Zmluva o odbere a dovoze stravy Zmluva o poskytnut\u00ed dot\u00e1cie Dohoda &#8211; \u00daPSVaR &#8211; dobrovo\u013en\u00edcka \u010dinnos\u0165 Dodatok \u010d. 1 k zmluve o nakladan\u00ed s odpadmi z obalov Topset &#8211;&#8230;<\/p>\n<p class=\"read-more\"><a class=\"btn btn-default\" href=\"https:\/\/roskovce.sk\/?page_id=757\"> Read More<span class=\"screen-reader-text\">  Read More<\/span><\/a><\/p>\n","protected":false},"author":1,"featured_media":0,"parent":11,"menu_order":0,"comment_status":"closed","ping_status":"closed","template":"","meta":{"footnotes":""},"class_list":["post-757","page","type-page","status-publish","hentry"],"_links":{"self":[{"href":"https:\/\/roskovce.sk\/index.php?rest_route=\/wp\/v2\/pages\/757","targetHints":{"allow":["GET"]}}],"collection":[{"href":"https:\/\/roskovce.sk\/index.php?rest_route=\/wp\/v2\/pages"}],"about":[{"href":"https:\/\/roskovce.sk\/index.php?rest_route=\/wp\/v2\/types\/page"}],"author":[{"embeddable":true,"href":"https:\/\/roskovce.sk\/index.php?rest_route=\/wp\/v2\/users\/1"}],"replies":[{"embeddable":true,"href":"https:\/\/roskovce.sk\/index.php?rest_route=%2Fwp%2Fv2%2Fcomments&post=757"}],"version-history":[{"count":31,"href":"https:\/\/roskovce.sk\/index.php?rest_route=\/wp\/v2\/pages\/757\/revisions"}],"predecessor-version":[{"id":1678,"href":"https:\/\/roskovce.sk\/index.php?rest_route=\/wp\/v2\/pages\/757\/revisions\/1678"}],"up":[{"embeddable":true,"href":"https:\/\/roskovce.sk\/index.php?rest_route=\/wp\/v2\/pages\/11"}],"wp:attachment":[{"href":"https:\/\/roskovce.sk\/index.php?rest_route=%2Fwp%2Fv2%2Fmedia&parent=757"}],"curies":[{"name":"wp","href":"https:\/\/api.w.org\/{rel}","templated":true}]}}