{"id":722,"date":"2017-12-01T17:21:12","date_gmt":"2017-12-01T15:21:12","guid":{"rendered":"http:\/\/roskovce.sk\/?page_id=722"},"modified":"2025-11-03T10:23:51","modified_gmt":"2025-11-03T08:23:51","slug":"dokumenty","status":"publish","type":"page","link":"https:\/\/roskovce.sk\/?page_id=722","title":{"rendered":"Dokumenty"},"content":{"rendered":"\t\t<div data-elementor-type=\"wp-page\" data-elementor-id=\"722\" class=\"elementor elementor-722\">\n\t\t\t\t\t\t<section class=\"elementor-section elementor-top-section elementor-element elementor-element-4a935e10 elementor-section-boxed elementor-section-height-default elementor-section-height-default\" data-id=\"4a935e10\" data-element_type=\"section\" data-e-type=\"section\">\n\t\t\t\t\t\t<div class=\"elementor-container elementor-column-gap-default\">\n\t\t\t\t\t<div class=\"elementor-column elementor-col-100 elementor-top-column elementor-element elementor-element-97ec52c\" data-id=\"97ec52c\" data-element_type=\"column\" data-e-type=\"column\">\n\t\t\t<div class=\"elementor-widget-wrap elementor-element-populated\">\n\t\t\t\t\t\t<div class=\"elementor-element elementor-element-5a9d65a6 elementor-widget elementor-widget-text-editor\" data-id=\"5a9d65a6\" data-element_type=\"widget\" data-e-type=\"widget\" data-widget_type=\"text-editor.default\">\n\t\t\t\t<div class=\"elementor-widget-container\">\n\t\t\t\t\t\t\t\t\t<h5><\/h5>\n<p><span style=\"text-decoration: underline;\"><em><strong>2025<\/strong><\/em><\/span><\/p>\n<p><a href=\"http:\/\/roskovce.sk\/wp-content\/uploads\/2025\/11\/NAVRH-VYDAJ.pdf\">N\u00e1vrh rozpo\u010dtu na rok 2026 &#8211; v\u00fddaj<\/a><\/p>\n<p><a href=\"http:\/\/roskovce.sk\/wp-content\/uploads\/2025\/11\/NAVRH-PRIJEM.pdf\">N\u00e1vrh rozpo\u010dtu na rok 2026 &#8211; pr\u00edjem<\/a><\/p>\n<p><a href=\"http:\/\/roskovce.sk\/wp-content\/uploads\/2025\/11\/SPRAVA-AUDITORA-2024.pdf\">SPR\u00c1VA AUD\u00cdTORA &#8211; 2024<\/a><\/p>\n<p><a href=\"http:\/\/roskovce.sk\/wp-content\/uploads\/2025\/10\/PLAN-KONTROLNEJ-CINNOSTI-2-POLROK-2025-Roskovce-1.pdf\">Pl\u00e1n kontrolnej \u010dinnosti za 2. polrok 2025\u00a0<\/a><\/p>\n<p><a href=\"http:\/\/roskovce.sk\/wp-content\/uploads\/2025\/10\/Sprava-za-obdobie-I.polrok-2025-Roskovce-1.pdf\">Spr\u00e1va o v\u00fdsledku kontroly za obdobie 1. polrok 2025<\/a><\/p>\n<p><a href=\"http:\/\/roskovce.sk\/wp-content\/uploads\/2025\/10\/Plan-kontrolnej-cinnosti-Roskovce-I-polrok-2025-1.pdf\">Pl\u00e1n kontrolnej \u010dinnosti za 1. polrok 2025\u00a0<\/a><\/p>\n<p><span style=\"text-decoration: underline;\"><em><strong>2024<\/strong><\/em><\/span><\/p>\n<p><a href=\"http:\/\/roskovce.sk\/wp-content\/uploads\/2025\/10\/Sprava-za-obdobie-II.polrok-2024-Roskovce-1.pdf\">Spr\u00e1va o v\u00fdsledku kontroly za obdobie 2. polrok 2024<\/a><\/p>\n<p><a href=\"http:\/\/roskovce.sk\/wp-content\/uploads\/2025\/10\/PLAN-KONTROLNEJ-CINNOSTI-2-POLROK-2024-Roskovce-4.pdf\">Pl\u00e1n kontrolnej \u010dinnosti na 2. polrok 2024<\/a><\/p>\n<p><a href=\"http:\/\/roskovce.sk\/wp-content\/uploads\/2025\/10\/Sprava-za-obdobie-I.polrok-2024-Roskovce-1.pdf\">Spr\u00e1va o v\u00fdsledku kontroly za obdobie 1. polrok 2024<\/a><\/p>\n<p><a href=\"http:\/\/roskovce.sk\/wp-content\/uploads\/2025\/10\/Plan-kontrolnej-cinnosti-Roskovce-polrok-2024-1.pdf\">Pl\u00e1n kontrolnej \u010dinnosti na 1. polrok 2024<\/a><\/p>\n<p><a href=\"http:\/\/roskovce.sk\/wp-content\/uploads\/2025\/10\/Stanovisko-HK-z-zaverecnemu-uctu-obce-Roskovce-2024-1.pdf\">Stanovisko HK k z\u00e1vere\u010dn\u00e9mu \u00fa\u010dtu obce Ro\u0161kovce 2024\u00a0<\/a><\/p>\n<p><a href=\"http:\/\/roskovce.sk\/wp-content\/uploads\/2025\/06\/2024-ZUO-Roskovce-1.pdf\">Z\u00e1vere\u010dn\u00fd \u00fa\u010det obce 2024<\/a><\/p>\n<p><a href=\"http:\/\/roskovce.sk\/wp-content\/uploads\/2025\/05\/2024-VSO-Roskovce.pdf\">Individu\u00e1lna v\u00fdro\u010dn\u00e1 spr\u00e1va obce za rok 2024<\/a><\/p>\n<p><a href=\"http:\/\/roskovce.sk\/wp-content\/uploads\/2025\/10\/Vzn-72024.pdf\">VZN 7\/2024<\/a><\/p>\n<p><span style=\"text-decoration: underline;\"><em><strong>2023<\/strong><\/em><\/span><\/p>\n<p><a href=\"http:\/\/roskovce.sk\/wp-content\/uploads\/2024\/10\/SPRAVA-AUDITORA-2023.pdf\">SPR\u00c1VA AUD\u00cdTORA 2023<\/a><\/p>\n<p><a href=\"http:\/\/roskovce.sk\/wp-content\/uploads\/2024\/06\/2023-VSO-Roskovce.pdf\">Individu\u00e1lna v\u00fdro\u010dn\u00e1 spr\u00e1va obce za rok 2023<\/a><\/p>\n<p><a href=\"http:\/\/roskovce.sk\/wp-content\/uploads\/2024\/06\/2023-ZUO-Roskovce.pdf\">Z\u00e1vere\u010dn\u00fd \u00fa\u010det obce 2023<\/a><\/p>\n<p><a href=\"http:\/\/roskovce.sk\/wp-content\/uploads\/2024\/01\/Navrh-rozpoctu-Roskovce-2024.pdf\">N\u00e1vrh rozpo\u010dtu na rok 2024 &#8211; pr\u00edjmy<\/a><\/p>\n<p><a href=\"http:\/\/roskovce.sk\/wp-content\/uploads\/2024\/01\/Navrh-roypoctu-vydaj.pdf\">N\u00e1vrh rozpo\u010dtu na rok 2024 &#8211; v\u00fddavky<\/a><\/p>\n<p><span style=\"text-decoration: underline;\"><em><strong>2022<\/strong><\/em><\/span><\/p>\n<p><a href=\"http:\/\/roskovce.sk\/wp-content\/uploads\/2023\/11\/SPRAVA-AUDITORA-2022.pdf\">SPR\u00c1VA AUD\u00cdTORA 2022<\/a><\/p>\n<p><a href=\"http:\/\/roskovce.sk\/wp-content\/uploads\/2023\/06\/2022-VSO-Roskovce-1-zverejnit-1.pdf\">V\u00fdro\u010dn\u00e1 spr\u00e1va obce za rok 2022<\/a><\/p>\n<p><a href=\"http:\/\/roskovce.sk\/wp-content\/uploads\/2023\/06\/2022-ZUO-Roskovce-1-zverejnit-1.pdf\">Z\u00e1vere\u010dn\u00fd \u00fa\u010det obce 2022<\/a><\/p>\n<p><a href=\"http:\/\/roskovce.sk\/wp-content\/uploads\/2022\/12\/Navrh-rozpoctu-na-rok-2023-prijmy.pdf\">N\u00e1vrh rozpo\u010dtu na rok 2023 &#8211; pr\u00edjmy<\/a><\/p>\n<p><a href=\"http:\/\/roskovce.sk\/wp-content\/uploads\/2022\/12\/Navrh-rozpoctu-na-rok-2023-vydavky.pdf\">N\u00e1vrh rozpo\u010dtu na rok 2023 &#8211; v\u00fddavky<\/a><\/p>\n<p><a href=\"http:\/\/roskovce.sk\/wp-content\/uploads\/2022\/12\/VZN-6-2022-O-miestnych-daniach-a-poplatku-za-komunalne-odpady-na-rok-2023.pdf\">VZN 6\/2022 O miestnych daniach a poplatkoch za komun\u00e1lne odpady na rok 2023<\/a><\/p>\n<p><span style=\"text-decoration: underline;\"><em><strong>2021<\/strong><\/em><\/span><\/p>\n<h5><\/h5>\n<p><a id=\"wp-block-file--media-0d6a7a0e-f0fb-4c4f-b80b-ef4d0e6d009e\" href=\"http:\/\/roskovce.sk\/wp-content\/uploads\/2022\/10\/SPRAVA-AUDITORA-2021.pdf\">SPR\u00c1VA AUD\u00cdTORA 2021<\/a><\/p>\n<p><\/p>\n<p><a id=\"wp-block-file--media-f4afe54a-1600-4a35-813c-df3a4f7d0435\" href=\"http:\/\/roskovce.sk\/wp-content\/uploads\/2022\/07\/ZAVERECNY-UCET-OBCE-2021.pdf\">Z\u00c1VERE\u010cN\u00dd \u00da\u010cET OBCE 2021<\/a><\/p>\n<h5><\/h5>\n<p><a id=\"wp-block-file--media-31ba32c7-02ee-4664-a15c-148ee21e9124\" href=\"http:\/\/roskovce.sk\/wp-content\/uploads\/2022\/01\/Vypocet-vytriedeneho-KO-obec-Roskovce.pdf\">V\u00fdpo\u010det vytrieden\u00e9ho KO Obec Ro\u0161kovce<\/a><\/p>\n<p><\/p>\n<p><a id=\"wp-block-file--media-4edcb5b8-d9fb-457e-8ba0-cab5be25cdac\" href=\"http:\/\/roskovce.sk\/wp-content\/uploads\/2021\/12\/SPRAVA-AUDITORA-2020.pdf\">SPR\u00c1VA AUD\u00cdTORA 2020<\/a><\/p>\n<p><\/p>\n<p><a id=\"wp-block-file--media-6152a0ad-2b78-4155-aebb-5b54d0478a86\" href=\"http:\/\/roskovce.sk\/wp-content\/uploads\/2021\/12\/Navrh-rozpoctu-2022-2025-PRIJMY.pdf\">N\u00e1vrh rozpo\u010dtu 2022-2024 PR\u00cdJMY<\/a><\/p>\n<h5><\/h5>\n<p><a id=\"wp-block-file--media-faf49c0f-20de-4abe-aec9-4efbf90ed127\" href=\"http:\/\/roskovce.sk\/wp-content\/uploads\/2021\/12\/Navrh-rozpoctu-2022-2025-VYDAVKY.pdf\">N\u00e1vrh rozpo\u010dtu 2022-2024 V\u00ddDAVKY<\/a><\/p>\n<h5><\/h5>\n<p><a id=\"wp-block-file--media-7da17258-a625-4a33-9d1c-5665dc7f3f22\" href=\"http:\/\/roskovce.sk\/wp-content\/uploads\/2021\/10\/IROP-Vyzvy-MAS-LABOREC.pdf\">IROP V\u00fdzvy MAS LABOREC<\/a><\/p>\n<h5><\/h5>\n<p><a href=\"http:\/\/roskovce.sk\/wp-content\/uploads\/2017\/12\/navh-VZN-1-2019-Ro\u0161kovce.pdf.pdf\">N\u00e1vrh VZN 1 2019 o zne\u0161kod\u0148ovan\u00ed obsahu \u017e\u00famp<\/a><\/p>\n<h5>\u00a0<\/h5>\n<h5><\/h5>\t\t\t\t\t\t\t\t<\/div>\n\t\t\t\t<\/div>\n\t\t\t\t\t<\/div>\n\t\t<\/div>\n\t\t\t\t\t<\/div>\n\t\t<\/section>\n\t\t\t\t<\/div>\n\t\t","protected":false},"excerpt":{"rendered":"<p>2025 N\u00e1vrh rozpo\u010dtu na rok 2026 &#8211; v\u00fddaj N\u00e1vrh rozpo\u010dtu na rok 2026 &#8211; pr\u00edjem SPR\u00c1VA AUD\u00cdTORA &#8211; 2024 Pl\u00e1n kontrolnej \u010dinnosti za 2. polrok 2025\u00a0 Spr\u00e1va o v\u00fdsledku kontroly za obdobie 1. polrok 2025 Pl\u00e1n kontrolnej \u010dinnosti za 1. polrok 2025\u00a0 2024 Spr\u00e1va o v\u00fdsledku kontroly za obdobie 2. polrok 2024 Pl\u00e1n kontrolnej \u010dinnosti na 2. polrok 2024 Spr\u00e1va o v\u00fdsledku kontroly za obdobie 1. polrok 2024 Pl\u00e1n kontrolnej \u010dinnosti na 1. polrok 2024 Stanovisko HK k z\u00e1vere\u010dn\u00e9mu \u00fa\u010dtu&#8230;<\/p>\n<p class=\"read-more\"><a class=\"btn btn-default\" href=\"https:\/\/roskovce.sk\/?page_id=722\"> Read More<span class=\"screen-reader-text\">  Read More<\/span><\/a><\/p>\n","protected":false},"author":1,"featured_media":0,"parent":0,"menu_order":0,"comment_status":"closed","ping_status":"closed","template":"","meta":{"footnotes":""},"class_list":["post-722","page","type-page","status-publish","hentry"],"_links":{"self":[{"href":"https:\/\/roskovce.sk\/index.php?rest_route=\/wp\/v2\/pages\/722","targetHints":{"allow":["GET"]}}],"collection":[{"href":"https:\/\/roskovce.sk\/index.php?rest_route=\/wp\/v2\/pages"}],"about":[{"href":"https:\/\/roskovce.sk\/index.php?rest_route=\/wp\/v2\/types\/page"}],"author":[{"embeddable":true,"href":"https:\/\/roskovce.sk\/index.php?rest_route=\/wp\/v2\/users\/1"}],"replies":[{"embeddable":true,"href":"https:\/\/roskovce.sk\/index.php?rest_route=%2Fwp%2Fv2%2Fcomments&post=722"}],"version-history":[{"count":123,"href":"https:\/\/roskovce.sk\/index.php?rest_route=\/wp\/v2\/pages\/722\/revisions"}],"predecessor-version":[{"id":3122,"href":"https:\/\/roskovce.sk\/index.php?rest_route=\/wp\/v2\/pages\/722\/revisions\/3122"}],"wp:attachment":[{"href":"https:\/\/roskovce.sk\/index.php?rest_route=%2Fwp%2Fv2%2Fmedia&parent=722"}],"curies":[{"name":"wp","href":"https:\/\/api.w.org\/{rel}","templated":true}]}}