{"id":632,"date":"2017-02-14T11:01:30","date_gmt":"2017-02-14T09:01:30","guid":{"rendered":"http:\/\/roskovce.sk\/?page_id=632"},"modified":"2023-06-07T09:37:32","modified_gmt":"2023-06-07T07:37:32","slug":"fotogaleria","status":"publish","type":"page","link":"https:\/\/roskovce.sk\/?page_id=632","title":{"rendered":"Fotogal\u00e9ria"},"content":{"rendered":"\t\t<div data-elementor-type=\"wp-page\" data-elementor-id=\"632\" class=\"elementor elementor-632\">\n\t\t\t\t\t\t<section class=\"elementor-section elementor-top-section elementor-element elementor-element-517841f3 elementor-section-boxed elementor-section-height-default elementor-section-height-default\" data-id=\"517841f3\" data-element_type=\"section\" data-e-type=\"section\">\n\t\t\t\t\t\t<div class=\"elementor-container elementor-column-gap-default\">\n\t\t\t\t\t<div class=\"elementor-column elementor-col-100 elementor-top-column elementor-element elementor-element-7fed3047\" data-id=\"7fed3047\" data-element_type=\"column\" data-e-type=\"column\">\n\t\t\t<div class=\"elementor-widget-wrap elementor-element-populated\">\n\t\t\t\t\t\t<div class=\"elementor-element elementor-element-2783836 elementor-widget elementor-widget-wp-widget-nav_menu\" data-id=\"2783836\" data-element_type=\"widget\" data-e-type=\"widget\" data-widget_type=\"wp-widget-nav_menu.default\">\n\t\t\t\t<div class=\"elementor-widget-container\">\n\t\t\t\t\t<div class=\"menu-fotogaleria-container\"><ul id=\"menu-fotogaleria\" class=\"menu\"><li id=\"menu-item-2712\" class=\"menu-item menu-item-type-post_type menu-item-object-page menu-item-2712\"><a href=\"https:\/\/roskovce.sk\/?page_id=2707\">Ma\u010farsko M\u00e1riap\u00f3cs 2023<\/a><\/li>\n<li id=\"menu-item-2481\" class=\"menu-item menu-item-type-post_type menu-item-object-page menu-item-2481\"><a href=\"https:\/\/roskovce.sk\/?page_id=2435\">De\u0148 obce a 30. v\u00fdro\u010die PZ Sv. Hubert<\/a><\/li>\n<li id=\"menu-item-2597\" class=\"menu-item menu-item-type-post_type menu-item-object-page menu-item-2597\"><a href=\"https:\/\/roskovce.sk\/?page_id=2591\">De\u0148 det\u00ed 2023<\/a><\/li>\n<li id=\"menu-item-2511\" class=\"menu-item menu-item-type-post_type menu-item-object-page menu-item-2511\"><a href=\"https:\/\/roskovce.sk\/?page_id=2499\">De\u0148 matiek 2023<\/a><\/li>\n<li id=\"menu-item-2275\" class=\"menu-item menu-item-type-post_type menu-item-object-page menu-item-2275\"><a href=\"https:\/\/roskovce.sk\/?page_id=1974\">Mikul\u00e1\u0161 2022<\/a><\/li>\n<li id=\"menu-item-1992\" class=\"menu-item menu-item-type-post_type menu-item-object-page menu-item-1992\"><a href=\"https:\/\/roskovce.sk\/?page_id=399\">Stavanie m\u00e1ja 2016<\/a><\/li>\n<li id=\"menu-item-1987\" class=\"menu-item menu-item-type-post_type menu-item-object-page menu-item-1987\"><a href=\"https:\/\/roskovce.sk\/?page_id=585\">Mikul\u00e1\u0161 2016<\/a><\/li>\n<li id=\"menu-item-1994\" class=\"menu-item menu-item-type-post_type menu-item-object-page menu-item-1994\"><a href=\"https:\/\/roskovce.sk\/?page_id=651\">Zab\u00edja\u010dka 2016<\/a><\/li>\n<li id=\"menu-item-1991\" class=\"menu-item menu-item-type-post_type menu-item-object-page menu-item-1991\"><a href=\"https:\/\/roskovce.sk\/?page_id=248\">Stavanie m\u00e1ja 2015<\/a><\/li>\n<li id=\"menu-item-1990\" class=\"menu-item menu-item-type-post_type menu-item-object-page menu-item-1990\"><a href=\"https:\/\/roskovce.sk\/?page_id=277\">\u0160portov\u00fd de\u0148 2015<\/a><\/li>\n<li id=\"menu-item-1982\" class=\"menu-item menu-item-type-post_type menu-item-object-page menu-item-1982\"><a href=\"https:\/\/roskovce.sk\/?page_id=238\">De\u0148 matiek 2014<\/a><\/li>\n<li id=\"menu-item-1983\" class=\"menu-item menu-item-type-post_type menu-item-object-page menu-item-1983\"><a href=\"https:\/\/roskovce.sk\/?page_id=256\">De\u0148 matiek 2015<\/a><\/li>\n<li id=\"menu-item-1988\" class=\"menu-item menu-item-type-post_type menu-item-object-page menu-item-1988\"><a href=\"https:\/\/roskovce.sk\/?page_id=200\">Ples 2015<\/a><\/li>\n<li id=\"menu-item-1984\" class=\"menu-item menu-item-type-post_type menu-item-object-page menu-item-1984\"><a href=\"https:\/\/roskovce.sk\/?page_id=75\">Denn\u00fd stacion\u00e1r<\/a><\/li>\n<li id=\"menu-item-1985\" class=\"menu-item menu-item-type-post_type menu-item-object-page menu-item-1985\"><a href=\"https:\/\/roskovce.sk\/?page_id=264\">III. ro\u010dn\u00edk osl\u00e1v kult\u00fary Rus\u00ednov<\/a><\/li>\n<li id=\"menu-item-1986\" class=\"menu-item menu-item-type-post_type menu-item-object-page menu-item-1986\"><a href=\"https:\/\/roskovce.sk\/?page_id=438\">IV. ro\u010dn\u00edk osl\u00e1v kult\u00fary Rus\u00ednov<\/a><\/li>\n<li id=\"menu-item-1989\" class=\"menu-item menu-item-type-post_type menu-item-object-page menu-item-1989\"><a href=\"https:\/\/roskovce.sk\/?page_id=418\">Skr\u00e1\u0161lenie verejn\u00fdch priestranstiev v obc\u00ed<\/a><\/li>\n<li id=\"menu-item-1993\" class=\"menu-item menu-item-type-post_type menu-item-object-page menu-item-1993\"><a href=\"https:\/\/roskovce.sk\/?page_id=328\">Turn\u00e1j v kolkoch<\/a><\/li>\n<\/ul><\/div>\t\t\t\t<\/div>\n\t\t\t\t<\/div>\n\t\t\t\t\t<\/div>\n\t\t<\/div>\n\t\t\t\t\t<\/div>\n\t\t<\/section>\n\t\t\t\t<\/div>\n\t\t","protected":false},"excerpt":{"rendered":"","protected":false},"author":1,"featured_media":0,"parent":0,"menu_order":0,"comment_status":"closed","ping_status":"closed","template":"","meta":{"footnotes":""},"class_list":["post-632","page","type-page","status-publish","hentry"],"_links":{"self":[{"href":"https:\/\/roskovce.sk\/index.php?rest_route=\/wp\/v2\/pages\/632","targetHints":{"allow":["GET"]}}],"collection":[{"href":"https:\/\/roskovce.sk\/index.php?rest_route=\/wp\/v2\/pages"}],"about":[{"href":"https:\/\/roskovce.sk\/index.php?rest_route=\/wp\/v2\/types\/page"}],"author":[{"embeddable":true,"href":"https:\/\/roskovce.sk\/index.php?rest_route=\/wp\/v2\/users\/1"}],"replies":[{"embeddable":true,"href":"https:\/\/roskovce.sk\/index.php?rest_route=%2Fwp%2Fv2%2Fcomments&post=632"}],"version-history":[{"count":13,"href":"https:\/\/roskovce.sk\/index.php?rest_route=\/wp\/v2\/pages\/632\/revisions"}],"predecessor-version":[{"id":2279,"href":"https:\/\/roskovce.sk\/index.php?rest_route=\/wp\/v2\/pages\/632\/revisions\/2279"}],"wp:attachment":[{"href":"https:\/\/roskovce.sk\/index.php?rest_route=%2Fwp%2Fv2%2Fmedia&parent=632"}],"curies":[{"name":"wp","href":"https:\/\/api.w.org\/{rel}","templated":true}]}}