{"id":438,"date":"2016-08-16T10:23:44","date_gmt":"2016-08-16T08:23:44","guid":{"rendered":"http:\/\/roskovce.sk\/?page_id=438"},"modified":"2017-02-14T11:06:36","modified_gmt":"2017-02-14T09:06:36","slug":"iv-rocnik-oslav-kultury-rusinov","status":"publish","type":"page","link":"https:\/\/roskovce.sk\/?page_id=438","title":{"rendered":"IV. ro\u010dn\u00edk osl\u00e1v kult\u00fary Rus\u00ednov"},"content":{"rendered":"<p><a href=\"http:\/\/roskovce.sk\/wp-content\/uploads\/2016\/08\/DSCF3518.jpg\" rel=\"attachment wp-att-439\"><img fetchpriority=\"high\" decoding=\"async\" class=\"alignnone size-medium wp-image-439\" src=\"http:\/\/roskovce.sk\/wp-content\/uploads\/2016\/08\/DSCF3518-300x225.jpg\" alt=\"DSCF3518\" width=\"300\" height=\"225\" srcset=\"https:\/\/roskovce.sk\/wp-content\/uploads\/2016\/08\/DSCF3518-300x225.jpg 300w, https:\/\/roskovce.sk\/wp-content\/uploads\/2016\/08\/DSCF3518-768x576.jpg 768w, https:\/\/roskovce.sk\/wp-content\/uploads\/2016\/08\/DSCF3518-1024x768.jpg 1024w\" sizes=\"(max-width: 300px) 100vw, 300px\" \/><\/a>\u00a0<a href=\"http:\/\/roskovce.sk\/wp-content\/uploads\/2016\/08\/DSCF3525.jpg\" rel=\"attachment wp-att-441\"><img decoding=\"async\" class=\"alignnone size-medium wp-image-441\" src=\"http:\/\/roskovce.sk\/wp-content\/uploads\/2016\/08\/DSCF3525-300x225.jpg\" alt=\"DSCF3525\" width=\"300\" height=\"225\" srcset=\"https:\/\/roskovce.sk\/wp-content\/uploads\/2016\/08\/DSCF3525-300x225.jpg 300w, https:\/\/roskovce.sk\/wp-content\/uploads\/2016\/08\/DSCF3525-768x576.jpg 768w, https:\/\/roskovce.sk\/wp-content\/uploads\/2016\/08\/DSCF3525-1024x768.jpg 1024w\" sizes=\"(max-width: 300px) 100vw, 300px\" \/><\/a>\u00a0<a href=\"http:\/\/roskovce.sk\/wp-content\/uploads\/2016\/08\/DSCF3522.jpg\" rel=\"attachment wp-att-440\"><img decoding=\"async\" class=\"alignnone size-medium wp-image-440\" src=\"http:\/\/roskovce.sk\/wp-content\/uploads\/2016\/08\/DSCF3522-300x225.jpg\" alt=\"DSCF3522\" width=\"300\" height=\"225\" srcset=\"https:\/\/roskovce.sk\/wp-content\/uploads\/2016\/08\/DSCF3522-300x225.jpg 300w, https:\/\/roskovce.sk\/wp-content\/uploads\/2016\/08\/DSCF3522-768x576.jpg 768w, https:\/\/roskovce.sk\/wp-content\/uploads\/2016\/08\/DSCF3522-1024x768.jpg 1024w\" sizes=\"(max-width: 300px) 100vw, 300px\" \/><\/a>\u00a0<a href=\"http:\/\/roskovce.sk\/wp-content\/uploads\/2016\/08\/DSCF3542.jpg\" rel=\"attachment wp-att-445\"><img loading=\"lazy\" decoding=\"async\" class=\"alignnone size-medium wp-image-445\" src=\"http:\/\/roskovce.sk\/wp-content\/uploads\/2016\/08\/DSCF3542-300x225.jpg\" alt=\"DSCF3542\" width=\"300\" height=\"225\" srcset=\"https:\/\/roskovce.sk\/wp-content\/uploads\/2016\/08\/DSCF3542-300x225.jpg 300w, https:\/\/roskovce.sk\/wp-content\/uploads\/2016\/08\/DSCF3542-768x576.jpg 768w, https:\/\/roskovce.sk\/wp-content\/uploads\/2016\/08\/DSCF3542-1024x768.jpg 1024w\" sizes=\"(max-width: 300px) 100vw, 300px\" \/><\/a>\u00a0<a href=\"http:\/\/roskovce.sk\/wp-content\/uploads\/2016\/08\/DSCF3536.jpg\" rel=\"attachment wp-att-444\"><img loading=\"lazy\" decoding=\"async\" class=\"alignnone size-medium wp-image-444\" src=\"http:\/\/roskovce.sk\/wp-content\/uploads\/2016\/08\/DSCF3536-300x225.jpg\" alt=\"DSCF3536\" width=\"300\" height=\"225\" srcset=\"https:\/\/roskovce.sk\/wp-content\/uploads\/2016\/08\/DSCF3536-300x225.jpg 300w, https:\/\/roskovce.sk\/wp-content\/uploads\/2016\/08\/DSCF3536-768x576.jpg 768w, https:\/\/roskovce.sk\/wp-content\/uploads\/2016\/08\/DSCF3536-1024x768.jpg 1024w\" sizes=\"(max-width: 300px) 100vw, 300px\" \/><\/a>\u00a0<a href=\"http:\/\/roskovce.sk\/wp-content\/uploads\/2016\/08\/DSCF3535.jpg\" rel=\"attachment wp-att-443\"><img loading=\"lazy\" decoding=\"async\" class=\"alignnone size-medium wp-image-443\" src=\"http:\/\/roskovce.sk\/wp-content\/uploads\/2016\/08\/DSCF3535-300x225.jpg\" alt=\"DSCF3535\" width=\"300\" height=\"225\" srcset=\"https:\/\/roskovce.sk\/wp-content\/uploads\/2016\/08\/DSCF3535-300x225.jpg 300w, https:\/\/roskovce.sk\/wp-content\/uploads\/2016\/08\/DSCF3535-768x576.jpg 768w, https:\/\/roskovce.sk\/wp-content\/uploads\/2016\/08\/DSCF3535-1024x768.jpg 1024w\" sizes=\"(max-width: 300px) 100vw, 300px\" \/><\/a><a href=\"http:\/\/roskovce.sk\/wp-content\/uploads\/2016\/08\/DSCF3529.jpg\" rel=\"attachment wp-att-442\"><img loading=\"lazy\" decoding=\"async\" class=\"alignnone size-medium wp-image-442\" src=\"http:\/\/roskovce.sk\/wp-content\/uploads\/2016\/08\/DSCF3529-300x225.jpg\" alt=\"DSCF3529\" width=\"300\" height=\"225\" srcset=\"https:\/\/roskovce.sk\/wp-content\/uploads\/2016\/08\/DSCF3529-300x225.jpg 300w, https:\/\/roskovce.sk\/wp-content\/uploads\/2016\/08\/DSCF3529-768x576.jpg 768w, https:\/\/roskovce.sk\/wp-content\/uploads\/2016\/08\/DSCF3529-1024x768.jpg 1024w\" sizes=\"(max-width: 300px) 100vw, 300px\" \/><\/a><a href=\"http:\/\/roskovce.sk\/wp-content\/uploads\/2016\/08\/DSCF3547.jpg\" rel=\"attachment wp-att-446\"><img loading=\"lazy\" decoding=\"async\" class=\"alignnone size-medium wp-image-446\" src=\"http:\/\/roskovce.sk\/wp-content\/uploads\/2016\/08\/DSCF3547-300x225.jpg\" alt=\"DSCF3547\" width=\"300\" height=\"225\" srcset=\"https:\/\/roskovce.sk\/wp-content\/uploads\/2016\/08\/DSCF3547-300x225.jpg 300w, https:\/\/roskovce.sk\/wp-content\/uploads\/2016\/08\/DSCF3547-768x576.jpg 768w, https:\/\/roskovce.sk\/wp-content\/uploads\/2016\/08\/DSCF3547-1024x768.jpg 1024w\" sizes=\"(max-width: 300px) 100vw, 300px\" \/><\/a><a href=\"http:\/\/roskovce.sk\/wp-content\/uploads\/2016\/08\/DSCF3558.jpg\" rel=\"attachment wp-att-447\"><img loading=\"lazy\" decoding=\"async\" class=\"alignnone size-medium wp-image-447\" src=\"http:\/\/roskovce.sk\/wp-content\/uploads\/2016\/08\/DSCF3558-300x225.jpg\" alt=\"DSCF3558\" width=\"300\" height=\"225\" srcset=\"https:\/\/roskovce.sk\/wp-content\/uploads\/2016\/08\/DSCF3558-300x225.jpg 300w, https:\/\/roskovce.sk\/wp-content\/uploads\/2016\/08\/DSCF3558-768x576.jpg 768w, https:\/\/roskovce.sk\/wp-content\/uploads\/2016\/08\/DSCF3558-1024x768.jpg 1024w\" sizes=\"(max-width: 300px) 100vw, 300px\" \/><\/a><\/p>\n","protected":false},"excerpt":{"rendered":"<p>\u00a0\u00a0\u00a0\u00a0\u00a0<\/p>\n","protected":false},"author":1,"featured_media":0,"parent":632,"menu_order":0,"comment_status":"closed","ping_status":"closed","template":"","meta":{"footnotes":""},"class_list":["post-438","page","type-page","status-publish","hentry"],"_links":{"self":[{"href":"https:\/\/roskovce.sk\/index.php?rest_route=\/wp\/v2\/pages\/438","targetHints":{"allow":["GET"]}}],"collection":[{"href":"https:\/\/roskovce.sk\/index.php?rest_route=\/wp\/v2\/pages"}],"about":[{"href":"https:\/\/roskovce.sk\/index.php?rest_route=\/wp\/v2\/types\/page"}],"author":[{"embeddable":true,"href":"https:\/\/roskovce.sk\/index.php?rest_route=\/wp\/v2\/users\/1"}],"replies":[{"embeddable":true,"href":"https:\/\/roskovce.sk\/index.php?rest_route=%2Fwp%2Fv2%2Fcomments&post=438"}],"version-history":[{"count":2,"href":"https:\/\/roskovce.sk\/index.php?rest_route=\/wp\/v2\/pages\/438\/revisions"}],"predecessor-version":[{"id":449,"href":"https:\/\/roskovce.sk\/index.php?rest_route=\/wp\/v2\/pages\/438\/revisions\/449"}],"up":[{"embeddable":true,"href":"https:\/\/roskovce.sk\/index.php?rest_route=\/wp\/v2\/pages\/632"}],"wp:attachment":[{"href":"https:\/\/roskovce.sk\/index.php?rest_route=%2Fwp%2Fv2%2Fmedia&parent=438"}],"curies":[{"name":"wp","href":"https:\/\/api.w.org\/{rel}","templated":true}]}}