{"id":418,"date":"2016-05-02T09:42:18","date_gmt":"2016-05-02T07:42:18","guid":{"rendered":"http:\/\/roskovce.sk\/?page_id=418"},"modified":"2017-02-14T11:04:37","modified_gmt":"2017-02-14T09:04:37","slug":"uprava-verejnych-priestranstiev-v-obci","status":"publish","type":"page","link":"https:\/\/roskovce.sk\/?page_id=418","title":{"rendered":"Skr\u00e1\u0161lenie verejn\u00fdch priestranstiev v obc\u00ed"},"content":{"rendered":"<p><a href=\"http:\/\/roskovce.sk\/wp-content\/uploads\/2016\/05\/DSCF3354.jpg\" rel=\"attachment wp-att-404\"><img fetchpriority=\"high\" decoding=\"async\" class=\"alignnone size-medium wp-image-404\" src=\"http:\/\/roskovce.sk\/wp-content\/uploads\/2016\/05\/DSCF3354-300x225.jpg\" alt=\"DSCF3354\" width=\"300\" height=\"225\" srcset=\"https:\/\/roskovce.sk\/wp-content\/uploads\/2016\/05\/DSCF3354-300x225.jpg 300w, https:\/\/roskovce.sk\/wp-content\/uploads\/2016\/05\/DSCF3354-768x576.jpg 768w, https:\/\/roskovce.sk\/wp-content\/uploads\/2016\/05\/DSCF3354-1024x768.jpg 1024w\" sizes=\"(max-width: 300px) 100vw, 300px\" \/><\/a>\u00a0<a href=\"http:\/\/roskovce.sk\/wp-content\/uploads\/2016\/05\/DSCF3356.jpg\" rel=\"attachment wp-att-407\"><img decoding=\"async\" class=\"alignnone size-medium wp-image-407\" src=\"http:\/\/roskovce.sk\/wp-content\/uploads\/2016\/05\/DSCF3356-300x225.jpg\" alt=\"DSCF3356\" width=\"300\" height=\"225\" srcset=\"https:\/\/roskovce.sk\/wp-content\/uploads\/2016\/05\/DSCF3356-300x225.jpg 300w, https:\/\/roskovce.sk\/wp-content\/uploads\/2016\/05\/DSCF3356-768x576.jpg 768w, https:\/\/roskovce.sk\/wp-content\/uploads\/2016\/05\/DSCF3356-1024x768.jpg 1024w\" sizes=\"(max-width: 300px) 100vw, 300px\" \/><\/a><a href=\"http:\/\/roskovce.sk\/wp-content\/uploads\/2016\/05\/DSCF3359.jpg\" rel=\"attachment wp-att-408\"><img decoding=\"async\" class=\"alignnone size-medium wp-image-408\" src=\"http:\/\/roskovce.sk\/wp-content\/uploads\/2016\/05\/DSCF3359-300x225.jpg\" alt=\"DSCF3359\" width=\"300\" height=\"225\" srcset=\"https:\/\/roskovce.sk\/wp-content\/uploads\/2016\/05\/DSCF3359-300x225.jpg 300w, https:\/\/roskovce.sk\/wp-content\/uploads\/2016\/05\/DSCF3359-768x576.jpg 768w, https:\/\/roskovce.sk\/wp-content\/uploads\/2016\/05\/DSCF3359-1024x768.jpg 1024w\" sizes=\"(max-width: 300px) 100vw, 300px\" \/><\/a>\u00a0<a href=\"http:\/\/roskovce.sk\/wp-content\/uploads\/2016\/05\/DSCF3360.jpg\" rel=\"attachment wp-att-409\"><img loading=\"lazy\" decoding=\"async\" class=\"alignnone size-medium wp-image-409\" src=\"http:\/\/roskovce.sk\/wp-content\/uploads\/2016\/05\/DSCF3360-300x225.jpg\" alt=\"DSCF3360\" width=\"300\" height=\"225\" srcset=\"https:\/\/roskovce.sk\/wp-content\/uploads\/2016\/05\/DSCF3360-300x225.jpg 300w, https:\/\/roskovce.sk\/wp-content\/uploads\/2016\/05\/DSCF3360-768x576.jpg 768w, https:\/\/roskovce.sk\/wp-content\/uploads\/2016\/05\/DSCF3360-1024x768.jpg 1024w\" sizes=\"(max-width: 300px) 100vw, 300px\" \/><\/a><a href=\"http:\/\/roskovce.sk\/wp-content\/uploads\/2016\/05\/DSCF3371.jpg\" rel=\"attachment wp-att-419\"><img loading=\"lazy\" decoding=\"async\" class=\"alignnone size-medium wp-image-419\" src=\"http:\/\/roskovce.sk\/wp-content\/uploads\/2016\/05\/DSCF3371-300x225.jpg\" alt=\"DSCF3371\" width=\"300\" height=\"225\" srcset=\"https:\/\/roskovce.sk\/wp-content\/uploads\/2016\/05\/DSCF3371-300x225.jpg 300w, https:\/\/roskovce.sk\/wp-content\/uploads\/2016\/05\/DSCF3371-768x576.jpg 768w, https:\/\/roskovce.sk\/wp-content\/uploads\/2016\/05\/DSCF3371-1024x768.jpg 1024w\" sizes=\"(max-width: 300px) 100vw, 300px\" \/><\/a>\u00a0<a href=\"http:\/\/roskovce.sk\/wp-content\/uploads\/2016\/05\/DSCF3376.jpg\" rel=\"attachment wp-att-421\"><img loading=\"lazy\" decoding=\"async\" class=\"alignnone size-medium wp-image-421\" src=\"http:\/\/roskovce.sk\/wp-content\/uploads\/2016\/05\/DSCF3376-300x225.jpg\" alt=\"DSCF3376\" width=\"300\" height=\"225\" srcset=\"https:\/\/roskovce.sk\/wp-content\/uploads\/2016\/05\/DSCF3376-300x225.jpg 300w, https:\/\/roskovce.sk\/wp-content\/uploads\/2016\/05\/DSCF3376-768x576.jpg 768w, https:\/\/roskovce.sk\/wp-content\/uploads\/2016\/05\/DSCF3376-1024x768.jpg 1024w\" sizes=\"(max-width: 300px) 100vw, 300px\" \/><\/a><\/p>\n<p><a href=\"http:\/\/roskovce.sk\/wp-content\/uploads\/2016\/05\/DSCF3363.jpg\" rel=\"attachment wp-att-411\"><img loading=\"lazy\" decoding=\"async\" class=\"alignnone size-medium wp-image-411\" src=\"http:\/\/roskovce.sk\/wp-content\/uploads\/2016\/05\/DSCF3363-300x225.jpg\" alt=\"DSCF3363\" width=\"300\" height=\"225\" srcset=\"https:\/\/roskovce.sk\/wp-content\/uploads\/2016\/05\/DSCF3363-300x225.jpg 300w, https:\/\/roskovce.sk\/wp-content\/uploads\/2016\/05\/DSCF3363-768x576.jpg 768w, https:\/\/roskovce.sk\/wp-content\/uploads\/2016\/05\/DSCF3363-1024x768.jpg 1024w\" sizes=\"(max-width: 300px) 100vw, 300px\" \/><\/a>\u00a0<a href=\"http:\/\/roskovce.sk\/wp-content\/uploads\/2016\/05\/DSCF3361.jpg\" rel=\"attachment wp-att-410\"><img loading=\"lazy\" decoding=\"async\" class=\"alignnone size-medium wp-image-410\" src=\"http:\/\/roskovce.sk\/wp-content\/uploads\/2016\/05\/DSCF3361-300x225.jpg\" alt=\"DSCF3361\" width=\"300\" height=\"225\" srcset=\"https:\/\/roskovce.sk\/wp-content\/uploads\/2016\/05\/DSCF3361-300x225.jpg 300w, https:\/\/roskovce.sk\/wp-content\/uploads\/2016\/05\/DSCF3361-768x576.jpg 768w, https:\/\/roskovce.sk\/wp-content\/uploads\/2016\/05\/DSCF3361-1024x768.jpg 1024w\" sizes=\"(max-width: 300px) 100vw, 300px\" \/><\/a><a href=\"http:\/\/roskovce.sk\/wp-content\/uploads\/2016\/05\/DSCF3368.jpg\" rel=\"attachment wp-att-413\"><img loading=\"lazy\" decoding=\"async\" class=\"alignnone size-medium wp-image-413\" src=\"http:\/\/roskovce.sk\/wp-content\/uploads\/2016\/05\/DSCF3368-300x225.jpg\" alt=\"DSCF3368\" width=\"300\" height=\"225\" srcset=\"https:\/\/roskovce.sk\/wp-content\/uploads\/2016\/05\/DSCF3368-300x225.jpg 300w, https:\/\/roskovce.sk\/wp-content\/uploads\/2016\/05\/DSCF3368-768x576.jpg 768w, https:\/\/roskovce.sk\/wp-content\/uploads\/2016\/05\/DSCF3368-1024x768.jpg 1024w\" sizes=\"(max-width: 300px) 100vw, 300px\" \/><\/a><\/p>\n","protected":false},"excerpt":{"rendered":"<p>\u00a0\u00a0\u00a0 \u00a0<\/p>\n","protected":false},"author":1,"featured_media":0,"parent":632,"menu_order":0,"comment_status":"closed","ping_status":"closed","template":"","meta":{"footnotes":""},"class_list":["post-418","page","type-page","status-publish","hentry"],"_links":{"self":[{"href":"https:\/\/roskovce.sk\/index.php?rest_route=\/wp\/v2\/pages\/418","targetHints":{"allow":["GET"]}}],"collection":[{"href":"https:\/\/roskovce.sk\/index.php?rest_route=\/wp\/v2\/pages"}],"about":[{"href":"https:\/\/roskovce.sk\/index.php?rest_route=\/wp\/v2\/types\/page"}],"author":[{"embeddable":true,"href":"https:\/\/roskovce.sk\/index.php?rest_route=\/wp\/v2\/users\/1"}],"replies":[{"embeddable":true,"href":"https:\/\/roskovce.sk\/index.php?rest_route=%2Fwp%2Fv2%2Fcomments&post=418"}],"version-history":[{"count":4,"href":"https:\/\/roskovce.sk\/index.php?rest_route=\/wp\/v2\/pages\/418\/revisions"}],"predecessor-version":[{"id":423,"href":"https:\/\/roskovce.sk\/index.php?rest_route=\/wp\/v2\/pages\/418\/revisions\/423"}],"up":[{"embeddable":true,"href":"https:\/\/roskovce.sk\/index.php?rest_route=\/wp\/v2\/pages\/632"}],"wp:attachment":[{"href":"https:\/\/roskovce.sk\/index.php?rest_route=%2Fwp%2Fv2%2Fmedia&parent=418"}],"curies":[{"name":"wp","href":"https:\/\/api.w.org\/{rel}","templated":true}]}}