{"id":362,"date":"2016-03-16T10:53:33","date_gmt":"2016-03-16T08:53:33","guid":{"rendered":"http:\/\/roskovce.sk\/?page_id=362"},"modified":"2020-11-11T21:14:33","modified_gmt":"2020-11-11T19:14:33","slug":"zmluvy-2016","status":"publish","type":"page","link":"https:\/\/roskovce.sk\/?page_id=362","title":{"rendered":"Zmluvy 2016"},"content":{"rendered":"<p><span style=\"color: #0000ff;\"><a style=\"color: #0000ff;\" href=\"http:\/\/roskovce.sk\/wp-content\/uploads\/2016\/11\/N\u00e1jomn\u00e1-zmluva-Rotrend.pdf\" rel=\"\">N\u00e1jomn\u00e1 zmluva Rotrend<\/a><\/span><\/p>\n<p><span style=\"color: #0000ff;\">Z<a style=\"color: #0000ff;\" href=\"http:\/\/roskovce.sk\/wp-content\/uploads\/2016\/03\/Zmluva-KP-Agency-s.r.o.pdf\" rel=\"\">mluva o poskytnut\u00ed slu\u017eieb \u010d. 5\/2016 -K&amp;P AGENCY s.r.o.<\/a><\/span><\/p>\n<p><span style=\"color: #0000ff;\"><a style=\"color: #0000ff;\" href=\"http:\/\/roskovce.sk\/wp-content\/uploads\/2016\/03\/Dodatok-k-dohode-\u00daPSVaR.pdf\" rel=\"\">Dodatok k dohode &#8211; \u00daPSVaR<\/a><\/span><\/p>\n<p><span style=\"text-decoration: underline;\"><span style=\"color: #0000ff; text-decoration: underline;\"><a style=\"color: #0000ff; text-decoration: underline;\" href=\"http:\/\/roskovce.sk\/wp-content\/uploads\/2016\/03\/N\u00e1jomn\u00e1-zmluva-SPF.pdf\" rel=\"\">N\u00e1jomn\u00e1 zmluva SPF<\/a><\/span><\/span><\/p>\n<p><span style=\"color: #0000ff;\"><a style=\"color: #0000ff;\" href=\"http:\/\/roskovce.sk\/wp-content\/uploads\/2016\/03\/Zmluva-Timoti.pdf\" rel=\"\">Zmluva Timoti<\/a><\/span><\/p>\n<p><span style=\"color: #0000ff;\"><a style=\"color: #0000ff;\" href=\"http:\/\/roskovce.sk\/wp-content\/uploads\/2016\/03\/Zmluva-o-dielo-Ramstav.pdf\" rel=\"\">Zmluva o dielo &#8211; Ramstav<\/a><\/span><\/p>\n<p><span style=\"text-decoration: underline;\"><span style=\"color: #0000ff; text-decoration: underline;\"><a style=\"color: #0000ff; text-decoration: underline;\" href=\"http:\/\/roskovce.sk\/wp-content\/uploads\/2016\/03\/Zmluva-Slovgram.pdf\" rel=\"\">Zmluva &#8211; Slovgram<\/a><\/span><\/span><\/p>\n<p><span style=\"color: #0000ff;\"><a style=\"color: #0000ff;\" href=\"http:\/\/roskovce.sk\/wp-content\/uploads\/2016\/03\/Zmluva-Natur-Pack-o-zabezpe\u010den\u00ed-syst\u00e9mu-nakladania-s-odpadmi-z-.pdf\" rel=\"\">Zmluva Natur-Pack o zabezpe\u010den\u00ed syst\u00e9mu nakladania s odpadmi z obalov<\/a><\/span><\/p>\n<p><span style=\"color: #0000ff;\"><a style=\"color: #0000ff;\" href=\"http:\/\/roskovce.sk\/wp-content\/uploads\/2016\/03\/Zmluva-\u00daV-SR-n\u00e1rodnostn\u00e9-men\u0161iny.pdf\" rel=\"\">Zmluva \u00daV SR &#8211; n\u00e1rodnostn\u00e9 men\u0161iny<\/a><\/span><\/p>\n<p><span style=\"color: #0000ff;\"><a style=\"color: #0000ff;\" href=\"http:\/\/roskovce.sk\/wp-content\/uploads\/2016\/03\/Ukon\u010denie-n\u00e1jomnej-zmluvy-Rotrend.pdf\" rel=\"\">Ukon\u010denie n\u00e1jomnej zmluvy &#8211; Rotrend<\/a><\/span><\/p>\n<p><span style=\"color: #0000ff;\"><a style=\"color: #0000ff;\" href=\"http:\/\/roskovce.sk\/wp-content\/uploads\/2016\/03\/Darovacia-zmluva-MPRV-SR.pdf\" rel=\"\">Darovacia zmluva-MPRV SR<\/a><\/span><\/p>\n<p><span style=\"color: #0000ff;\"><a style=\"color: #0000ff;\" href=\"http:\/\/roskovce.sk\/wp-content\/uploads\/2016\/03\/Zmluva-o-n\u00e1jme-nebytov\u00fdch-priestorov.pdf\" rel=\"\">Zmluva o n\u00e1jme nebytov\u00fdch priestorov<\/a><\/span><\/p>\n<p><span style=\"color: #0000ff;\"><a style=\"color: #0000ff;\" href=\"http:\/\/roskovce.sk\/wp-content\/uploads\/2016\/03\/Zmluva-o-dielo-HAPEK.pdf\" rel=\"\">Zmluva o dielo &#8211; Hapek<\/a><\/span><\/p>\n<p><span style=\"color: #0000ff;\"><a style=\"color: #0000ff;\" href=\"http:\/\/roskovce.sk\/wp-content\/uploads\/2016\/03\/Zmluva-o-n\u00e1jme-nebytov\u00fdch-priestorov-Hapek.pdf\" rel=\"\">Zmluva o n\u00e1jme nebytov\u00fdch priestorov &#8211; Hapek<\/a><\/span><\/p>\n<p><span style=\"color: #0000ff;\"><a style=\"color: #0000ff;\" href=\"http:\/\/roskovce.sk\/wp-content\/uploads\/2016\/03\/Zmluva-o-n\u00e1jme-nebytov\u00fdch-priestorov-Krok-vpred-n.o..pdf\" rel=\"\">Zmluva o n\u00e1jme nebytov\u00fdch priestorov &#8211; Krok vpred, n. o<\/a>.<\/span><\/p>\n<p><span style=\"color: #0000ff;\"><a style=\"color: #0000ff;\" href=\"http:\/\/roskovce.sk\/wp-content\/uploads\/2016\/03\/Zmluva-o-aktualiz\u00e1cii-programov-Topset.pdf\" rel=\"\">Zmluva o aktualiz\u00e1cii programov &#8211; Topset<\/a><\/span><\/p>\n<p><span style=\"color: #0000ff;\"><a style=\"color: #0000ff;\" href=\"http:\/\/roskovce.sk\/wp-content\/uploads\/2016\/03\/Zmluva-o-poskytovan\u00ed-auditorsk\u00fdch-slu\u017eieb.pdf\" rel=\"\">Zmluva o poskytovan\u00ed auditorsk\u00fdch slu\u017eieb<\/a><\/span><\/p>\n<p><span style=\"color: #0000ff;\"><a style=\"color: #0000ff;\" href=\"http:\/\/roskovce.sk\/wp-content\/uploads\/2016\/03\/Zmluva-o-n\u00e1jme.pdf\">Zmluva o n\u00e1jme<\/a><\/span><\/p>\n","protected":false},"excerpt":{"rendered":"<p>N\u00e1jomn\u00e1 zmluva Rotrend Zmluva o poskytnut\u00ed slu\u017eieb \u010d. 5\/2016 -K&amp;P AGENCY s.r.o. Dodatok k dohode &#8211; \u00daPSVaR N\u00e1jomn\u00e1 zmluva SPF Zmluva Timoti Zmluva o dielo &#8211; Ramstav Zmluva &#8211; Slovgram Zmluva Natur-Pack o zabezpe\u010den\u00ed syst\u00e9mu nakladania s odpadmi z obalov Zmluva \u00daV SR &#8211; n\u00e1rodnostn\u00e9 men\u0161iny Ukon\u010denie n\u00e1jomnej zmluvy &#8211; Rotrend Darovacia zmluva-MPRV SR Zmluva o n\u00e1jme nebytov\u00fdch priestorov Zmluva o dielo &#8211; Hapek Zmluva o n\u00e1jme nebytov\u00fdch priestorov &#8211; Hapek Zmluva o n\u00e1jme nebytov\u00fdch priestorov &#8211; Krok vpred, n&#8230;.<\/p>\n<p class=\"read-more\"><a class=\"btn btn-default\" href=\"https:\/\/roskovce.sk\/?page_id=362\"> Read More<span class=\"screen-reader-text\">  Read More<\/span><\/a><\/p>\n","protected":false},"author":1,"featured_media":0,"parent":11,"menu_order":0,"comment_status":"closed","ping_status":"closed","template":"","meta":{"footnotes":""},"class_list":["post-362","page","type-page","status-publish","hentry"],"_links":{"self":[{"href":"https:\/\/roskovce.sk\/index.php?rest_route=\/wp\/v2\/pages\/362","targetHints":{"allow":["GET"]}}],"collection":[{"href":"https:\/\/roskovce.sk\/index.php?rest_route=\/wp\/v2\/pages"}],"about":[{"href":"https:\/\/roskovce.sk\/index.php?rest_route=\/wp\/v2\/types\/page"}],"author":[{"embeddable":true,"href":"https:\/\/roskovce.sk\/index.php?rest_route=\/wp\/v2\/users\/1"}],"replies":[{"embeddable":true,"href":"https:\/\/roskovce.sk\/index.php?rest_route=%2Fwp%2Fv2%2Fcomments&post=362"}],"version-history":[{"count":26,"href":"https:\/\/roskovce.sk\/index.php?rest_route=\/wp\/v2\/pages\/362\/revisions"}],"predecessor-version":[{"id":622,"href":"https:\/\/roskovce.sk\/index.php?rest_route=\/wp\/v2\/pages\/362\/revisions\/622"}],"up":[{"embeddable":true,"href":"https:\/\/roskovce.sk\/index.php?rest_route=\/wp\/v2\/pages\/11"}],"wp:attachment":[{"href":"https:\/\/roskovce.sk\/index.php?rest_route=%2Fwp%2Fv2%2Fmedia&parent=362"}],"curies":[{"name":"wp","href":"https:\/\/api.w.org\/{rel}","templated":true}]}}