{"id":342,"date":"2016-01-08T14:23:56","date_gmt":"2016-01-08T12:23:56","guid":{"rendered":"http:\/\/roskovce.sk\/?page_id=342"},"modified":"2023-02-27T10:36:00","modified_gmt":"2023-02-27T08:36:00","slug":"oznamenia","status":"publish","type":"page","link":"https:\/\/roskovce.sk\/?page_id=342","title":{"rendered":"Ozn\u00e1menia"},"content":{"rendered":"\t\t<div data-elementor-type=\"wp-page\" data-elementor-id=\"342\" class=\"elementor elementor-342\">\n\t\t\t\t\t\t<section class=\"elementor-section elementor-top-section elementor-element elementor-element-6f6b8bd9 elementor-section-boxed elementor-section-height-default elementor-section-height-default\" data-id=\"6f6b8bd9\" data-element_type=\"section\" data-e-type=\"section\">\n\t\t\t\t\t\t<div class=\"elementor-container elementor-column-gap-default\">\n\t\t\t\t\t<div class=\"elementor-column elementor-col-100 elementor-top-column elementor-element elementor-element-38075c\" data-id=\"38075c\" data-element_type=\"column\" data-e-type=\"column\">\n\t\t\t<div class=\"elementor-widget-wrap elementor-element-populated\">\n\t\t\t\t\t\t<div class=\"elementor-element elementor-element-16cdd6a4 elementor-widget elementor-widget-text-editor\" data-id=\"16cdd6a4\" data-element_type=\"widget\" data-e-type=\"widget\" data-widget_type=\"text-editor.default\">\n\t\t\t\t<div class=\"elementor-widget-container\">\n\t\t\t\t\t\t\t\t\t<h5><\/h5>\n<p><a href=\"http:\/\/roskovce.sk\/wp-content\/uploads\/2023\/02\/2018_001.pdf\">AKTUALIZ\u00c1CIA ERADIKA\u010cN\u00c9HO PROGRAMU BESNOTY &#8211; USMERNENIE- DODATOK \u010c. 1<\/a><\/p>\n<p><a href=\"http:\/\/roskovce.sk\/?page_id=2365\">Ozn\u00e1menie funkci\u00ed, zamestnan\u00ed, \u010dinnost\u00ed a majetkov\u00fdch pomerov verejn\u00e9ho funkcion\u00e1ra<\/a><\/p>\n<p><a href=\"http:\/\/roskovce.sk\/wp-content\/uploads\/2020\/11\/Vyzva-2.pdf\">V\u00fdzva, zverejnen\u00e9 27.11.2020<\/a><\/p>\n<p><a href=\"http:\/\/roskovce.sk\/wp-content\/uploads\/2021\/01\/TS-Vyhlasenie.pdf\">TS Vyhl\u00e1senie<\/a><\/p>\n<p><a href=\"http:\/\/roskovce.sk\/wp-content\/uploads\/2020\/10\/Tla\u010dov\u00e1-spr\u00e1va-PSK-\u010d.-2.pdf\">Tla\u010dov\u00e1 spr\u00e1va PSK \u010d. 2<\/a><\/p>\n<p><a href=\"http:\/\/roskovce.sk\/wp-content\/uploads\/2020\/10\/Uznesenie-z-2.10.2020.pdf\">Uznesenie OZ z 2.10.2020, zverejnen\u00e9 5.10.2020<\/a><\/p>\n<p><a href=\"http:\/\/roskovce.sk\/wp-content\/uploads\/2020\/09\/Uznesenie-zo-d\u0148a-21.8.2020-zverejnen\u00e9-9.9.2020.pdf\">Uznesenie OZ z 21.8.2020, zverejnen\u00e9 9.9.2020<\/a><\/p>\n<p><a href=\"http:\/\/roskovce.sk\/wp-content\/uploads\/2020\/09\/Tla\u010dov\u00e1-spr\u00e1va-PSK.pdf\">Tla\u010dov\u00e1 spr\u00e1va PSK<\/a><\/p>\n<p><a href=\"http:\/\/roskovce.sk\/wp-content\/uploads\/2016\/01\/Ozn\u00e1menie-o-za\u010dati-vodopravn\u00e9ho-konania.pdf\">Ozn\u00e1menie o za\u010dat\u00ed vodopr\u00e1vneho konania<\/a><\/p>\n<p><a href=\"http:\/\/roskovce.sk\/wp-content\/uploads\/2016\/01\/Ozn\u00e1menie-o-za\u010dat\u00ed-spr\u00e1vneho-konania-a-upustenie-od-\u00fastn\u00e9ho-rok.pdf\">Ozn\u00e1menie o za\u010dat\u00ed spr\u00e1vneho konania a upustenie od \u00fastneho rokovania<\/a><\/p>\n<h5><\/h5>\n<h5><\/h5>\n<h5><\/h5>\n<h5><\/h5>\n<h5><\/h5>\n<h5><\/h5>\n<h5><\/h5>\n<h5>\u00a0<\/h5>\t\t\t\t\t\t\t\t<\/div>\n\t\t\t\t<\/div>\n\t\t\t\t\t<\/div>\n\t\t<\/div>\n\t\t\t\t\t<\/div>\n\t\t<\/section>\n\t\t\t\t<\/div>\n\t\t","protected":false},"excerpt":{"rendered":"<p>\u00a0<\/p>\n","protected":false},"author":1,"featured_media":0,"parent":0,"menu_order":0,"comment_status":"closed","ping_status":"closed","template":"","meta":{"footnotes":""},"class_list":["post-342","page","type-page","status-publish","hentry"],"_links":{"self":[{"href":"https:\/\/roskovce.sk\/index.php?rest_route=\/wp\/v2\/pages\/342","targetHints":{"allow":["GET"]}}],"collection":[{"href":"https:\/\/roskovce.sk\/index.php?rest_route=\/wp\/v2\/pages"}],"about":[{"href":"https:\/\/roskovce.sk\/index.php?rest_route=\/wp\/v2\/types\/page"}],"author":[{"embeddable":true,"href":"https:\/\/roskovce.sk\/index.php?rest_route=\/wp\/v2\/users\/1"}],"replies":[{"embeddable":true,"href":"https:\/\/roskovce.sk\/index.php?rest_route=%2Fwp%2Fv2%2Fcomments&post=342"}],"version-history":[{"count":32,"href":"https:\/\/roskovce.sk\/index.php?rest_route=\/wp\/v2\/pages\/342\/revisions"}],"predecessor-version":[{"id":2421,"href":"https:\/\/roskovce.sk\/index.php?rest_route=\/wp\/v2\/pages\/342\/revisions\/2421"}],"wp:attachment":[{"href":"https:\/\/roskovce.sk\/index.php?rest_route=%2Fwp%2Fv2%2Fmedia&parent=342"}],"curies":[{"name":"wp","href":"https:\/\/api.w.org\/{rel}","templated":true}]}}