{"id":3061,"date":"2025-05-30T19:33:09","date_gmt":"2025-05-30T17:33:09","guid":{"rendered":"http:\/\/roskovce.sk\/?page_id=3061"},"modified":"2026-03-27T21:59:24","modified_gmt":"2026-03-27T19:59:24","slug":"faktury-2025","status":"publish","type":"page","link":"https:\/\/roskovce.sk\/?page_id=3061","title":{"rendered":"Fakt\u00fary 2025"},"content":{"rendered":"\t\t<div data-elementor-type=\"wp-page\" data-elementor-id=\"3061\" class=\"elementor elementor-3061\">\n\t\t\t\t\t\t<section class=\"elementor-section elementor-top-section elementor-element elementor-element-da604b6 elementor-section-boxed elementor-section-height-default elementor-section-height-default\" data-id=\"da604b6\" data-element_type=\"section\" data-e-type=\"section\">\n\t\t\t\t\t\t<div class=\"elementor-container elementor-column-gap-default\">\n\t\t\t\t\t<div class=\"elementor-column elementor-col-100 elementor-top-column elementor-element elementor-element-25d1202\" data-id=\"25d1202\" data-element_type=\"column\" data-e-type=\"column\">\n\t\t\t<div class=\"elementor-widget-wrap elementor-element-populated\">\n\t\t\t\t\t\t<div class=\"elementor-element elementor-element-911e027 elementor-widget elementor-widget-text-editor\" data-id=\"911e027\" data-element_type=\"widget\" data-e-type=\"widget\" data-widget_type=\"text-editor.default\">\n\t\t\t\t<div class=\"elementor-widget-container\">\n\t\t\t\t\t\t\t\t\t<p><a href=\"http:\/\/roskovce.sk\/wp-content\/uploads\/2025\/08\/Kniha-zavazkov-2025.pdf\">Janu\u00e1r, Febru\u00e1r, Marec 2025<\/a><\/p><p><a href=\"http:\/\/roskovce.sk\/wp-content\/uploads\/2025\/08\/faktury-k-zverejneniu.pdf\">Apr\u00edl, M\u00e1j, J\u00fan 2025<\/a><\/p><p><a href=\"http:\/\/roskovce.sk\/wp-content\/uploads\/2025\/11\/3.Q-KNIHA-DF.pdf\">J\u00fal, August, September 2025<\/a><\/p><p><a href=\"https:\/\/roskovce.sk\/wp-content\/uploads\/2026\/03\/4.Q.pdf\">Okt\u00f3ber, November, December 2025<\/a><\/p>\t\t\t\t\t\t\t\t<\/div>\n\t\t\t\t<\/div>\n\t\t\t\t\t<\/div>\n\t\t<\/div>\n\t\t\t\t\t<\/div>\n\t\t<\/section>\n\t\t\t\t<\/div>\n\t\t","protected":false},"excerpt":{"rendered":"<p>Janu\u00e1r, Febru\u00e1r, Marec 2025 Apr\u00edl, M\u00e1j, J\u00fan 2025 J\u00fal, August, September 2025 Okt\u00f3ber, November, December 2025<\/p>\n","protected":false},"author":1,"featured_media":0,"parent":0,"menu_order":0,"comment_status":"closed","ping_status":"closed","template":"","meta":{"footnotes":""},"class_list":["post-3061","page","type-page","status-publish","hentry"],"_links":{"self":[{"href":"https:\/\/roskovce.sk\/index.php?rest_route=\/wp\/v2\/pages\/3061","targetHints":{"allow":["GET"]}}],"collection":[{"href":"https:\/\/roskovce.sk\/index.php?rest_route=\/wp\/v2\/pages"}],"about":[{"href":"https:\/\/roskovce.sk\/index.php?rest_route=\/wp\/v2\/types\/page"}],"author":[{"embeddable":true,"href":"https:\/\/roskovce.sk\/index.php?rest_route=\/wp\/v2\/users\/1"}],"replies":[{"embeddable":true,"href":"https:\/\/roskovce.sk\/index.php?rest_route=%2Fwp%2Fv2%2Fcomments&post=3061"}],"version-history":[{"count":13,"href":"https:\/\/roskovce.sk\/index.php?rest_route=\/wp\/v2\/pages\/3061\/revisions"}],"predecessor-version":[{"id":3132,"href":"https:\/\/roskovce.sk\/index.php?rest_route=\/wp\/v2\/pages\/3061\/revisions\/3132"}],"wp:attachment":[{"href":"https:\/\/roskovce.sk\/index.php?rest_route=%2Fwp%2Fv2%2Fmedia&parent=3061"}],"curies":[{"name":"wp","href":"https:\/\/api.w.org\/{rel}","templated":true}]}}