{"id":2899,"date":"2024-04-15T15:28:53","date_gmt":"2024-04-15T13:28:53","guid":{"rendered":"http:\/\/roskovce.sk\/?page_id=2899"},"modified":"2025-05-30T19:32:27","modified_gmt":"2025-05-30T17:32:27","slug":"faktury-2024","status":"publish","type":"page","link":"https:\/\/roskovce.sk\/?page_id=2899","title":{"rendered":"Fakt\u00fary 2024"},"content":{"rendered":"\t\t<div data-elementor-type=\"wp-page\" data-elementor-id=\"2899\" class=\"elementor elementor-2899\">\n\t\t\t\t\t\t<section class=\"elementor-section elementor-top-section elementor-element elementor-element-aff49b8 elementor-section-boxed elementor-section-height-default elementor-section-height-default\" data-id=\"aff49b8\" data-element_type=\"section\" data-e-type=\"section\">\n\t\t\t\t\t\t<div class=\"elementor-container elementor-column-gap-default\">\n\t\t\t\t\t<div class=\"elementor-column elementor-col-100 elementor-top-column elementor-element elementor-element-b91fcb7\" data-id=\"b91fcb7\" data-element_type=\"column\" data-e-type=\"column\">\n\t\t\t<div class=\"elementor-widget-wrap elementor-element-populated\">\n\t\t\t\t\t\t<div class=\"elementor-element elementor-element-3ef2a1b elementor-widget elementor-widget-text-editor\" data-id=\"3ef2a1b\" data-element_type=\"widget\" data-e-type=\"widget\" data-widget_type=\"text-editor.default\">\n\t\t\t\t<div class=\"elementor-widget-container\">\n\t\t\t\t\t\t\t\t\t<p><a href=\"http:\/\/roskovce.sk\/wp-content\/uploads\/2024\/04\/Kniha-zavazkov.pdf\">JANU\u00c1R, FEBRU\u00c1R, MAREC 2024<\/a><\/p><p><a href=\"http:\/\/roskovce.sk\/wp-content\/uploads\/2024\/10\/2.Q-2024.pdf\">APR\u00cdL, M\u00c1J, J\u00daN 2024<\/a><\/p><p><a href=\"http:\/\/roskovce.sk\/wp-content\/uploads\/2024\/10\/faktury.pdf\">J\u00daL, AUGUST, SEPTEMBER 2024<\/a><\/p><p><a href=\"http:\/\/roskovce.sk\/wp-content\/uploads\/2025\/05\/Kniha-zavazkov-2024.pdf\">OKT\u00d3BER, NOVEMBER, DECEMBER 2024<\/a><\/p>\t\t\t\t\t\t\t\t<\/div>\n\t\t\t\t<\/div>\n\t\t\t\t\t<\/div>\n\t\t<\/div>\n\t\t\t\t\t<\/div>\n\t\t<\/section>\n\t\t\t\t<\/div>\n\t\t","protected":false},"excerpt":{"rendered":"<p>JANU\u00c1R, FEBRU\u00c1R, MAREC 2024 APR\u00cdL, M\u00c1J, J\u00daN 2024 J\u00daL, AUGUST, SEPTEMBER 2024 OKT\u00d3BER, NOVEMBER, DECEMBER 2024<\/p>\n","protected":false},"author":1,"featured_media":0,"parent":0,"menu_order":0,"comment_status":"closed","ping_status":"closed","template":"","meta":{"footnotes":""},"class_list":["post-2899","page","type-page","status-publish","hentry"],"_links":{"self":[{"href":"https:\/\/roskovce.sk\/index.php?rest_route=\/wp\/v2\/pages\/2899","targetHints":{"allow":["GET"]}}],"collection":[{"href":"https:\/\/roskovce.sk\/index.php?rest_route=\/wp\/v2\/pages"}],"about":[{"href":"https:\/\/roskovce.sk\/index.php?rest_route=\/wp\/v2\/types\/page"}],"author":[{"embeddable":true,"href":"https:\/\/roskovce.sk\/index.php?rest_route=\/wp\/v2\/users\/1"}],"replies":[{"embeddable":true,"href":"https:\/\/roskovce.sk\/index.php?rest_route=%2Fwp%2Fv2%2Fcomments&post=2899"}],"version-history":[{"count":13,"href":"https:\/\/roskovce.sk\/index.php?rest_route=\/wp\/v2\/pages\/2899\/revisions"}],"predecessor-version":[{"id":3060,"href":"https:\/\/roskovce.sk\/index.php?rest_route=\/wp\/v2\/pages\/2899\/revisions\/3060"}],"wp:attachment":[{"href":"https:\/\/roskovce.sk\/index.php?rest_route=%2Fwp%2Fv2%2Fmedia&parent=2899"}],"curies":[{"name":"wp","href":"https:\/\/api.w.org\/{rel}","templated":true}]}}