{"id":2861,"date":"2024-02-12T14:10:18","date_gmt":"2024-02-12T12:10:18","guid":{"rendered":"http:\/\/roskovce.sk\/?page_id=2861"},"modified":"2024-02-27T12:38:43","modified_gmt":"2024-02-27T10:38:43","slug":"volby-do-europskeho-parlamentu","status":"publish","type":"page","link":"https:\/\/roskovce.sk\/?page_id=2861","title":{"rendered":"Vo\u013eby do Eur\u00f3pskeho parlamentu"},"content":{"rendered":"\t\t<div data-elementor-type=\"wp-page\" data-elementor-id=\"2861\" class=\"elementor elementor-2861\">\n\t\t\t\t\t\t<section class=\"elementor-section elementor-top-section elementor-element elementor-element-ad0a59c elementor-section-boxed elementor-section-height-default elementor-section-height-default\" data-id=\"ad0a59c\" data-element_type=\"section\" data-e-type=\"section\">\n\t\t\t\t\t\t<div class=\"elementor-container elementor-column-gap-default\">\n\t\t\t\t\t<div class=\"elementor-column elementor-col-100 elementor-top-column elementor-element elementor-element-7eb365a\" data-id=\"7eb365a\" data-element_type=\"column\" data-e-type=\"column\">\n\t\t\t<div class=\"elementor-widget-wrap elementor-element-populated\">\n\t\t\t\t\t\t<div class=\"elementor-element elementor-element-51f198d elementor-widget elementor-widget-text-editor\" data-id=\"51f198d\" data-element_type=\"widget\" data-e-type=\"widget\" data-widget_type=\"text-editor.default\">\n\t\t\t\t<div class=\"elementor-widget-container\">\n\t\t\t\t\t\t\t\t\t<p><a title=\"Inform\u00e1cia o podmienkach pr\u00e1va voli\u0165 a pr\u00e1va by\u0165 volen\u00fd - v slovenskom jazyku\" href=\"https:\/\/www.minv.sk\/swift_data\/source\/verejna_sprava\/volby_a_referendum\/120_ep\/ep24_1info\/WEP24_Info1sk.pdf\">Inform\u00e1cia o podmienkach pr\u00e1va voli\u0165 a pr\u00e1va by\u0165 volen\u00fd &#8211; v slovenskom jazyku<\/a><\/p><p><a title=\"Inform\u00e1cia o podmienkach pr\u00e1va voli\u0165 a pr\u00e1va by\u0165 volen\u00fd - v anglickom jazyku\" href=\"https:\/\/www.minv.sk\/swift_data\/source\/verejna_sprava\/volby_a_referendum\/120_ep\/ep24_1info\/WEP24_Info7en.pdf\">Inform\u00e1cia o podmienkach pr\u00e1va voli\u0165 a pr\u00e1va by\u0165 volen\u00fd &#8211; v anglickom jazyku<\/a><\/p><p><a title=\"Inform\u00e1cia o podmienkach pr\u00e1va voli\u0165 a pr\u00e1va by\u0165 volen\u00fd - v rus\u00ednskom jazyku\" href=\"https:\/\/www.minv.sk\/swift_data\/source\/verejna_sprava\/volby_a_referendum\/120_ep\/ep24_1info\/WEP24_Info4ru.pdf\">Inform\u00e1cia o podmienkach pr\u00e1va voli\u0165 a pr\u00e1va by\u0165 volen\u00fd &#8211; v rus\u00ednskom jazyku<\/a><\/p><p><a href=\"http:\/\/roskovce.sk\/wp-content\/uploads\/2024\/02\/Menovanie-zapisovatela.pdf\">Menovanie zapisovate\u013ea<\/a><\/p><p><a href=\"http:\/\/roskovce.sk\/wp-content\/uploads\/2024\/02\/Oznamenie-adresy-dorucovania.pdf\">Ozn\u00e1menie o zverejnen\u00ed adresy na doru\u010dovanie<\/a><\/p><p><a href=\"http:\/\/roskovce.sk\/wp-content\/uploads\/2024\/02\/Informacia-o-vytvoreni-volebneho-okrsku.pdf\">Inform\u00e1cia o vytvoren\u00ed volebn\u00e9ho okrsku<\/a><\/p>\t\t\t\t\t\t\t\t<\/div>\n\t\t\t\t<\/div>\n\t\t\t\t\t<\/div>\n\t\t<\/div>\n\t\t\t\t\t<\/div>\n\t\t<\/section>\n\t\t\t\t<\/div>\n\t\t","protected":false},"excerpt":{"rendered":"<p>Inform\u00e1cia o podmienkach pr\u00e1va voli\u0165 a pr\u00e1va by\u0165 volen\u00fd &#8211; v slovenskom jazyku Inform\u00e1cia o podmienkach pr\u00e1va voli\u0165 a pr\u00e1va by\u0165 volen\u00fd &#8211; v anglickom jazyku Inform\u00e1cia o podmienkach pr\u00e1va voli\u0165 a pr\u00e1va by\u0165 volen\u00fd &#8211; v rus\u00ednskom jazyku Menovanie zapisovate\u013ea Ozn\u00e1menie o zverejnen\u00ed adresy na doru\u010dovanie Inform\u00e1cia o vytvoren\u00ed volebn\u00e9ho okrsku<\/p>\n","protected":false},"author":1,"featured_media":0,"parent":0,"menu_order":0,"comment_status":"closed","ping_status":"closed","template":"","meta":{"footnotes":""},"class_list":["post-2861","page","type-page","status-publish","hentry"],"_links":{"self":[{"href":"https:\/\/roskovce.sk\/index.php?rest_route=\/wp\/v2\/pages\/2861","targetHints":{"allow":["GET"]}}],"collection":[{"href":"https:\/\/roskovce.sk\/index.php?rest_route=\/wp\/v2\/pages"}],"about":[{"href":"https:\/\/roskovce.sk\/index.php?rest_route=\/wp\/v2\/types\/page"}],"author":[{"embeddable":true,"href":"https:\/\/roskovce.sk\/index.php?rest_route=\/wp\/v2\/users\/1"}],"replies":[{"embeddable":true,"href":"https:\/\/roskovce.sk\/index.php?rest_route=%2Fwp%2Fv2%2Fcomments&post=2861"}],"version-history":[{"count":7,"href":"https:\/\/roskovce.sk\/index.php?rest_route=\/wp\/v2\/pages\/2861\/revisions"}],"predecessor-version":[{"id":2887,"href":"https:\/\/roskovce.sk\/index.php?rest_route=\/wp\/v2\/pages\/2861\/revisions\/2887"}],"wp:attachment":[{"href":"https:\/\/roskovce.sk\/index.php?rest_route=%2Fwp%2Fv2%2Fmedia&parent=2861"}],"curies":[{"name":"wp","href":"https:\/\/api.w.org\/{rel}","templated":true}]}}