{"id":2830,"date":"2024-01-16T14:31:20","date_gmt":"2024-01-16T12:31:20","guid":{"rendered":"http:\/\/roskovce.sk\/?page_id=2830"},"modified":"2024-04-09T10:20:54","modified_gmt":"2024-04-09T08:20:54","slug":"volby-prezidenta-slovenskej-republiky-2024","status":"publish","type":"page","link":"https:\/\/roskovce.sk\/?page_id=2830","title":{"rendered":"Vo\u013eby prezidenta Slovenskej republiky 2024"},"content":{"rendered":"\t\t<div data-elementor-type=\"wp-page\" data-elementor-id=\"2830\" class=\"elementor elementor-2830\">\n\t\t\t\t\t\t<section class=\"elementor-section elementor-top-section elementor-element elementor-element-25b1167 elementor-section-boxed elementor-section-height-default elementor-section-height-default\" data-id=\"25b1167\" data-element_type=\"section\" data-e-type=\"section\">\n\t\t\t\t\t\t<div class=\"elementor-container elementor-column-gap-default\">\n\t\t\t\t\t<div class=\"elementor-column elementor-col-100 elementor-top-column elementor-element elementor-element-e899962\" data-id=\"e899962\" data-element_type=\"column\" data-e-type=\"column\">\n\t\t\t<div class=\"elementor-widget-wrap elementor-element-populated\">\n\t\t\t\t\t\t<div class=\"elementor-element elementor-element-0c24c0b elementor-widget elementor-widget-text-editor\" data-id=\"0c24c0b\" data-element_type=\"widget\" data-e-type=\"widget\" data-widget_type=\"text-editor.default\">\n\t\t\t\t<div class=\"elementor-widget-container\">\n\t\t\t\t\t\t\t\t\t<p><a href=\"http:\/\/roskovce.sk\/wp-content\/uploads\/2024\/04\/Okrskova-zapisnica-pre-volbu-prezidenta.pdf\">Z\u00e1pisnica OVK<\/a> 2.kolo<\/p><p><a href=\"http:\/\/roskovce.sk\/wp-content\/uploads\/2024\/03\/zapisnica.pdf\">Z\u00e1pisnica OVK 1.kolo<\/a><\/p><p><a href=\"http:\/\/roskovce.sk\/wp-content\/uploads\/2024\/01\/Volby-2024.pdf\">Vyhl\u00e1senie volieb<\/a><\/p><p><a href=\"http:\/\/roskovce.sk\/wp-content\/uploads\/2024\/01\/Pravo-volit-a-byt-voleny.pdf\">Pr\u00e1vo voli\u0165 a by\u0165 volen\u00fd<\/a><\/p><p><a title=\"Inform\u00e1cia pre voli\u010da s trval\u00fdm pobytom na \u00fazem\u00ed Slovenskej republiky \" href=\"http:\/\/roskovce.sk\/wp-content\/uploads\/2024\/01\/volby.pdf\">Inform\u00e1cia pre voli\u010da s\u00a0trval\u00fdm pobytom na \u00fazem\u00ed Slovenskej republiky<\/a><\/p><p><a href=\"http:\/\/roskovce.sk\/wp-content\/uploads\/2024\/01\/Oznamenie-adresy-dorucovania.pdf\">Ozn\u00e1menie o zverejnen\u00ed adresy na doru\u010dovanie<\/a><\/p><p><a href=\"http:\/\/roskovce.sk\/wp-content\/uploads\/2024\/01\/Menovanie-zapisovatela-1.pdf\">Menovania zapisovate\u013ea<\/a><\/p><p><a href=\"http:\/\/roskovce.sk\/wp-content\/uploads\/2024\/01\/Informacia-o-vytvoreni-volebneho-okrsku.pdf\">Inform\u00e1cia o vytvoren\u00ed volebn\u00e9ho okrsku<\/a><\/p><p><a href=\"http:\/\/roskovce.sk\/wp-content\/uploads\/2024\/02\/P24_0Kandidati1.pdf\">KANDID\u00c1TI PRE VO\u013dBY PREZIDENTA SLOVENSKEJ REPUBLIKY<\/a><\/p>\t\t\t\t\t\t\t\t<\/div>\n\t\t\t\t<\/div>\n\t\t\t\t\t<\/div>\n\t\t<\/div>\n\t\t\t\t\t<\/div>\n\t\t<\/section>\n\t\t\t\t<\/div>\n\t\t","protected":false},"excerpt":{"rendered":"<p>Z\u00e1pisnica OVK 2.kolo Z\u00e1pisnica OVK 1.kolo Vyhl\u00e1senie volieb Pr\u00e1vo voli\u0165 a by\u0165 volen\u00fd Inform\u00e1cia pre voli\u010da s\u00a0trval\u00fdm pobytom na \u00fazem\u00ed Slovenskej republiky Ozn\u00e1menie o zverejnen\u00ed adresy na doru\u010dovanie Menovania zapisovate\u013ea Inform\u00e1cia o vytvoren\u00ed volebn\u00e9ho okrsku KANDID\u00c1TI PRE VO\u013dBY PREZIDENTA SLOVENSKEJ REPUBLIKY<\/p>\n","protected":false},"author":1,"featured_media":0,"parent":0,"menu_order":0,"comment_status":"closed","ping_status":"closed","template":"","meta":{"footnotes":""},"class_list":["post-2830","page","type-page","status-publish","hentry"],"_links":{"self":[{"href":"https:\/\/roskovce.sk\/index.php?rest_route=\/wp\/v2\/pages\/2830","targetHints":{"allow":["GET"]}}],"collection":[{"href":"https:\/\/roskovce.sk\/index.php?rest_route=\/wp\/v2\/pages"}],"about":[{"href":"https:\/\/roskovce.sk\/index.php?rest_route=\/wp\/v2\/types\/page"}],"author":[{"embeddable":true,"href":"https:\/\/roskovce.sk\/index.php?rest_route=\/wp\/v2\/users\/1"}],"replies":[{"embeddable":true,"href":"https:\/\/roskovce.sk\/index.php?rest_route=%2Fwp%2Fv2%2Fcomments&post=2830"}],"version-history":[{"count":26,"href":"https:\/\/roskovce.sk\/index.php?rest_route=\/wp\/v2\/pages\/2830\/revisions"}],"predecessor-version":[{"id":2897,"href":"https:\/\/roskovce.sk\/index.php?rest_route=\/wp\/v2\/pages\/2830\/revisions\/2897"}],"wp:attachment":[{"href":"https:\/\/roskovce.sk\/index.php?rest_route=%2Fwp%2Fv2%2Fmedia&parent=2830"}],"curies":[{"name":"wp","href":"https:\/\/api.w.org\/{rel}","templated":true}]}}