{"id":2488,"date":"2023-06-22T22:07:30","date_gmt":"2023-06-22T20:07:30","guid":{"rendered":"http:\/\/roskovce.sk\/?page_id=2488"},"modified":"2023-06-24T15:00:09","modified_gmt":"2023-06-24T13:00:09","slug":"volby-hlavneho-kontrolora","status":"publish","type":"page","link":"https:\/\/roskovce.sk\/?page_id=2488","title":{"rendered":"Vo\u013eby hlavn\u00e9ho kontrol\u00f3ra"},"content":{"rendered":"\t\t<div data-elementor-type=\"wp-page\" data-elementor-id=\"2488\" class=\"elementor elementor-2488\">\n\t\t\t\t\t\t<section class=\"elementor-section elementor-top-section elementor-element elementor-element-2ff4161 elementor-section-boxed elementor-section-height-default elementor-section-height-default\" data-id=\"2ff4161\" data-element_type=\"section\" data-e-type=\"section\">\n\t\t\t\t\t\t<div class=\"elementor-container elementor-column-gap-default\">\n\t\t\t\t\t<div class=\"elementor-column elementor-col-100 elementor-top-column elementor-element elementor-element-0c3ac6a\" data-id=\"0c3ac6a\" data-element_type=\"column\" data-e-type=\"column\">\n\t\t\t<div class=\"elementor-widget-wrap elementor-element-populated\">\n\t\t\t\t\t\t<div class=\"elementor-element elementor-element-9467354 elementor-widget elementor-widget-text-editor\" data-id=\"9467354\" data-element_type=\"widget\" data-e-type=\"widget\" data-widget_type=\"text-editor.default\">\n\t\t\t\t<div class=\"elementor-widget-container\">\n\t\t\t\t\t\t\t\t\t<p style=\"text-align: center;\"><strong>Obecn\u00e9 zastupite\u013estvo v Ro\u0161kovciach<\/strong><\/p><p style=\"text-align: center;\"><strong>o z n a m u j e<\/strong><\/p><p>v zmysle \u00a7 18 a nasl. z\u00e1kona Slovenskej n\u00e1rodnej rady \u010d. 369\/1990 Zb. o obecnom zriaden\u00ed v znen\u00ed neskor\u0161\u00edch predpisov podmienky na obsadenie pracovnej poz\u00edcie hlavn\u00e9ho kontrol\u00f3ra Obce Ro\u0161kovce<\/p><p><strong>1. Predpoklady na v\u00fdkon funkcie:<\/strong><\/p><p>&#8211; ukon\u010den\u00e9 minim\u00e1lne \u00faplne stredn\u00e9 vzdelanie<br \/>&#8211; bez\u00fahonnos\u0165<br \/>&#8211; odborn\u00e1 prax v danej oblasti<br \/>&#8211; \u00fav\u00e4zok: 8 hod\u00edn mesa\u010dne<br \/>&#8211; hlavn\u00fd kontrol\u00f3r m\u00f4\u017ee vykon\u00e1va\u0165 kontroln\u00fa \u010dinnos\u0165 pre viacer\u00e9 obce<\/p><p><strong>2. Zoznam po\u017eadovan\u00fdch dokladov a list\u00edn:<\/strong><\/p><p>&#8211; prihl\u00e1\u0161ka na obsadenie funkcie hlavn\u00e9ho kontrol\u00f3ra<br \/>&#8211; doklad o najvy\u0161\u0161om dosiahnutom vzdelan\u00ed \u2013 overen\u00e1 k\u00f3pia<br \/>&#8211; profesijn\u00fd \u017eivotopis v slovenskom jazyku s preh\u013eadom doteraj\u0161ej pracovnej praxe<br \/>&#8211; v\u00fdpis z registra trestov nie star\u0161\u00ed ako 3 mesiace<br \/>&#8211; p\u00edsomn\u00fd s\u00fahlas uch\u00e1dza\u010da so sprac\u00favan\u00edm osobn\u00fdch \u00fadajov v zmysle z\u00e1kona \u010d.\u00a0 18\/2018 Z.z. o ochrane osobn\u00fdch \u00fadajov a o zmene a doplnen\u00ed niektor\u00fdch z\u00e1konov za \u00fa\u010delom vykonania vo\u013eby v zastupite\u013estve<\/p><p>\u00a0<\/p><p>Uz\u00e1vierka prihl\u00e1\u0161ok je d\u0148a <strong>04. 08. 2023 do 15:00 hod.<\/strong><\/p><p>\u00a0<\/p><p><strong>Prihl\u00e1\u0161ky je potrebn\u00e9 adresova\u0165 na :<\/strong><\/p><p>Obec Ro\u0161kovce, Ro\u0161kovce 49, 067 02 \u010cabiny<\/p><p>alebo odovzda\u0165 osobne v kancel\u00e1rii starostu obce v zape\u010datenej ob\u00e1lke s ozna\u010den\u00edm<br \/><strong>\u201e VO\u013dBA HLAVN\u00c9HO KONTROL\u00d3RA \u2013 NEOTV\u00c1RA\u0164!\u201c<\/strong><\/p><p>\u00a0<\/p><p>V Ro\u0161kovciach d\u0148a 20.06.2023<\/p><p>Vyvesen\u00e9 na \u00faradnej tabuli Obce Ro\u0161kovce d\u0148a 21.06.2023<\/p>\t\t\t\t\t\t\t\t<\/div>\n\t\t\t\t<\/div>\n\t\t\t\t\t<\/div>\n\t\t<\/div>\n\t\t\t\t\t<\/div>\n\t\t<\/section>\n\t\t\t\t<\/div>\n\t\t","protected":false},"excerpt":{"rendered":"<p>Obecn\u00e9 zastupite\u013estvo v Ro\u0161kovciach o z n a m u j e v zmysle \u00a7 18 a nasl. z\u00e1kona Slovenskej n\u00e1rodnej rady \u010d. 369\/1990 Zb. o obecnom zriaden\u00ed v znen\u00ed neskor\u0161\u00edch predpisov podmienky na obsadenie pracovnej poz\u00edcie hlavn\u00e9ho kontrol\u00f3ra Obce Ro\u0161kovce 1. Predpoklady na v\u00fdkon funkcie: &#8211; ukon\u010den\u00e9 minim\u00e1lne \u00faplne stredn\u00e9 vzdelanie&#8211; bez\u00fahonnos\u0165&#8211; odborn\u00e1 prax v danej oblasti&#8211; \u00fav\u00e4zok: 8 hod\u00edn mesa\u010dne&#8211; hlavn\u00fd kontrol\u00f3r m\u00f4\u017ee vykon\u00e1va\u0165 kontroln\u00fa \u010dinnos\u0165 pre viacer\u00e9 obce 2. Zoznam po\u017eadovan\u00fdch dokladov a list\u00edn: &#8211; prihl\u00e1\u0161ka na&#8230;<\/p>\n<p class=\"read-more\"><a class=\"btn btn-default\" href=\"https:\/\/roskovce.sk\/?page_id=2488\"> Read More<span class=\"screen-reader-text\">  Read More<\/span><\/a><\/p>\n","protected":false},"author":1,"featured_media":0,"parent":0,"menu_order":0,"comment_status":"closed","ping_status":"closed","template":"","meta":{"footnotes":""},"class_list":["post-2488","page","type-page","status-publish","hentry"],"_links":{"self":[{"href":"https:\/\/roskovce.sk\/index.php?rest_route=\/wp\/v2\/pages\/2488","targetHints":{"allow":["GET"]}}],"collection":[{"href":"https:\/\/roskovce.sk\/index.php?rest_route=\/wp\/v2\/pages"}],"about":[{"href":"https:\/\/roskovce.sk\/index.php?rest_route=\/wp\/v2\/types\/page"}],"author":[{"embeddable":true,"href":"https:\/\/roskovce.sk\/index.php?rest_route=\/wp\/v2\/users\/1"}],"replies":[{"embeddable":true,"href":"https:\/\/roskovce.sk\/index.php?rest_route=%2Fwp%2Fv2%2Fcomments&post=2488"}],"version-history":[{"count":10,"href":"https:\/\/roskovce.sk\/index.php?rest_route=\/wp\/v2\/pages\/2488\/revisions"}],"predecessor-version":[{"id":2541,"href":"https:\/\/roskovce.sk\/index.php?rest_route=\/wp\/v2\/pages\/2488\/revisions\/2541"}],"wp:attachment":[{"href":"https:\/\/roskovce.sk\/index.php?rest_route=%2Fwp%2Fv2%2Fmedia&parent=2488"}],"curies":[{"name":"wp","href":"https:\/\/api.w.org\/{rel}","templated":true}]}}