{"id":2435,"date":"2023-04-23T10:37:59","date_gmt":"2023-04-23T08:37:59","guid":{"rendered":"http:\/\/roskovce.sk\/?page_id=2435"},"modified":"2023-07-27T09:04:59","modified_gmt":"2023-07-27T07:04:59","slug":"ping-pong-2023","status":"publish","type":"page","link":"https:\/\/roskovce.sk\/?page_id=2435","title":{"rendered":"De\u0148 obce a 30. v\u00fdro\u010die PZ Sv. Hubert"},"content":{"rendered":"\t\t<div data-elementor-type=\"wp-page\" data-elementor-id=\"2435\" class=\"elementor elementor-2435\">\n\t\t\t\t\t\t<section class=\"elementor-section elementor-top-section elementor-element elementor-element-f3ca1a3 elementor-section-boxed elementor-section-height-default elementor-section-height-default\" data-id=\"f3ca1a3\" data-element_type=\"section\" data-e-type=\"section\">\n\t\t\t\t\t\t<div class=\"elementor-container elementor-column-gap-default\">\n\t\t\t\t\t<div class=\"elementor-column elementor-col-100 elementor-top-column elementor-element elementor-element-b63d3a0\" data-id=\"b63d3a0\" data-element_type=\"column\" data-e-type=\"column\">\n\t\t\t<div class=\"elementor-widget-wrap elementor-element-populated\">\n\t\t\t\t\t\t<div class=\"elementor-element elementor-element-19bd02e elementor-widget elementor-widget-image-gallery\" data-id=\"19bd02e\" data-element_type=\"widget\" data-e-type=\"widget\" data-widget_type=\"image-gallery.default\">\n\t\t\t\t<div class=\"elementor-widget-container\">\n\t\t\t\t\t\t\t<div class=\"elementor-image-gallery\">\n\t\t\t<div id='gallery-1' class='gallery galleryid-2435 gallery-columns-3 gallery-size-thumbnail'><figure class='gallery-item'>\n\t\t\t<div class='gallery-icon landscape'>\n\t\t\t\t<a data-elementor-open-lightbox=\"yes\" data-elementor-lightbox-slideshow=\"19bd02e\" data-elementor-lightbox-title=\"IMG_9323\" data-e-action-hash=\"#elementor-action%3Aaction%3Dlightbox%26settings%3DeyJpZCI6MjY0NSwidXJsIjoiaHR0cHM6XC9cL3Jvc2tvdmNlLnNrXC93cC1jb250ZW50XC91cGxvYWRzXC8yMDIzXC8wN1wvSU1HXzkzMjMtc2NhbGVkLmpwZyIsInNsaWRlc2hvdyI6IjE5YmQwMmUifQ%3D%3D\" href='https:\/\/roskovce.sk\/wp-content\/uploads\/2023\/07\/IMG_9323-scaled.jpg'><img decoding=\"async\" width=\"150\" height=\"150\" src=\"https:\/\/roskovce.sk\/wp-content\/uploads\/2023\/07\/IMG_9323-150x150.jpg\" class=\"attachment-thumbnail size-thumbnail\" alt=\"\" \/><\/a>\n\t\t\t<\/div><\/figure><figure class='gallery-item'>\n\t\t\t<div class='gallery-icon portrait'>\n\t\t\t\t<a data-elementor-open-lightbox=\"yes\" data-elementor-lightbox-slideshow=\"19bd02e\" data-elementor-lightbox-title=\"IMG_9326\" data-e-action-hash=\"#elementor-action%3Aaction%3Dlightbox%26settings%3DeyJpZCI6MjY0NiwidXJsIjoiaHR0cHM6XC9cL3Jvc2tvdmNlLnNrXC93cC1jb250ZW50XC91cGxvYWRzXC8yMDIzXC8wN1wvSU1HXzkzMjYtc2NhbGVkLmpwZyIsInNsaWRlc2hvdyI6IjE5YmQwMmUifQ%3D%3D\" href='https:\/\/roskovce.sk\/wp-content\/uploads\/2023\/07\/IMG_9326-scaled.jpg'><img decoding=\"async\" width=\"150\" height=\"150\" src=\"https:\/\/roskovce.sk\/wp-content\/uploads\/2023\/07\/IMG_9326-150x150.jpg\" class=\"attachment-thumbnail size-thumbnail\" alt=\"\" \/><\/a>\n\t\t\t<\/div><\/figure><figure class='gallery-item'>\n\t\t\t<div class='gallery-icon landscape'>\n\t\t\t\t<a data-elementor-open-lightbox=\"yes\" data-elementor-lightbox-slideshow=\"19bd02e\" data-elementor-lightbox-title=\"IMG_9329\" data-e-action-hash=\"#elementor-action%3Aaction%3Dlightbox%26settings%3DeyJpZCI6MjY0NywidXJsIjoiaHR0cHM6XC9cL3Jvc2tvdmNlLnNrXC93cC1jb250ZW50XC91cGxvYWRzXC8yMDIzXC8wN1wvSU1HXzkzMjktc2NhbGVkLmpwZyIsInNsaWRlc2hvdyI6IjE5YmQwMmUifQ%3D%3D\" href='https:\/\/roskovce.sk\/wp-content\/uploads\/2023\/07\/IMG_9329-scaled.jpg'><img decoding=\"async\" width=\"150\" height=\"150\" src=\"https:\/\/roskovce.sk\/wp-content\/uploads\/2023\/07\/IMG_9329-150x150.jpg\" class=\"attachment-thumbnail size-thumbnail\" alt=\"\" \/><\/a>\n\t\t\t<\/div><\/figure><figure class='gallery-item'>\n\t\t\t<div class='gallery-icon portrait'>\n\t\t\t\t<a data-elementor-open-lightbox=\"yes\" data-elementor-lightbox-slideshow=\"19bd02e\" data-elementor-lightbox-title=\"IMG_9339\" data-e-action-hash=\"#elementor-action%3Aaction%3Dlightbox%26settings%3DeyJpZCI6MjY0OSwidXJsIjoiaHR0cHM6XC9cL3Jvc2tvdmNlLnNrXC93cC1jb250ZW50XC91cGxvYWRzXC8yMDIzXC8wN1wvSU1HXzkzMzktc2NhbGVkLmpwZyIsInNsaWRlc2hvdyI6IjE5YmQwMmUifQ%3D%3D\" href='https:\/\/roskovce.sk\/wp-content\/uploads\/2023\/07\/IMG_9339-scaled.jpg'><img loading=\"lazy\" decoding=\"async\" width=\"150\" height=\"150\" src=\"https:\/\/roskovce.sk\/wp-content\/uploads\/2023\/07\/IMG_9339-150x150.jpg\" class=\"attachment-thumbnail size-thumbnail\" alt=\"\" \/><\/a>\n\t\t\t<\/div><\/figure><figure class='gallery-item'>\n\t\t\t<div class='gallery-icon portrait'>\n\t\t\t\t<a data-elementor-open-lightbox=\"yes\" data-elementor-lightbox-slideshow=\"19bd02e\" data-elementor-lightbox-title=\"IMG_9344\" data-e-action-hash=\"#elementor-action%3Aaction%3Dlightbox%26settings%3DeyJpZCI6MjY1MCwidXJsIjoiaHR0cHM6XC9cL3Jvc2tvdmNlLnNrXC93cC1jb250ZW50XC91cGxvYWRzXC8yMDIzXC8wN1wvSU1HXzkzNDQtc2NhbGVkLmpwZyIsInNsaWRlc2hvdyI6IjE5YmQwMmUifQ%3D%3D\" href='https:\/\/roskovce.sk\/wp-content\/uploads\/2023\/07\/IMG_9344-scaled.jpg'><img loading=\"lazy\" decoding=\"async\" width=\"150\" height=\"150\" src=\"https:\/\/roskovce.sk\/wp-content\/uploads\/2023\/07\/IMG_9344-150x150.jpg\" class=\"attachment-thumbnail size-thumbnail\" alt=\"\" \/><\/a>\n\t\t\t<\/div><\/figure><figure class='gallery-item'>\n\t\t\t<div class='gallery-icon landscape'>\n\t\t\t\t<a data-elementor-open-lightbox=\"yes\" data-elementor-lightbox-slideshow=\"19bd02e\" data-elementor-lightbox-title=\"IMG_9347\" data-e-action-hash=\"#elementor-action%3Aaction%3Dlightbox%26settings%3DeyJpZCI6MjY1MSwidXJsIjoiaHR0cHM6XC9cL3Jvc2tvdmNlLnNrXC93cC1jb250ZW50XC91cGxvYWRzXC8yMDIzXC8wN1wvSU1HXzkzNDctc2NhbGVkLmpwZyIsInNsaWRlc2hvdyI6IjE5YmQwMmUifQ%3D%3D\" href='https:\/\/roskovce.sk\/wp-content\/uploads\/2023\/07\/IMG_9347-scaled.jpg'><img loading=\"lazy\" decoding=\"async\" width=\"150\" height=\"150\" src=\"https:\/\/roskovce.sk\/wp-content\/uploads\/2023\/07\/IMG_9347-150x150.jpg\" class=\"attachment-thumbnail size-thumbnail\" alt=\"\" \/><\/a>\n\t\t\t<\/div><\/figure><figure class='gallery-item'>\n\t\t\t<div class='gallery-icon landscape'>\n\t\t\t\t<a data-elementor-open-lightbox=\"yes\" data-elementor-lightbox-slideshow=\"19bd02e\" data-elementor-lightbox-title=\"image1\" data-e-action-hash=\"#elementor-action%3Aaction%3Dlightbox%26settings%3DeyJpZCI6MjY1OCwidXJsIjoiaHR0cHM6XC9cL3Jvc2tvdmNlLnNrXC93cC1jb250ZW50XC91cGxvYWRzXC8yMDIzXC8wN1wvaW1hZ2UxLmpwZWciLCJzbGlkZXNob3ciOiIxOWJkMDJlIn0%3D\" href='https:\/\/roskovce.sk\/wp-content\/uploads\/2023\/07\/image1.jpeg'><img loading=\"lazy\" decoding=\"async\" width=\"150\" height=\"150\" src=\"https:\/\/roskovce.sk\/wp-content\/uploads\/2023\/07\/image1-150x150.jpeg\" class=\"attachment-thumbnail size-thumbnail\" alt=\"\" \/><\/a>\n\t\t\t<\/div><\/figure><figure class='gallery-item'>\n\t\t\t<div class='gallery-icon landscape'>\n\t\t\t\t<a data-elementor-open-lightbox=\"yes\" data-elementor-lightbox-slideshow=\"19bd02e\" data-elementor-lightbox-title=\"IMG_9354\" data-e-action-hash=\"#elementor-action%3Aaction%3Dlightbox%26settings%3DeyJpZCI6MjY1MiwidXJsIjoiaHR0cHM6XC9cL3Jvc2tvdmNlLnNrXC93cC1jb250ZW50XC91cGxvYWRzXC8yMDIzXC8wN1wvSU1HXzkzNTQtc2NhbGVkLmpwZyIsInNsaWRlc2hvdyI6IjE5YmQwMmUifQ%3D%3D\" href='https:\/\/roskovce.sk\/wp-content\/uploads\/2023\/07\/IMG_9354-scaled.jpg'><img loading=\"lazy\" decoding=\"async\" width=\"150\" height=\"150\" src=\"https:\/\/roskovce.sk\/wp-content\/uploads\/2023\/07\/IMG_9354-150x150.jpg\" class=\"attachment-thumbnail size-thumbnail\" alt=\"\" \/><\/a>\n\t\t\t<\/div><\/figure><figure class='gallery-item'>\n\t\t\t<div class='gallery-icon landscape'>\n\t\t\t\t<a data-elementor-open-lightbox=\"yes\" data-elementor-lightbox-slideshow=\"19bd02e\" data-elementor-lightbox-title=\"IMG_9358\" data-e-action-hash=\"#elementor-action%3Aaction%3Dlightbox%26settings%3DeyJpZCI6MjY1MywidXJsIjoiaHR0cHM6XC9cL3Jvc2tvdmNlLnNrXC93cC1jb250ZW50XC91cGxvYWRzXC8yMDIzXC8wN1wvSU1HXzkzNTgtc2NhbGVkLmpwZyIsInNsaWRlc2hvdyI6IjE5YmQwMmUifQ%3D%3D\" href='https:\/\/roskovce.sk\/wp-content\/uploads\/2023\/07\/IMG_9358-scaled.jpg'><img loading=\"lazy\" decoding=\"async\" width=\"150\" height=\"150\" src=\"https:\/\/roskovce.sk\/wp-content\/uploads\/2023\/07\/IMG_9358-150x150.jpg\" class=\"attachment-thumbnail size-thumbnail\" alt=\"\" \/><\/a>\n\t\t\t<\/div><\/figure><figure class='gallery-item'>\n\t\t\t<div class='gallery-icon portrait'>\n\t\t\t\t<a data-elementor-open-lightbox=\"yes\" data-elementor-lightbox-slideshow=\"19bd02e\" data-elementor-lightbox-title=\"image4\" data-e-action-hash=\"#elementor-action%3Aaction%3Dlightbox%26settings%3DeyJpZCI6MjY2MSwidXJsIjoiaHR0cHM6XC9cL3Jvc2tvdmNlLnNrXC93cC1jb250ZW50XC91cGxvYWRzXC8yMDIzXC8wN1wvaW1hZ2U0LmpwZWciLCJzbGlkZXNob3ciOiIxOWJkMDJlIn0%3D\" href='https:\/\/roskovce.sk\/wp-content\/uploads\/2023\/07\/image4.jpeg'><img loading=\"lazy\" decoding=\"async\" width=\"150\" height=\"150\" src=\"https:\/\/roskovce.sk\/wp-content\/uploads\/2023\/07\/image4-150x150.jpeg\" class=\"attachment-thumbnail size-thumbnail\" alt=\"\" \/><\/a>\n\t\t\t<\/div><\/figure><figure class='gallery-item'>\n\t\t\t<div class='gallery-icon landscape'>\n\t\t\t\t<a data-elementor-open-lightbox=\"yes\" data-elementor-lightbox-slideshow=\"19bd02e\" data-elementor-lightbox-title=\"image5\" data-e-action-hash=\"#elementor-action%3Aaction%3Dlightbox%26settings%3DeyJpZCI6MjY2MiwidXJsIjoiaHR0cHM6XC9cL3Jvc2tvdmNlLnNrXC93cC1jb250ZW50XC91cGxvYWRzXC8yMDIzXC8wN1wvaW1hZ2U1LmpwZWciLCJzbGlkZXNob3ciOiIxOWJkMDJlIn0%3D\" href='https:\/\/roskovce.sk\/wp-content\/uploads\/2023\/07\/image5.jpeg'><img loading=\"lazy\" decoding=\"async\" width=\"150\" height=\"150\" src=\"https:\/\/roskovce.sk\/wp-content\/uploads\/2023\/07\/image5-150x150.jpeg\" class=\"attachment-thumbnail size-thumbnail\" alt=\"\" \/><\/a>\n\t\t\t<\/div><\/figure><figure class='gallery-item'>\n\t\t\t<div class='gallery-icon landscape'>\n\t\t\t\t<a data-elementor-open-lightbox=\"yes\" data-elementor-lightbox-slideshow=\"19bd02e\" data-elementor-lightbox-title=\"IMG_9494 (1)\" data-e-action-hash=\"#elementor-action%3Aaction%3Dlightbox%26settings%3DeyJpZCI6MjY2NywidXJsIjoiaHR0cHM6XC9cL3Jvc2tvdmNlLnNrXC93cC1jb250ZW50XC91cGxvYWRzXC8yMDIzXC8wN1wvSU1HXzk0OTQtMS5qcGciLCJzbGlkZXNob3ciOiIxOWJkMDJlIn0%3D\" href='https:\/\/roskovce.sk\/wp-content\/uploads\/2023\/07\/IMG_9494-1.jpg'><img loading=\"lazy\" decoding=\"async\" width=\"150\" height=\"150\" src=\"https:\/\/roskovce.sk\/wp-content\/uploads\/2023\/07\/IMG_9494-1-150x150.jpg\" class=\"attachment-thumbnail size-thumbnail\" alt=\"\" \/><\/a>\n\t\t\t<\/div><\/figure><figure class='gallery-item'>\n\t\t\t<div class='gallery-icon landscape'>\n\t\t\t\t<a data-elementor-open-lightbox=\"yes\" data-elementor-lightbox-slideshow=\"19bd02e\" data-elementor-lightbox-title=\"image3\" data-e-action-hash=\"#elementor-action%3Aaction%3Dlightbox%26settings%3DeyJpZCI6MjY2MCwidXJsIjoiaHR0cHM6XC9cL3Jvc2tvdmNlLnNrXC93cC1jb250ZW50XC91cGxvYWRzXC8yMDIzXC8wN1wvaW1hZ2UzLmpwZWciLCJzbGlkZXNob3ciOiIxOWJkMDJlIn0%3D\" href='https:\/\/roskovce.sk\/wp-content\/uploads\/2023\/07\/image3.jpeg'><img loading=\"lazy\" decoding=\"async\" width=\"150\" height=\"150\" src=\"https:\/\/roskovce.sk\/wp-content\/uploads\/2023\/07\/image3-150x150.jpeg\" class=\"attachment-thumbnail size-thumbnail\" alt=\"\" \/><\/a>\n\t\t\t<\/div><\/figure><figure class='gallery-item'>\n\t\t\t<div class='gallery-icon landscape'>\n\t\t\t\t<a data-elementor-open-lightbox=\"yes\" data-elementor-lightbox-slideshow=\"19bd02e\" data-elementor-lightbox-title=\"IMG_9369\" data-e-action-hash=\"#elementor-action%3Aaction%3Dlightbox%26settings%3DeyJpZCI6MjY1NiwidXJsIjoiaHR0cHM6XC9cL3Jvc2tvdmNlLnNrXC93cC1jb250ZW50XC91cGxvYWRzXC8yMDIzXC8wN1wvSU1HXzkzNjktc2NhbGVkLmpwZyIsInNsaWRlc2hvdyI6IjE5YmQwMmUifQ%3D%3D\" href='https:\/\/roskovce.sk\/wp-content\/uploads\/2023\/07\/IMG_9369-scaled.jpg'><img loading=\"lazy\" decoding=\"async\" width=\"150\" height=\"150\" src=\"https:\/\/roskovce.sk\/wp-content\/uploads\/2023\/07\/IMG_9369-150x150.jpg\" class=\"attachment-thumbnail size-thumbnail\" alt=\"\" \/><\/a>\n\t\t\t<\/div><\/figure><figure class='gallery-item'>\n\t\t\t<div class='gallery-icon landscape'>\n\t\t\t\t<a data-elementor-open-lightbox=\"yes\" data-elementor-lightbox-slideshow=\"19bd02e\" data-elementor-lightbox-title=\"IMG_9368\" data-e-action-hash=\"#elementor-action%3Aaction%3Dlightbox%26settings%3DeyJpZCI6MjY1NSwidXJsIjoiaHR0cHM6XC9cL3Jvc2tvdmNlLnNrXC93cC1jb250ZW50XC91cGxvYWRzXC8yMDIzXC8wN1wvSU1HXzkzNjgtc2NhbGVkLmpwZyIsInNsaWRlc2hvdyI6IjE5YmQwMmUifQ%3D%3D\" href='https:\/\/roskovce.sk\/wp-content\/uploads\/2023\/07\/IMG_9368-scaled.jpg'><img loading=\"lazy\" decoding=\"async\" width=\"150\" height=\"150\" src=\"https:\/\/roskovce.sk\/wp-content\/uploads\/2023\/07\/IMG_9368-150x150.jpg\" class=\"attachment-thumbnail size-thumbnail\" alt=\"\" \/><\/a>\n\t\t\t<\/div><\/figure><figure class='gallery-item'>\n\t\t\t<div class='gallery-icon landscape'>\n\t\t\t\t<a data-elementor-open-lightbox=\"yes\" data-elementor-lightbox-slideshow=\"19bd02e\" data-elementor-lightbox-title=\"IMG_9363\" data-e-action-hash=\"#elementor-action%3Aaction%3Dlightbox%26settings%3DeyJpZCI6MjY1NCwidXJsIjoiaHR0cHM6XC9cL3Jvc2tvdmNlLnNrXC93cC1jb250ZW50XC91cGxvYWRzXC8yMDIzXC8wN1wvSU1HXzkzNjMtc2NhbGVkLmpwZyIsInNsaWRlc2hvdyI6IjE5YmQwMmUifQ%3D%3D\" href='https:\/\/roskovce.sk\/wp-content\/uploads\/2023\/07\/IMG_9363-scaled.jpg'><img loading=\"lazy\" decoding=\"async\" width=\"150\" height=\"150\" src=\"https:\/\/roskovce.sk\/wp-content\/uploads\/2023\/07\/IMG_9363-150x150.jpg\" class=\"attachment-thumbnail size-thumbnail\" alt=\"\" \/><\/a>\n\t\t\t<\/div><\/figure><figure class='gallery-item'>\n\t\t\t<div class='gallery-icon portrait'>\n\t\t\t\t<a data-elementor-open-lightbox=\"yes\" data-elementor-lightbox-slideshow=\"19bd02e\" data-elementor-lightbox-title=\"IMG_9332\" data-e-action-hash=\"#elementor-action%3Aaction%3Dlightbox%26settings%3DeyJpZCI6MjY0OCwidXJsIjoiaHR0cHM6XC9cL3Jvc2tvdmNlLnNrXC93cC1jb250ZW50XC91cGxvYWRzXC8yMDIzXC8wN1wvSU1HXzkzMzItc2NhbGVkLmpwZyIsInNsaWRlc2hvdyI6IjE5YmQwMmUifQ%3D%3D\" href='https:\/\/roskovce.sk\/wp-content\/uploads\/2023\/07\/IMG_9332-scaled.jpg'><img loading=\"lazy\" decoding=\"async\" width=\"150\" height=\"150\" src=\"https:\/\/roskovce.sk\/wp-content\/uploads\/2023\/07\/IMG_9332-150x150.jpg\" class=\"attachment-thumbnail size-thumbnail\" alt=\"\" \/><\/a>\n\t\t\t<\/div><\/figure><figure class='gallery-item'>\n\t\t\t<div class='gallery-icon landscape'>\n\t\t\t\t<a data-elementor-open-lightbox=\"yes\" data-elementor-lightbox-slideshow=\"19bd02e\" data-elementor-lightbox-title=\"image2\" data-e-action-hash=\"#elementor-action%3Aaction%3Dlightbox%26settings%3DeyJpZCI6MjY1OSwidXJsIjoiaHR0cHM6XC9cL3Jvc2tvdmNlLnNrXC93cC1jb250ZW50XC91cGxvYWRzXC8yMDIzXC8wN1wvaW1hZ2UyLmpwZWciLCJzbGlkZXNob3ciOiIxOWJkMDJlIn0%3D\" href='https:\/\/roskovce.sk\/wp-content\/uploads\/2023\/07\/image2.jpeg'><img loading=\"lazy\" decoding=\"async\" width=\"150\" height=\"150\" src=\"https:\/\/roskovce.sk\/wp-content\/uploads\/2023\/07\/image2-150x150.jpeg\" class=\"attachment-thumbnail size-thumbnail\" alt=\"\" \/><\/a>\n\t\t\t<\/div><\/figure><figure class='gallery-item'>\n\t\t\t<div class='gallery-icon landscape'>\n\t\t\t\t<a data-elementor-open-lightbox=\"yes\" data-elementor-lightbox-slideshow=\"19bd02e\" data-elementor-lightbox-title=\"IMG_9319\" data-e-action-hash=\"#elementor-action%3Aaction%3Dlightbox%26settings%3DeyJpZCI6MjY3MSwidXJsIjoiaHR0cHM6XC9cL3Jvc2tvdmNlLnNrXC93cC1jb250ZW50XC91cGxvYWRzXC8yMDIzXC8wN1wvSU1HXzkzMTktMS1zY2FsZWQuanBnIiwic2xpZGVzaG93IjoiMTliZDAyZSJ9\" href='https:\/\/roskovce.sk\/wp-content\/uploads\/2023\/07\/IMG_9319-1-scaled.jpg'><img loading=\"lazy\" decoding=\"async\" width=\"150\" height=\"150\" src=\"https:\/\/roskovce.sk\/wp-content\/uploads\/2023\/07\/IMG_9319-1-150x150.jpg\" class=\"attachment-thumbnail size-thumbnail\" alt=\"\" \/><\/a>\n\t\t\t<\/div><\/figure>\n\t\t<\/div>\n\t\t<\/div>\n\t\t\t\t\t\t<\/div>\n\t\t\t\t<\/div>\n\t\t\t\t\t<\/div>\n\t\t<\/div>\n\t\t\t\t\t<\/div>\n\t\t<\/section>\n\t\t\t\t<\/div>\n\t\t","protected":false},"excerpt":{"rendered":"","protected":false},"author":1,"featured_media":0,"parent":0,"menu_order":0,"comment_status":"closed","ping_status":"closed","template":"","meta":{"footnotes":""},"class_list":["post-2435","page","type-page","status-publish","hentry"],"_links":{"self":[{"href":"https:\/\/roskovce.sk\/index.php?rest_route=\/wp\/v2\/pages\/2435","targetHints":{"allow":["GET"]}}],"collection":[{"href":"https:\/\/roskovce.sk\/index.php?rest_route=\/wp\/v2\/pages"}],"about":[{"href":"https:\/\/roskovce.sk\/index.php?rest_route=\/wp\/v2\/types\/page"}],"author":[{"embeddable":true,"href":"https:\/\/roskovce.sk\/index.php?rest_route=\/wp\/v2\/users\/1"}],"replies":[{"embeddable":true,"href":"https:\/\/roskovce.sk\/index.php?rest_route=%2Fwp%2Fv2%2Fcomments&post=2435"}],"version-history":[{"count":17,"href":"https:\/\/roskovce.sk\/index.php?rest_route=\/wp\/v2\/pages\/2435\/revisions"}],"predecessor-version":[{"id":2674,"href":"https:\/\/roskovce.sk\/index.php?rest_route=\/wp\/v2\/pages\/2435\/revisions\/2674"}],"wp:attachment":[{"href":"https:\/\/roskovce.sk\/index.php?rest_route=%2Fwp%2Fv2%2Fmedia&parent=2435"}],"curies":[{"name":"wp","href":"https:\/\/api.w.org\/{rel}","templated":true}]}}