{"id":2365,"date":"2023-01-11T20:43:25","date_gmt":"2023-01-11T18:43:25","guid":{"rendered":"http:\/\/roskovce.sk\/?page_id=2365"},"modified":"2023-01-11T20:50:07","modified_gmt":"2023-01-11T18:50:07","slug":"oznamenie-funkcii-zamestnani-cinnosti-a-majetkovych-pomerov-verejneho-funkcionara","status":"publish","type":"page","link":"https:\/\/roskovce.sk\/?page_id=2365","title":{"rendered":"Ozn\u00e1menie funkci\u00ed, zamestnan\u00ed, \u010dinnost\u00ed a majetkov\u00fdch pomerov verejn\u00e9ho funkcion\u00e1ra"},"content":{"rendered":"\t\t<div data-elementor-type=\"wp-page\" data-elementor-id=\"2365\" class=\"elementor elementor-2365\">\n\t\t\t\t\t\t<section class=\"elementor-section elementor-top-section elementor-element elementor-element-1618b59 elementor-section-boxed elementor-section-height-default elementor-section-height-default\" data-id=\"1618b59\" data-element_type=\"section\" data-e-type=\"section\">\n\t\t\t\t\t\t<div class=\"elementor-container elementor-column-gap-default\">\n\t\t\t\t\t<div class=\"elementor-column elementor-col-100 elementor-top-column elementor-element elementor-element-2c8fb46\" data-id=\"2c8fb46\" data-element_type=\"column\" data-e-type=\"column\">\n\t\t\t<div class=\"elementor-widget-wrap elementor-element-populated\">\n\t\t\t\t\t\t<div class=\"elementor-element elementor-element-e437c1f elementor-widget elementor-widget-text-editor\" data-id=\"e437c1f\" data-element_type=\"widget\" data-e-type=\"widget\" data-widget_type=\"text-editor.default\">\n\t\t\t\t<div class=\"elementor-widget-container\">\n\t\t\t\t\t\t\t\t\t<h5>Pod\u013ea \u010dl. 7 ods. 1 \u00fastavn\u00e9ho z\u00e1kona \u010d. 357\/2004 Z. z. o ochrane verejn\u00e9ho z\u00e1ujmu pri v\u00fdkone funkci\u00ed verejn\u00fdch funkcion\u00e1rov v znen\u00ed neskor\u0161\u00edch predpisov (\u010falej len \u201e\u00fastavn\u00fd z\u00e1kon\u201c) s\u00fa verejn\u00ed funkcion\u00e1ri (\u010dl. 2 ods. 1 \u00fastavn\u00e9ho z\u00e1kona) povinn\u00ed do 30 dn\u00ed odo d\u0148a, ke\u010f sa ujali v\u00fdkonu verejnej funkcie a po\u010das jej v\u00fdkonu v\u017edy do 30. apr\u00edla ka\u017ed\u00e9ho kalend\u00e1rneho roka poda\u0165 p\u00edsomn\u00e9 ozn\u00e1menie za predch\u00e1dzaj\u00faci kalend\u00e1rny rok, v ktorom uved\u00fa skuto\u010dnosti uveden\u00e9 v \u010dl. 7 ods. 1 p\u00edsm. a) \u2013 f) \u00fastavn\u00e9ho z\u00e1kona.<\/h5><div>\u00a0<\/div><h5>Ozn\u00e1menie pod\u00e1va verejn\u00fd funkcion\u00e1r na tla\u010dive, ktor\u00e9ho vzor je uveden\u00fd ni\u017e\u0161ie.<\/h5><h5><strong>Vzor tla\u010diva &#8211; Ozn\u00e1menie funkci\u00ed, zamestnan\u00ed, \u010dinnost\u00ed a majetkov\u00fdch pomerov verejn\u00e9ho funkcion\u00e1ra<\/strong><\/h5><h5><a href=\"http:\/\/roskovce.sk\/wp-content\/uploads\/2023\/01\/pre-rucne-vyplnanie.pdf\">&#8211; pre ru\u010dn\u00e9 vyp\u013a\u0148anie, dokument PDF<\/a><br \/><a href=\"http:\/\/roskovce.sk\/wp-content\/uploads\/2023\/01\/pre-elektronicke-vyplnanie.pdf\">&#8211; pre elektronick\u00e9 vyp\u013a\u0148anie, dokument PDF<\/a><\/h5><h5>\u00a0<\/h5><h5><strong>In\u0161trukcie pre vyplnenie tla\u010diva<\/strong><\/h5><h5><a href=\"https:\/\/www.nrsr.sk\/web\/VNF\/Formulare\/nrsr-a\/index.html\">&#8211; ozn\u00e1menie do 30 dn\u00ed odo d\u0148a ujatia sa v\u00fdkonu verejnej funkcie (tla\u010divo A)<\/a><br \/><a href=\"https:\/\/www.nrsr.sk\/web\/VNF\/Formulare\/nrsr-b\/index.html\">&#8211; ozn\u00e1menie k 30. apr\u00edlu kalend\u00e1rneho roka (tla\u010divo B)<\/a><\/h5><div>\u00a0<\/div><h5><strong>Ozn\u00e1menie funkci\u00ed, zamestnan\u00ed, \u010dinnost\u00ed a majetkov\u00fdch pomerov verejn\u00e9ho funkcion\u00e1ra za rok 2022 <\/strong><\/h5><h5><a href=\"http:\/\/roskovce.sk\/wp-content\/uploads\/2023\/01\/Majetkove-priznanie-Peter-Sak.pdf\">Peter \u0160ak<\/a><\/h5>\t\t\t\t\t\t\t\t<\/div>\n\t\t\t\t<\/div>\n\t\t\t\t\t<\/div>\n\t\t<\/div>\n\t\t\t\t\t<\/div>\n\t\t<\/section>\n\t\t\t\t<\/div>\n\t\t","protected":false},"excerpt":{"rendered":"<p>Pod\u013ea \u010dl. 7 ods. 1 \u00fastavn\u00e9ho z\u00e1kona \u010d. 357\/2004 Z. z. o ochrane verejn\u00e9ho z\u00e1ujmu pri v\u00fdkone funkci\u00ed verejn\u00fdch funkcion\u00e1rov v znen\u00ed neskor\u0161\u00edch predpisov (\u010falej len \u201e\u00fastavn\u00fd z\u00e1kon\u201c) s\u00fa verejn\u00ed funkcion\u00e1ri (\u010dl. 2 ods. 1 \u00fastavn\u00e9ho z\u00e1kona) povinn\u00ed do 30 dn\u00ed odo d\u0148a, ke\u010f sa ujali v\u00fdkonu verejnej funkcie a po\u010das jej v\u00fdkonu v\u017edy do 30. apr\u00edla ka\u017ed\u00e9ho kalend\u00e1rneho roka poda\u0165 p\u00edsomn\u00e9 ozn\u00e1menie za predch\u00e1dzaj\u00faci kalend\u00e1rny rok, v ktorom uved\u00fa skuto\u010dnosti uveden\u00e9 v \u010dl. 7 ods. 1 p\u00edsm. a) \u2013&#8230;<\/p>\n<p class=\"read-more\"><a class=\"btn btn-default\" href=\"https:\/\/roskovce.sk\/?page_id=2365\"> Read More<span class=\"screen-reader-text\">  Read More<\/span><\/a><\/p>\n","protected":false},"author":1,"featured_media":0,"parent":342,"menu_order":0,"comment_status":"closed","ping_status":"closed","template":"","meta":{"footnotes":""},"class_list":["post-2365","page","type-page","status-publish","hentry"],"_links":{"self":[{"href":"https:\/\/roskovce.sk\/index.php?rest_route=\/wp\/v2\/pages\/2365","targetHints":{"allow":["GET"]}}],"collection":[{"href":"https:\/\/roskovce.sk\/index.php?rest_route=\/wp\/v2\/pages"}],"about":[{"href":"https:\/\/roskovce.sk\/index.php?rest_route=\/wp\/v2\/types\/page"}],"author":[{"embeddable":true,"href":"https:\/\/roskovce.sk\/index.php?rest_route=\/wp\/v2\/users\/1"}],"replies":[{"embeddable":true,"href":"https:\/\/roskovce.sk\/index.php?rest_route=%2Fwp%2Fv2%2Fcomments&post=2365"}],"version-history":[{"count":4,"href":"https:\/\/roskovce.sk\/index.php?rest_route=\/wp\/v2\/pages\/2365\/revisions"}],"predecessor-version":[{"id":2373,"href":"https:\/\/roskovce.sk\/index.php?rest_route=\/wp\/v2\/pages\/2365\/revisions\/2373"}],"up":[{"embeddable":true,"href":"https:\/\/roskovce.sk\/index.php?rest_route=\/wp\/v2\/pages\/342"}],"wp:attachment":[{"href":"https:\/\/roskovce.sk\/index.php?rest_route=%2Fwp%2Fv2%2Fmedia&parent=2365"}],"curies":[{"name":"wp","href":"https:\/\/api.w.org\/{rel}","templated":true}]}}