{"id":2358,"date":"2023-01-11T20:34:30","date_gmt":"2023-01-11T18:34:30","guid":{"rendered":"http:\/\/roskovce.sk\/?page_id=2358"},"modified":"2024-01-29T13:52:37","modified_gmt":"2024-01-29T11:52:37","slug":"faktury-2023","status":"publish","type":"page","link":"https:\/\/roskovce.sk\/?page_id=2358","title":{"rendered":"Fakt\u00fary 2023"},"content":{"rendered":"\t\t<div data-elementor-type=\"wp-page\" data-elementor-id=\"2358\" class=\"elementor elementor-2358\">\n\t\t\t\t\t\t<section class=\"elementor-section elementor-top-section elementor-element elementor-element-ab0aa23 elementor-section-boxed elementor-section-height-default elementor-section-height-default\" data-id=\"ab0aa23\" data-element_type=\"section\" data-e-type=\"section\">\n\t\t\t\t\t\t<div class=\"elementor-container elementor-column-gap-default\">\n\t\t\t\t\t<div class=\"elementor-column elementor-col-100 elementor-top-column elementor-element elementor-element-5dd0ea8\" data-id=\"5dd0ea8\" data-element_type=\"column\" data-e-type=\"column\">\n\t\t\t<div class=\"elementor-widget-wrap elementor-element-populated\">\n\t\t\t\t\t\t<div class=\"elementor-element elementor-element-b2fe917 elementor-widget elementor-widget-text-editor\" data-id=\"b2fe917\" data-element_type=\"widget\" data-e-type=\"widget\" data-widget_type=\"text-editor.default\">\n\t\t\t\t<div class=\"elementor-widget-container\">\n\t\t\t\t\t\t\t\t\t<p><a href=\"http:\/\/roskovce.sk\/wp-content\/uploads\/2023\/04\/Kniha-doslych-faktur-123-2023.pdf\">JANU\u00c1R, FEBRU\u00c1R, MAREC 2023<\/a><\/p><p><a href=\"http:\/\/roskovce.sk\/wp-content\/uploads\/2023\/07\/Kniha-zavazkov-2.Q-2023.pdf\">APR\u00cdL, M\u00c1J, J\u00daN 2023<\/a><\/p><p><a href=\"http:\/\/roskovce.sk\/wp-content\/uploads\/2023\/10\/Kniha-zavazkov.pdf\">J\u00daL, AUGUST, SEPTEMBER 2023<\/a><\/p><p><a href=\"http:\/\/roskovce.sk\/wp-content\/uploads\/2024\/01\/Kniha-zavazkov-4.q.pdf\">OKT\u00d3BER, NOVEMBER, DECEMBER 2023<\/a><\/p>\t\t\t\t\t\t\t\t<\/div>\n\t\t\t\t<\/div>\n\t\t\t\t\t<\/div>\n\t\t<\/div>\n\t\t\t\t\t<\/div>\n\t\t<\/section>\n\t\t\t\t<\/div>\n\t\t","protected":false},"excerpt":{"rendered":"<p>JANU\u00c1R, FEBRU\u00c1R, MAREC 2023 APR\u00cdL, M\u00c1J, J\u00daN 2023 J\u00daL, AUGUST, SEPTEMBER 2023 OKT\u00d3BER, NOVEMBER, DECEMBER 2023<\/p>\n","protected":false},"author":1,"featured_media":0,"parent":0,"menu_order":0,"comment_status":"closed","ping_status":"closed","template":"","meta":{"footnotes":""},"class_list":["post-2358","page","type-page","status-publish","hentry"],"_links":{"self":[{"href":"https:\/\/roskovce.sk\/index.php?rest_route=\/wp\/v2\/pages\/2358","targetHints":{"allow":["GET"]}}],"collection":[{"href":"https:\/\/roskovce.sk\/index.php?rest_route=\/wp\/v2\/pages"}],"about":[{"href":"https:\/\/roskovce.sk\/index.php?rest_route=\/wp\/v2\/types\/page"}],"author":[{"embeddable":true,"href":"https:\/\/roskovce.sk\/index.php?rest_route=\/wp\/v2\/users\/1"}],"replies":[{"embeddable":true,"href":"https:\/\/roskovce.sk\/index.php?rest_route=%2Fwp%2Fv2%2Fcomments&post=2358"}],"version-history":[{"count":19,"href":"https:\/\/roskovce.sk\/index.php?rest_route=\/wp\/v2\/pages\/2358\/revisions"}],"predecessor-version":[{"id":2854,"href":"https:\/\/roskovce.sk\/index.php?rest_route=\/wp\/v2\/pages\/2358\/revisions\/2854"}],"wp:attachment":[{"href":"https:\/\/roskovce.sk\/index.php?rest_route=%2Fwp%2Fv2%2Fmedia&parent=2358"}],"curies":[{"name":"wp","href":"https:\/\/api.w.org\/{rel}","templated":true}]}}