{"id":2069,"date":"2022-12-13T21:25:58","date_gmt":"2022-12-13T19:25:58","guid":{"rendered":"http:\/\/roskovce.sk\/?page_id=2069"},"modified":"2022-12-13T21:25:59","modified_gmt":"2022-12-13T19:25:59","slug":"kontakty-2","status":"publish","type":"page","link":"https:\/\/roskovce.sk\/?page_id=2069","title":{"rendered":"Kontakty"},"content":{"rendered":"\n<p><strong>Adresa:<br \/><\/strong>Obecn\u00fd \u00farad Ro\u0161kovce<br \/>Ro\u0161kovce 49<br \/>067 02 Ro\u0161kovce<br \/><br \/><\/p>\n\n\n\n<p><strong>V\u0161eobecn\u00e9 inform\u00e1cie:<\/strong>&nbsp;roskovce@zoznam.sk<\/p>\n\n\n\n<p><strong>Starosta:<\/strong>&nbsp;Peter \u0160ak, tel.:&nbsp;<em>0904 763 050, 0905 654 183<\/em><\/p>\n","protected":false},"excerpt":{"rendered":"<p>Adresa:Obecn\u00fd \u00farad Ro\u0161kovceRo\u0161kovce 49067 02 Ro\u0161kovce V\u0161eobecn\u00e9 inform\u00e1cie:&nbsp;roskovce@zoznam.sk Starosta:&nbsp;Peter \u0160ak, tel.:&nbsp;0904 763 050, 0905 654 183<\/p>\n","protected":false},"author":1,"featured_media":0,"parent":0,"menu_order":0,"comment_status":"closed","ping_status":"closed","template":"","meta":{"footnotes":""},"class_list":["post-2069","page","type-page","status-publish","hentry"],"_links":{"self":[{"href":"https:\/\/roskovce.sk\/index.php?rest_route=\/wp\/v2\/pages\/2069","targetHints":{"allow":["GET"]}}],"collection":[{"href":"https:\/\/roskovce.sk\/index.php?rest_route=\/wp\/v2\/pages"}],"about":[{"href":"https:\/\/roskovce.sk\/index.php?rest_route=\/wp\/v2\/types\/page"}],"author":[{"embeddable":true,"href":"https:\/\/roskovce.sk\/index.php?rest_route=\/wp\/v2\/users\/1"}],"replies":[{"embeddable":true,"href":"https:\/\/roskovce.sk\/index.php?rest_route=%2Fwp%2Fv2%2Fcomments&post=2069"}],"version-history":[{"count":1,"href":"https:\/\/roskovce.sk\/index.php?rest_route=\/wp\/v2\/pages\/2069\/revisions"}],"predecessor-version":[{"id":2071,"href":"https:\/\/roskovce.sk\/index.php?rest_route=\/wp\/v2\/pages\/2069\/revisions\/2071"}],"wp:attachment":[{"href":"https:\/\/roskovce.sk\/index.php?rest_route=%2Fwp%2Fv2%2Fmedia&parent=2069"}],"curies":[{"name":"wp","href":"https:\/\/api.w.org\/{rel}","templated":true}]}}