{"id":2056,"date":"2022-12-13T22:15:38","date_gmt":"2022-12-13T20:15:38","guid":{"rendered":"http:\/\/roskovce.sk\/?page_id=2056"},"modified":"2023-01-18T12:44:57","modified_gmt":"2023-01-18T10:44:57","slug":"referendum-2023","status":"publish","type":"page","link":"https:\/\/roskovce.sk\/?page_id=2056","title":{"rendered":"Referendum 2023"},"content":{"rendered":"\t\t<div data-elementor-type=\"wp-post\" data-elementor-id=\"2056\" class=\"elementor elementor-2056\">\n\t\t\t\t\t\t<section class=\"elementor-section elementor-top-section elementor-element elementor-element-9d76169 elementor-section-boxed elementor-section-height-default elementor-section-height-default\" data-id=\"9d76169\" data-element_type=\"section\" data-e-type=\"section\">\n\t\t\t\t\t\t<div class=\"elementor-container elementor-column-gap-default\">\n\t\t\t\t\t<div class=\"elementor-column elementor-col-100 elementor-top-column elementor-element elementor-element-1169b35\" data-id=\"1169b35\" data-element_type=\"column\" data-e-type=\"column\">\n\t\t\t<div class=\"elementor-widget-wrap elementor-element-populated\">\n\t\t\t\t\t\t<div class=\"elementor-element elementor-element-7060ba5 elementor-widget elementor-widget-text-editor\" data-id=\"7060ba5\" data-element_type=\"widget\" data-e-type=\"widget\" data-widget_type=\"text-editor.default\">\n\t\t\t\t<div class=\"elementor-widget-container\">\n\t\t\t\t\t\t\t\t\t<p><a href=\"https:\/\/www.minv.sk\/swift_data\/source\/verejna_sprava\/volby_a_referendum\/160_referendum\/WR23_Info21skA4.pdf\">Inform\u00e1cie pre voli\u010da o sp\u00f4sobe hlasovania<\/a><\/p><p><a href=\"https:\/\/www.minv.sk\/?r23-sshinfo1\">\u0160peci\u00e1lny sp\u00f4sob hlasovania<\/a><\/p><p><a href=\"http:\/\/roskovce.sk\/wp-content\/uploads\/2022\/12\/Informacie-pre-volica.pdf\">Inform\u00e1cie pre voli\u010da<\/a><\/p><p><a href=\"http:\/\/roskovce.sk\/wp-content\/uploads\/2022\/12\/Rozhodnutie-prezidentky-Slovenskej-republiky.pdf\">Rozhodnutie prezidentky Slovenskej republiky<\/a><\/p><p><a href=\"http:\/\/roskovce.sk\/wp-content\/uploads\/2022\/12\/Zverejnenie-adresy-na-dorucenie-delegovania-clenov-do-OVK.docx.pdf\">Zverejnenie adresy na doru\u010denie delegovania \u010dlenov do OVK<\/a><\/p><p><a href=\"http:\/\/roskovce.sk\/wp-content\/uploads\/2022\/12\/Volba-postou-z-cudziny.pdf\">Vo\u013eba po\u0161tou z cudziny<\/a><\/p><p><a href=\"http:\/\/roskovce.sk\/wp-content\/uploads\/2022\/12\/Menovanie-zapisovatela.pdf\">Menovanie zapisovate\u013ea<\/a><\/p>\t\t\t\t\t\t\t\t<\/div>\n\t\t\t\t<\/div>\n\t\t\t\t\t<\/div>\n\t\t<\/div>\n\t\t\t\t\t<\/div>\n\t\t<\/section>\n\t\t\t\t<\/div>\n\t\t","protected":false},"excerpt":{"rendered":"<p>Inform\u00e1cie pre voli\u010da o sp\u00f4sobe hlasovania \u0160peci\u00e1lny sp\u00f4sob hlasovania Inform\u00e1cie pre voli\u010da Rozhodnutie prezidentky Slovenskej republiky Zverejnenie adresy na doru\u010denie delegovania \u010dlenov do OVK Vo\u013eba po\u0161tou z cudziny Menovanie zapisovate\u013ea<\/p>\n","protected":false},"author":1,"featured_media":0,"parent":0,"menu_order":0,"comment_status":"closed","ping_status":"closed","template":"","meta":{"footnotes":""},"class_list":["post-2056","page","type-page","status-publish","hentry"],"_links":{"self":[{"href":"https:\/\/roskovce.sk\/index.php?rest_route=\/wp\/v2\/pages\/2056","targetHints":{"allow":["GET"]}}],"collection":[{"href":"https:\/\/roskovce.sk\/index.php?rest_route=\/wp\/v2\/pages"}],"about":[{"href":"https:\/\/roskovce.sk\/index.php?rest_route=\/wp\/v2\/types\/page"}],"author":[{"embeddable":true,"href":"https:\/\/roskovce.sk\/index.php?rest_route=\/wp\/v2\/users\/1"}],"replies":[{"embeddable":true,"href":"https:\/\/roskovce.sk\/index.php?rest_route=%2Fwp%2Fv2%2Fcomments&post=2056"}],"version-history":[{"count":12,"href":"https:\/\/roskovce.sk\/index.php?rest_route=\/wp\/v2\/pages\/2056\/revisions"}],"predecessor-version":[{"id":2472,"href":"https:\/\/roskovce.sk\/index.php?rest_route=\/wp\/v2\/pages\/2056\/revisions\/2472"}],"wp:attachment":[{"href":"https:\/\/roskovce.sk\/index.php?rest_route=%2Fwp%2Fv2%2Fmedia&parent=2056"}],"curies":[{"name":"wp","href":"https:\/\/api.w.org\/{rel}","templated":true}]}}