{"id":2042,"date":"2022-12-09T14:41:25","date_gmt":"2022-12-09T12:41:25","guid":{"rendered":"http:\/\/roskovce.sk\/?page_id=2042"},"modified":"2022-12-13T22:38:11","modified_gmt":"2022-12-13T20:38:11","slug":"faktury","status":"publish","type":"page","link":"https:\/\/roskovce.sk\/?page_id=2042","title":{"rendered":"Fakt\u00fary"},"content":{"rendered":"\t\t<div data-elementor-type=\"wp-page\" data-elementor-id=\"2042\" class=\"elementor elementor-2042\">\n\t\t\t\t\t\t<section class=\"elementor-section elementor-top-section elementor-element elementor-element-999fbc5 elementor-section-boxed elementor-section-height-default elementor-section-height-default\" data-id=\"999fbc5\" data-element_type=\"section\" data-e-type=\"section\">\n\t\t\t\t\t\t<div class=\"elementor-container elementor-column-gap-default\">\n\t\t\t\t\t<div class=\"elementor-column elementor-col-100 elementor-top-column elementor-element elementor-element-bffbe82\" data-id=\"bffbe82\" data-element_type=\"column\" data-e-type=\"column\">\n\t\t\t<div class=\"elementor-widget-wrap elementor-element-populated\">\n\t\t\t\t\t\t<div class=\"elementor-element elementor-element-edbae5f elementor-widget elementor-widget-text-editor\" data-id=\"edbae5f\" data-element_type=\"widget\" data-e-type=\"widget\" data-widget_type=\"text-editor.default\">\n\t\t\t\t<div class=\"elementor-widget-container\">\n\t\t\t\t\t\t\t\t\t<p><a href=\"http:\/\/roskovce.sk\/?page_id=686\">Fakt\u00fary 2022<\/a><\/p><p><a href=\"http:\/\/roskovce.sk\/?page_id=601\">Fakt\u00fary 2021<\/a><\/p><p><a href=\"http:\/\/roskovce.sk\/?page_id=999\">Fakt\u00fary 2019\/2020<\/a><\/p><p><a href=\"http:\/\/roskovce.sk\/?page_id=747\">Fakt\u00fary 2018<\/a><\/p><p><a href=\"http:\/\/roskovce.sk\/?page_id=17\">Odberate\u013esk\u00e9 fakt\u00fary<\/a><\/p>\t\t\t\t\t\t\t\t<\/div>\n\t\t\t\t<\/div>\n\t\t\t\t\t<\/div>\n\t\t<\/div>\n\t\t\t\t\t<\/div>\n\t\t<\/section>\n\t\t\t\t<\/div>\n\t\t","protected":false},"excerpt":{"rendered":"<p>Fakt\u00fary 2022 Fakt\u00fary 2021 Fakt\u00fary 2019\/2020 Fakt\u00fary 2018 Odberate\u013esk\u00e9 fakt\u00fary<\/p>\n","protected":false},"author":1,"featured_media":0,"parent":0,"menu_order":0,"comment_status":"closed","ping_status":"closed","template":"","meta":{"footnotes":""},"class_list":["post-2042","page","type-page","status-publish","hentry"],"_links":{"self":[{"href":"https:\/\/roskovce.sk\/index.php?rest_route=\/wp\/v2\/pages\/2042","targetHints":{"allow":["GET"]}}],"collection":[{"href":"https:\/\/roskovce.sk\/index.php?rest_route=\/wp\/v2\/pages"}],"about":[{"href":"https:\/\/roskovce.sk\/index.php?rest_route=\/wp\/v2\/types\/page"}],"author":[{"embeddable":true,"href":"https:\/\/roskovce.sk\/index.php?rest_route=\/wp\/v2\/users\/1"}],"replies":[{"embeddable":true,"href":"https:\/\/roskovce.sk\/index.php?rest_route=%2Fwp%2Fv2%2Fcomments&post=2042"}],"version-history":[{"count":4,"href":"https:\/\/roskovce.sk\/index.php?rest_route=\/wp\/v2\/pages\/2042\/revisions"}],"predecessor-version":[{"id":2142,"href":"https:\/\/roskovce.sk\/index.php?rest_route=\/wp\/v2\/pages\/2042\/revisions\/2142"}],"wp:attachment":[{"href":"https:\/\/roskovce.sk\/index.php?rest_route=%2Fwp%2Fv2%2Fmedia&parent=2042"}],"curies":[{"name":"wp","href":"https:\/\/api.w.org\/{rel}","templated":true}]}}