{"id":2034,"date":"2022-12-09T14:29:27","date_gmt":"2022-12-09T12:29:27","guid":{"rendered":"http:\/\/roskovce.sk\/?page_id=2034"},"modified":"2025-08-11T10:57:24","modified_gmt":"2025-08-11T08:57:24","slug":"projekty","status":"publish","type":"page","link":"https:\/\/roskovce.sk\/?page_id=2034","title":{"rendered":"Projekty"},"content":{"rendered":"\t\t<div data-elementor-type=\"wp-page\" data-elementor-id=\"2034\" class=\"elementor elementor-2034\">\n\t\t\t\t\t\t<section class=\"elementor-section elementor-top-section elementor-element elementor-element-09ab67b elementor-section-boxed elementor-section-height-default elementor-section-height-default\" data-id=\"09ab67b\" data-element_type=\"section\" data-e-type=\"section\">\n\t\t\t\t\t\t<div class=\"elementor-container elementor-column-gap-default\">\n\t\t\t\t\t<div class=\"elementor-column elementor-col-100 elementor-top-column elementor-element elementor-element-fdacd13\" data-id=\"fdacd13\" data-element_type=\"column\" data-e-type=\"column\">\n\t\t\t<div class=\"elementor-widget-wrap elementor-element-populated\">\n\t\t\t\t\t\t<div class=\"elementor-element elementor-element-2ad1233 elementor-widget elementor-widget-text-editor\" data-id=\"2ad1233\" data-element_type=\"widget\" data-e-type=\"widget\" data-widget_type=\"text-editor.default\">\n\t\t\t\t<div class=\"elementor-widget-container\">\n\t\t\t\t\t\t\t\t\t<p><a href=\"http:\/\/roskovce.sk\/wp-content\/uploads\/2025\/08\/5300036.pdf\">ZMLUVA O POSKYTNUT\u00cd DOT\u00c1CIE \u010d. 2024\/1366 &#8211; N\u00e1kup traktorovej kosa\u010dky<\/a><\/p><p><a href=\"http:\/\/roskovce.sk\/?page_id=2936\">Vybavenie kuchyne kult\u00farneho domu \u201eProjekt podporen\u00fd z rozpo\u010dtu PSK\u201c.<\/a><\/p><p class=\"postTitleStyle\"><a href=\"http:\/\/roskovce.sk\/wp-content\/uploads\/2023\/09\/Publicita-clanok-na-zverejnenie-1.pdf\">Rie\u0161enie migra\u010dn\u00fdch v\u00fdziev<\/a><\/p><p><a href=\"http:\/\/roskovce.sk\/?page_id=1738\">Zaradenie lokality do n\u00e1rodn\u00e9ho zoznamu \u00fazem\u00ed<\/a><\/p><p><a href=\"http:\/\/roskovce.sk\/?page_id=1858\">Rekon\u0161trukcia kult\u00farneho domu<\/a><\/p><p><a href=\"http:\/\/roskovce.sk\/?page_id=1146\">Program obnovy dediny<\/a><\/p><p><a href=\"http:\/\/roskovce.sk\/?page_id=1358\">Obnova a v\u00fdbava interi\u00e9ru kuchyne kult\u00farneho domu podporen\u00e9 PSK<\/a><\/p><p><a href=\"http:\/\/roskovce.sk\/?page_id=1340\">Interi\u00e9rov\u00e9 vybavenie kult\u00farneho domu podporen\u00e9 PSK<\/a><\/p>\t\t\t\t\t\t\t\t<\/div>\n\t\t\t\t<\/div>\n\t\t\t\t\t<\/div>\n\t\t<\/div>\n\t\t\t\t\t<\/div>\n\t\t<\/section>\n\t\t\t\t<\/div>\n\t\t","protected":false},"excerpt":{"rendered":"<p>ZMLUVA O POSKYTNUT\u00cd DOT\u00c1CIE \u010d. 2024\/1366 &#8211; N\u00e1kup traktorovej kosa\u010dky Vybavenie kuchyne kult\u00farneho domu \u201eProjekt podporen\u00fd z rozpo\u010dtu PSK\u201c. Rie\u0161enie migra\u010dn\u00fdch v\u00fdziev Zaradenie lokality do n\u00e1rodn\u00e9ho zoznamu \u00fazem\u00ed Rekon\u0161trukcia kult\u00farneho domu Program obnovy dediny Obnova a v\u00fdbava interi\u00e9ru kuchyne kult\u00farneho domu podporen\u00e9 PSK Interi\u00e9rov\u00e9 vybavenie kult\u00farneho domu podporen\u00e9 PSK<\/p>\n","protected":false},"author":1,"featured_media":0,"parent":0,"menu_order":0,"comment_status":"closed","ping_status":"closed","template":"","meta":{"footnotes":""},"class_list":["post-2034","page","type-page","status-publish","hentry"],"_links":{"self":[{"href":"https:\/\/roskovce.sk\/index.php?rest_route=\/wp\/v2\/pages\/2034","targetHints":{"allow":["GET"]}}],"collection":[{"href":"https:\/\/roskovce.sk\/index.php?rest_route=\/wp\/v2\/pages"}],"about":[{"href":"https:\/\/roskovce.sk\/index.php?rest_route=\/wp\/v2\/types\/page"}],"author":[{"embeddable":true,"href":"https:\/\/roskovce.sk\/index.php?rest_route=\/wp\/v2\/users\/1"}],"replies":[{"embeddable":true,"href":"https:\/\/roskovce.sk\/index.php?rest_route=%2Fwp%2Fv2%2Fcomments&post=2034"}],"version-history":[{"count":25,"href":"https:\/\/roskovce.sk\/index.php?rest_route=\/wp\/v2\/pages\/2034\/revisions"}],"predecessor-version":[{"id":3092,"href":"https:\/\/roskovce.sk\/index.php?rest_route=\/wp\/v2\/pages\/2034\/revisions\/3092"}],"wp:attachment":[{"href":"https:\/\/roskovce.sk\/index.php?rest_route=%2Fwp%2Fv2%2Fmedia&parent=2034"}],"curies":[{"name":"wp","href":"https:\/\/api.w.org\/{rel}","templated":true}]}}