{"id":2,"date":"2015-03-01T09:55:34","date_gmt":"2015-03-01T07:55:34","guid":{"rendered":"http:\/\/roskovce.sk\/?page_id=2"},"modified":"2023-01-11T20:23:08","modified_gmt":"2023-01-11T18:23:08","slug":"ukazka-strany","status":"publish","type":"page","link":"https:\/\/roskovce.sk\/","title":{"rendered":"Hlavn\u00e1 str\u00e1nka"},"content":{"rendered":"\t\t<div data-elementor-type=\"wp-page\" data-elementor-id=\"2\" class=\"elementor elementor-2\">\n\t\t\t\t\t\t<section class=\"elementor-section elementor-top-section elementor-element elementor-element-0c1b416 elementor-section-boxed elementor-section-height-default elementor-section-height-default\" data-id=\"0c1b416\" data-element_type=\"section\" data-e-type=\"section\">\n\t\t\t\t\t\t<div class=\"elementor-container elementor-column-gap-default\">\n\t\t\t\t\t<div class=\"elementor-column elementor-col-100 elementor-top-column elementor-element elementor-element-ed3bd1e\" data-id=\"ed3bd1e\" data-element_type=\"column\" data-e-type=\"column\">\n\t\t\t<div class=\"elementor-widget-wrap elementor-element-populated\">\n\t\t\t\t\t\t<div class=\"elementor-element elementor-element-0f8ffae elementor-widget elementor-widget-text-editor\" data-id=\"0f8ffae\" data-element_type=\"widget\" data-e-type=\"widget\" data-widget_type=\"text-editor.default\">\n\t\t\t\t<div class=\"elementor-widget-container\">\n\t\t\t\t\t\t\t\t\t<h3 style=\"text-align: center;\"><span style=\"color: #000000;\">Vitajte na ofici\u00e1lnej internetovej str\u00e1nke obce Ro\u0161kovce<\/span><\/h3><h4 style=\"text-align: center;\"><span style=\"color: #000000;\">Obec je dolo\u017een\u00e1 z\u00a0roku 1478 ako Roskocz, nesk\u00f4r ako Ruskowcze (1773), Rosskowce (1808), Ro\u017ekovce (1920), Ro\u0161kovce (1927); ma\u010farsky Rosk\u00f3c.<\/span><\/h4><h4 style=\"text-align: center;\"><span style=\"color: #000000;\">Obec patrila panstvu Humenn\u00e9. V\u00a0polovici 16. storo\u010dia mala obec 4 porty, v\u00a0roku 1715 mala 13 dom\u00e1cnost\u00ed. V\u00a0roku 1787 boli zemep\u00e1ni K\u00e9ryovci.\u00a0<\/span><\/h4><h4 style=\"text-align: center;\"><span style=\"color: #000000;\">Obec mala 50 domov a\u00a0316 obyvate\u013eov, v\u00a0roku 1828 mala 34 domov a\u00a0267 obyvate\u013eov. Pracovali v\u00a0roz\u013eahl\u00fdch lesoch\u00a0 ako pastieri.<\/span><\/h4><h4 style=\"text-align: center;\"><span style=\"color: #000000;\">Za I. \u010cSR sa obyvate\u013estvo zaoberalo po\u013enohospod\u00e1rstvom. Vo vojne bola obec zna\u010dne po\u0161koden\u00e1.\u00a0<span style=\"font-family: var( --e-global-typography-text-font-family ), Sans-serif; font-weight: var( --e-global-typography-text-font-weight );\">\u010cas\u0165 obyvate\u013estva pracovala v\u00a0priemyseln\u00fdch podnikoch na okol\u00ed, \u010das\u0165 ako s\u00fakromne hospodariaci ro\u013en\u00edci.<\/span><\/span><\/h4><h4 style=\"text-align: center;\"><span style=\"color: #000000;\">Zdroj: Vlastivedn\u00fd slovn\u00edk obc\u00ed na Slovensku, 2. \u010das\u0165<\/span><\/h4>\t\t\t\t\t\t\t\t<\/div>\n\t\t\t\t<\/div>\n\t\t\t\t\t<\/div>\n\t\t<\/div>\n\t\t\t\t\t<\/div>\n\t\t<\/section>\n\t\t\t\t<section class=\"elementor-section elementor-top-section elementor-element elementor-element-ad48b66 elementor-section-boxed elementor-section-height-default elementor-section-height-default\" data-id=\"ad48b66\" data-element_type=\"section\" data-e-type=\"section\">\n\t\t\t\t\t\t<div class=\"elementor-container elementor-column-gap-default\">\n\t\t\t\t\t<div class=\"elementor-column elementor-col-100 elementor-top-column elementor-element elementor-element-5da9aff\" data-id=\"5da9aff\" data-element_type=\"column\" data-e-type=\"column\">\n\t\t\t<div class=\"elementor-widget-wrap elementor-element-populated\">\n\t\t\t\t\t\t<div class=\"elementor-element elementor-element-9390a44 elementor-widget elementor-widget-image\" data-id=\"9390a44\" data-element_type=\"widget\" data-e-type=\"widget\" data-widget_type=\"image.default\">\n\t\t\t\t<div class=\"elementor-widget-container\">\n\t\t\t\t\t\t\t\t\t\t\t\t\t\t\t<img fetchpriority=\"high\" decoding=\"async\" width=\"640\" height=\"321\" src=\"https:\/\/roskovce.sk\/wp-content\/uploads\/2022\/12\/Screenshot_1.png\" class=\"attachment-large size-large wp-image-2078\" alt=\"\" srcset=\"https:\/\/roskovce.sk\/wp-content\/uploads\/2022\/12\/Screenshot_1.png 968w, https:\/\/roskovce.sk\/wp-content\/uploads\/2022\/12\/Screenshot_1-300x150.png 300w, https:\/\/roskovce.sk\/wp-content\/uploads\/2022\/12\/Screenshot_1-768x385.png 768w\" sizes=\"(max-width: 640px) 100vw, 640px\" \/>\t\t\t\t\t\t\t\t\t\t\t\t\t\t\t<\/div>\n\t\t\t\t<\/div>\n\t\t\t\t\t<\/div>\n\t\t<\/div>\n\t\t\t\t\t<\/div>\n\t\t<\/section>\n\t\t\t\t<\/div>\n\t\t","protected":false},"excerpt":{"rendered":"<p>Vitajte na ofici\u00e1lnej internetovej str\u00e1nke obce Ro\u0161kovce Obec je dolo\u017een\u00e1 z\u00a0roku 1478 ako Roskocz, nesk\u00f4r ako Ruskowcze (1773), Rosskowce (1808), Ro\u017ekovce (1920), Ro\u0161kovce (1927); ma\u010farsky Rosk\u00f3c. Obec patrila panstvu Humenn\u00e9. V\u00a0polovici 16. storo\u010dia mala obec 4 porty, v\u00a0roku 1715 mala 13 dom\u00e1cnost\u00ed. V\u00a0roku 1787 boli zemep\u00e1ni K\u00e9ryovci.\u00a0 Obec mala 50 domov a\u00a0316 obyvate\u013eov, v\u00a0roku 1828 mala 34 domov a\u00a0267 obyvate\u013eov. Pracovali v\u00a0roz\u013eahl\u00fdch lesoch\u00a0 ako pastieri. Za I. \u010cSR sa obyvate\u013estvo zaoberalo po\u013enohospod\u00e1rstvom. Vo vojne bola obec zna\u010dne po\u0161koden\u00e1.\u00a0\u010cas\u0165 obyvate\u013estva pracovala&#8230;<\/p>\n<p class=\"read-more\"><a class=\"btn btn-default\" href=\"https:\/\/roskovce.sk\/\"> Read More<span class=\"screen-reader-text\">  Read More<\/span><\/a><\/p>\n","protected":false},"author":1,"featured_media":0,"parent":0,"menu_order":0,"comment_status":"closed","ping_status":"closed","template":"","meta":{"footnotes":""},"class_list":["post-2","page","type-page","status-publish","hentry"],"_links":{"self":[{"href":"https:\/\/roskovce.sk\/index.php?rest_route=\/wp\/v2\/pages\/2","targetHints":{"allow":["GET"]}}],"collection":[{"href":"https:\/\/roskovce.sk\/index.php?rest_route=\/wp\/v2\/pages"}],"about":[{"href":"https:\/\/roskovce.sk\/index.php?rest_route=\/wp\/v2\/types\/page"}],"author":[{"embeddable":true,"href":"https:\/\/roskovce.sk\/index.php?rest_route=\/wp\/v2\/users\/1"}],"replies":[{"embeddable":true,"href":"https:\/\/roskovce.sk\/index.php?rest_route=%2Fwp%2Fv2%2Fcomments&post=2"}],"version-history":[{"count":64,"href":"https:\/\/roskovce.sk\/index.php?rest_route=\/wp\/v2\/pages\/2\/revisions"}],"predecessor-version":[{"id":2349,"href":"https:\/\/roskovce.sk\/index.php?rest_route=\/wp\/v2\/pages\/2\/revisions\/2349"}],"wp:attachment":[{"href":"https:\/\/roskovce.sk\/index.php?rest_route=%2Fwp%2Fv2%2Fmedia&parent=2"}],"curies":[{"name":"wp","href":"https:\/\/api.w.org\/{rel}","templated":true}]}}