{"id":1738,"date":"2021-05-09T21:55:31","date_gmt":"2021-05-09T19:55:31","guid":{"rendered":"http:\/\/roskovce.sk\/?page_id=1738"},"modified":"2021-05-09T22:02:51","modified_gmt":"2021-05-09T20:02:51","slug":"zaradenie-lokality-uzemi","status":"publish","type":"page","link":"https:\/\/roskovce.sk\/?page_id=1738","title":{"rendered":"Zaradenie lokality do n\u00e1rodn\u00e9ho zoznamu \u00fazem\u00ed"},"content":{"rendered":"\n<h2 class=\"wp-block-heading\"><\/h2>\n\n\n\n<div class=\"wp-block-file\"><a href=\"http:\/\/roskovce.sk\/wp-content\/uploads\/2021\/05\/MZP-verejna-vyhlaska-Pod-Bukovou-1.pdf\">M\u017dP: verejn\u00e1 vyhl\u00e1\u0161ka Pod Bukovou<\/a><\/div>\n\n\n\n<div class=\"wp-block-file\"><a href=\"http:\/\/roskovce.sk\/wp-content\/uploads\/2021\/05\/C-parcely-Pod-Bukovou-1.pdf\">C parcely: Pod Bukovou<\/a><\/div>\n\n\n\n<div class=\"wp-block-file\"><a href=\"http:\/\/roskovce.sk\/wp-content\/uploads\/2021\/05\/E-parcely-Pod-Bukovou-1.pdf\">E parcely: Pod Bukovou<\/a><\/div>\n\n\n\n<div class=\"wp-block-file\"><a href=\"http:\/\/roskovce.sk\/wp-content\/uploads\/2021\/05\/mapa-Pod-Bukovou-2.jpg\">mapa Pod Bukovou<\/a><\/div>\n","protected":false},"excerpt":{"rendered":"","protected":false},"author":1,"featured_media":0,"parent":0,"menu_order":0,"comment_status":"closed","ping_status":"closed","template":"","meta":{"footnotes":""},"class_list":["post-1738","page","type-page","status-publish","hentry"],"_links":{"self":[{"href":"https:\/\/roskovce.sk\/index.php?rest_route=\/wp\/v2\/pages\/1738","targetHints":{"allow":["GET"]}}],"collection":[{"href":"https:\/\/roskovce.sk\/index.php?rest_route=\/wp\/v2\/pages"}],"about":[{"href":"https:\/\/roskovce.sk\/index.php?rest_route=\/wp\/v2\/types\/page"}],"author":[{"embeddable":true,"href":"https:\/\/roskovce.sk\/index.php?rest_route=\/wp\/v2\/users\/1"}],"replies":[{"embeddable":true,"href":"https:\/\/roskovce.sk\/index.php?rest_route=%2Fwp%2Fv2%2Fcomments&post=1738"}],"version-history":[{"count":4,"href":"https:\/\/roskovce.sk\/index.php?rest_route=\/wp\/v2\/pages\/1738\/revisions"}],"predecessor-version":[{"id":1747,"href":"https:\/\/roskovce.sk\/index.php?rest_route=\/wp\/v2\/pages\/1738\/revisions\/1747"}],"wp:attachment":[{"href":"https:\/\/roskovce.sk\/index.php?rest_route=%2Fwp%2Fv2%2Fmedia&parent=1738"}],"curies":[{"name":"wp","href":"https:\/\/api.w.org\/{rel}","templated":true}]}}