{"id":17,"date":"2015-03-01T20:40:08","date_gmt":"2015-03-01T18:40:08","guid":{"rendered":"http:\/\/roskovce.sk\/?page_id=17"},"modified":"2021-02-08T18:14:48","modified_gmt":"2021-02-08T16:14:48","slug":"faktury","status":"publish","type":"page","link":"https:\/\/roskovce.sk\/?page_id=17","title":{"rendered":"Odberate\u013esk\u00e9 fakt\u00fary"},"content":{"rendered":"\n<div class=\"wp-block-file\"><a href=\"http:\/\/roskovce.sk\/wp-content\/uploads\/2021\/02\/FA-2021-1.pdf\">Rok: 2021<\/a><\/div>\n\n\n\n<div class=\"wp-block-file\"><a href=\"http:\/\/roskovce.sk\/wp-content\/uploads\/2021\/02\/FA-2020-1.pdf\">Rok: 2020<\/a><\/div>\n\n\n\n<div class=\"wp-block-file\"><a href=\"http:\/\/roskovce.sk\/wp-content\/uploads\/2021\/02\/FA-2019-1.pdf\">Rok: 2019<\/a><\/div>\n\n\n\n<p><\/p>\n\n\n<p><a href=\"http:\/\/roskovce.sk\/wp-content\/uploads\/2015\/03\/faktury.png\">\u00a0<\/a><\/p>","protected":false},"excerpt":{"rendered":"<p>\u00a0<\/p>\n","protected":false},"author":1,"featured_media":0,"parent":11,"menu_order":0,"comment_status":"closed","ping_status":"closed","template":"","meta":{"footnotes":""},"class_list":["post-17","page","type-page","status-publish","hentry"],"_links":{"self":[{"href":"https:\/\/roskovce.sk\/index.php?rest_route=\/wp\/v2\/pages\/17","targetHints":{"allow":["GET"]}}],"collection":[{"href":"https:\/\/roskovce.sk\/index.php?rest_route=\/wp\/v2\/pages"}],"about":[{"href":"https:\/\/roskovce.sk\/index.php?rest_route=\/wp\/v2\/types\/page"}],"author":[{"embeddable":true,"href":"https:\/\/roskovce.sk\/index.php?rest_route=\/wp\/v2\/users\/1"}],"replies":[{"embeddable":true,"href":"https:\/\/roskovce.sk\/index.php?rest_route=%2Fwp%2Fv2%2Fcomments&post=17"}],"version-history":[{"count":9,"href":"https:\/\/roskovce.sk\/index.php?rest_route=\/wp\/v2\/pages\/17\/revisions"}],"predecessor-version":[{"id":1696,"href":"https:\/\/roskovce.sk\/index.php?rest_route=\/wp\/v2\/pages\/17\/revisions\/1696"}],"up":[{"embeddable":true,"href":"https:\/\/roskovce.sk\/index.php?rest_route=\/wp\/v2\/pages\/11"}],"wp:attachment":[{"href":"https:\/\/roskovce.sk\/index.php?rest_route=%2Fwp%2Fv2%2Fmedia&parent=17"}],"curies":[{"name":"wp","href":"https:\/\/api.w.org\/{rel}","templated":true}]}}