{"id":1358,"date":"2019-11-21T22:18:09","date_gmt":"2019-11-21T20:18:09","guid":{"rendered":"http:\/\/roskovce.sk\/?page_id=1358"},"modified":"2022-08-25T11:18:18","modified_gmt":"2022-08-25T09:18:18","slug":"volby-do-nr-sr-2020","status":"publish","type":"page","link":"https:\/\/roskovce.sk\/?page_id=1358","title":{"rendered":"Obnova a v\u00fdbava interi\u00e9ru kuchyne kult\u00farneho domu v obci Ro\u0161kovce podporen\u00e9 PSK"},"content":{"rendered":"\n<div class=\"wp-block-file\"><a href=\"http:\/\/roskovce.sk\/wp-content\/uploads\/2022\/08\/Obnova-a-vybava-interieru-kuchyne-KD-v-obci-Roskovce.pdf\">Obnova a v\u00fdbava interi\u00e9ru kuchyne kult\u00farneho domu v obci Ro\u0161kovce<\/a><\/div>\n\n\n\n<figure class=\"wp-block-image size-large is-resized\"><a href=\"http:\/\/roskovce.sk\/wp-content\/uploads\/2022\/08\/logo-PSK.png\"><img decoding=\"async\" src=\"http:\/\/roskovce.sk\/wp-content\/uploads\/2022\/08\/logo-PSK.png\" alt=\"\" class=\"wp-image-1930\" width=\"271\" height=\"76\"\/><\/a><\/figure>\n\n\n\n<h2 class=\"wp-block-heading\">\u201eProjekt je podporen\u00fd z rozpo\u010dtu Pre\u0161ovsk\u00e9ho samospr\u00e1vneho kraja\u201c<\/h2>\n\n\n\n<figure class=\"wp-block-image size-large is-resized\"><a href=\"http:\/\/roskovce.sk\/wp-content\/uploads\/2022\/08\/20220803_205823-scaled.jpg\"><img fetchpriority=\"high\" decoding=\"async\" src=\"http:\/\/roskovce.sk\/wp-content\/uploads\/2022\/08\/20220803_205823-1024x768.jpg\" alt=\"\" class=\"wp-image-1915\" width=\"457\" height=\"343\" srcset=\"https:\/\/roskovce.sk\/wp-content\/uploads\/2022\/08\/20220803_205823-1024x768.jpg 1024w, https:\/\/roskovce.sk\/wp-content\/uploads\/2022\/08\/20220803_205823-300x225.jpg 300w, https:\/\/roskovce.sk\/wp-content\/uploads\/2022\/08\/20220803_205823-768x576.jpg 768w, https:\/\/roskovce.sk\/wp-content\/uploads\/2022\/08\/20220803_205823-1536x1152.jpg 1536w, https:\/\/roskovce.sk\/wp-content\/uploads\/2022\/08\/20220803_205823-2048x1536.jpg 2048w\" sizes=\"(max-width: 457px) 100vw, 457px\" \/><\/a><\/figure>\n\n\n\n<figure class=\"wp-block-gallery columns-3 is-cropped wp-block-gallery-1 is-layout-flex wp-block-gallery-is-layout-flex\"><ul class=\"blocks-gallery-grid\"><li class=\"blocks-gallery-item\"><figure><a href=\"http:\/\/roskovce.sk\/wp-content\/uploads\/2022\/08\/obr.-2-1-1024x768.jpg\"><img decoding=\"async\" width=\"1024\" height=\"768\" src=\"http:\/\/roskovce.sk\/wp-content\/uploads\/2022\/08\/obr.-2-1-1024x768.jpg\" alt=\"\" data-id=\"1919\" data-link=\"http:\/\/roskovce.sk\/?attachment_id=1919\" class=\"wp-image-1919\" srcset=\"https:\/\/roskovce.sk\/wp-content\/uploads\/2022\/08\/obr.-2-1-1024x768.jpg 1024w, https:\/\/roskovce.sk\/wp-content\/uploads\/2022\/08\/obr.-2-1-300x225.jpg 300w, https:\/\/roskovce.sk\/wp-content\/uploads\/2022\/08\/obr.-2-1-768x576.jpg 768w, https:\/\/roskovce.sk\/wp-content\/uploads\/2022\/08\/obr.-2-1-1536x1152.jpg 1536w, https:\/\/roskovce.sk\/wp-content\/uploads\/2022\/08\/obr.-2-1-2048x1536.jpg 2048w\" sizes=\"(max-width: 1024px) 100vw, 1024px\" \/><\/a><\/figure><\/li><li class=\"blocks-gallery-item\"><figure><a href=\"http:\/\/roskovce.sk\/wp-content\/uploads\/2022\/08\/obr.-3-1024x768.jpg\"><img loading=\"lazy\" decoding=\"async\" width=\"1024\" height=\"768\" src=\"http:\/\/roskovce.sk\/wp-content\/uploads\/2022\/08\/obr.-3-1024x768.jpg\" alt=\"\" data-id=\"1920\" data-link=\"http:\/\/roskovce.sk\/?attachment_id=1920\" class=\"wp-image-1920\" srcset=\"https:\/\/roskovce.sk\/wp-content\/uploads\/2022\/08\/obr.-3-1024x768.jpg 1024w, https:\/\/roskovce.sk\/wp-content\/uploads\/2022\/08\/obr.-3-300x225.jpg 300w, https:\/\/roskovce.sk\/wp-content\/uploads\/2022\/08\/obr.-3-768x576.jpg 768w, https:\/\/roskovce.sk\/wp-content\/uploads\/2022\/08\/obr.-3-1536x1152.jpg 1536w, https:\/\/roskovce.sk\/wp-content\/uploads\/2022\/08\/obr.-3-2048x1536.jpg 2048w\" sizes=\"(max-width: 1024px) 100vw, 1024px\" \/><\/a><\/figure><\/li><li class=\"blocks-gallery-item\"><figure><a href=\"http:\/\/roskovce.sk\/wp-content\/uploads\/2022\/08\/obr.-4-scaled.jpg\"><img loading=\"lazy\" decoding=\"async\" width=\"1024\" height=\"768\" src=\"http:\/\/roskovce.sk\/wp-content\/uploads\/2022\/08\/obr.-4-1024x768.jpg\" alt=\"\" data-id=\"1921\" data-full-url=\"http:\/\/roskovce.sk\/wp-content\/uploads\/2022\/08\/obr.-4-scaled.jpg\" data-link=\"http:\/\/roskovce.sk\/?attachment_id=1921\" class=\"wp-image-1921\" srcset=\"https:\/\/roskovce.sk\/wp-content\/uploads\/2022\/08\/obr.-4-1024x768.jpg 1024w, https:\/\/roskovce.sk\/wp-content\/uploads\/2022\/08\/obr.-4-300x225.jpg 300w, https:\/\/roskovce.sk\/wp-content\/uploads\/2022\/08\/obr.-4-768x576.jpg 768w, https:\/\/roskovce.sk\/wp-content\/uploads\/2022\/08\/obr.-4-1536x1152.jpg 1536w, https:\/\/roskovce.sk\/wp-content\/uploads\/2022\/08\/obr.-4-2048x1536.jpg 2048w\" sizes=\"(max-width: 1024px) 100vw, 1024px\" \/><\/a><\/figure><\/li><\/ul><\/figure>\n","protected":false},"excerpt":{"rendered":"<p>\u201eProjekt je podporen\u00fd z rozpo\u010dtu Pre\u0161ovsk\u00e9ho samospr\u00e1vneho kraja\u201c<\/p>\n","protected":false},"author":1,"featured_media":0,"parent":0,"menu_order":0,"comment_status":"closed","ping_status":"closed","template":"","meta":{"footnotes":""},"class_list":["post-1358","page","type-page","status-publish","hentry"],"_links":{"self":[{"href":"https:\/\/roskovce.sk\/index.php?rest_route=\/wp\/v2\/pages\/1358","targetHints":{"allow":["GET"]}}],"collection":[{"href":"https:\/\/roskovce.sk\/index.php?rest_route=\/wp\/v2\/pages"}],"about":[{"href":"https:\/\/roskovce.sk\/index.php?rest_route=\/wp\/v2\/types\/page"}],"author":[{"embeddable":true,"href":"https:\/\/roskovce.sk\/index.php?rest_route=\/wp\/v2\/users\/1"}],"replies":[{"embeddable":true,"href":"https:\/\/roskovce.sk\/index.php?rest_route=%2Fwp%2Fv2%2Fcomments&post=1358"}],"version-history":[{"count":9,"href":"https:\/\/roskovce.sk\/index.php?rest_route=\/wp\/v2\/pages\/1358\/revisions"}],"predecessor-version":[{"id":1931,"href":"https:\/\/roskovce.sk\/index.php?rest_route=\/wp\/v2\/pages\/1358\/revisions\/1931"}],"wp:attachment":[{"href":"https:\/\/roskovce.sk\/index.php?rest_route=%2Fwp%2Fv2%2Fmedia&parent=1358"}],"curies":[{"name":"wp","href":"https:\/\/api.w.org\/{rel}","templated":true}]}}