{"id":1340,"date":"2019-11-21T14:02:46","date_gmt":"2019-11-21T12:02:46","guid":{"rendered":"http:\/\/roskovce.sk\/?page_id=1340"},"modified":"2019-11-21T14:56:08","modified_gmt":"2019-11-21T12:56:08","slug":"interierove-vybavenie-kulturneho-domu-podporene-psk","status":"publish","type":"page","link":"https:\/\/roskovce.sk\/?page_id=1340","title":{"rendered":"Interi\u00e9rov\u00e9 vybavenie kult\u00farneho domu podporen\u00e9 PSK"},"content":{"rendered":"\n<figure class=\"wp-block-image is-resized\"><img decoding=\"async\" src=\"http:\/\/roskovce.sk\/wp-content\/uploads\/2019\/11\/Obr.-4-1.jpg\" alt=\"\" class=\"wp-image-1356\" width=\"200\" height=\"56\" srcset=\"https:\/\/roskovce.sk\/wp-content\/uploads\/2019\/11\/Obr.-4-1.jpg 400w, https:\/\/roskovce.sk\/wp-content\/uploads\/2019\/11\/Obr.-4-1-300x84.jpg 300w\" sizes=\"(max-width: 200px) 100vw, 200px\" \/><\/figure>\n\n\n\n<ul class=\"wp-block-gallery columns-3 is-cropped wp-block-gallery-1 is-layout-flex wp-block-gallery-is-layout-flex\"><li class=\"blocks-gallery-item\"><figure><a href=\"http:\/\/roskovce.sk\/wp-content\/uploads\/2019\/11\/Obr.-1.jpg\"><img fetchpriority=\"high\" decoding=\"async\" width=\"498\" height=\"374\" src=\"http:\/\/roskovce.sk\/wp-content\/uploads\/2019\/11\/Obr.-1.jpg\" alt=\"\" data-id=\"1352\" data-link=\"http:\/\/roskovce.sk\/?attachment_id=1352\" class=\"wp-image-1352\" srcset=\"https:\/\/roskovce.sk\/wp-content\/uploads\/2019\/11\/Obr.-1.jpg 498w, https:\/\/roskovce.sk\/wp-content\/uploads\/2019\/11\/Obr.-1-300x225.jpg 300w\" sizes=\"(max-width: 498px) 100vw, 498px\" \/><\/a><\/figure><\/li><li class=\"blocks-gallery-item\"><figure><a href=\"http:\/\/roskovce.sk\/wp-content\/uploads\/2019\/11\/Obr.-2.jpg\"><img decoding=\"async\" width=\"498\" height=\"374\" src=\"http:\/\/roskovce.sk\/wp-content\/uploads\/2019\/11\/Obr.-2.jpg\" alt=\"\" data-id=\"1353\" data-link=\"http:\/\/roskovce.sk\/?attachment_id=1353\" class=\"wp-image-1353\" srcset=\"https:\/\/roskovce.sk\/wp-content\/uploads\/2019\/11\/Obr.-2.jpg 498w, https:\/\/roskovce.sk\/wp-content\/uploads\/2019\/11\/Obr.-2-300x225.jpg 300w\" sizes=\"(max-width: 498px) 100vw, 498px\" \/><\/a><\/figure><\/li><li class=\"blocks-gallery-item\"><figure><a href=\"http:\/\/roskovce.sk\/wp-content\/uploads\/2019\/11\/Obr.-3.jpg\"><img loading=\"lazy\" decoding=\"async\" width=\"498\" height=\"374\" src=\"http:\/\/roskovce.sk\/wp-content\/uploads\/2019\/11\/Obr.-3.jpg\" alt=\"\" data-id=\"1354\" data-link=\"http:\/\/roskovce.sk\/?attachment_id=1354\" class=\"wp-image-1354\" srcset=\"https:\/\/roskovce.sk\/wp-content\/uploads\/2019\/11\/Obr.-3.jpg 498w, https:\/\/roskovce.sk\/wp-content\/uploads\/2019\/11\/Obr.-3-300x225.jpg 300w\" sizes=\"(max-width: 498px) 100vw, 498px\" \/><\/a><\/figure><\/li><\/ul>\n","protected":false},"excerpt":{"rendered":"","protected":false},"author":1,"featured_media":0,"parent":0,"menu_order":0,"comment_status":"closed","ping_status":"closed","template":"","meta":{"footnotes":""},"class_list":["post-1340","page","type-page","status-publish","hentry"],"_links":{"self":[{"href":"https:\/\/roskovce.sk\/index.php?rest_route=\/wp\/v2\/pages\/1340","targetHints":{"allow":["GET"]}}],"collection":[{"href":"https:\/\/roskovce.sk\/index.php?rest_route=\/wp\/v2\/pages"}],"about":[{"href":"https:\/\/roskovce.sk\/index.php?rest_route=\/wp\/v2\/types\/page"}],"author":[{"embeddable":true,"href":"https:\/\/roskovce.sk\/index.php?rest_route=\/wp\/v2\/users\/1"}],"replies":[{"embeddable":true,"href":"https:\/\/roskovce.sk\/index.php?rest_route=%2Fwp%2Fv2%2Fcomments&post=1340"}],"version-history":[{"count":4,"href":"https:\/\/roskovce.sk\/index.php?rest_route=\/wp\/v2\/pages\/1340\/revisions"}],"predecessor-version":[{"id":1357,"href":"https:\/\/roskovce.sk\/index.php?rest_route=\/wp\/v2\/pages\/1340\/revisions\/1357"}],"wp:attachment":[{"href":"https:\/\/roskovce.sk\/index.php?rest_route=%2Fwp%2Fv2%2Fmedia&parent=1340"}],"curies":[{"name":"wp","href":"https:\/\/api.w.org\/{rel}","templated":true}]}}