{"id":11,"date":"2015-03-01T15:39:24","date_gmt":"2015-03-01T13:39:24","guid":{"rendered":"http:\/\/roskovce.sk\/?page_id=11"},"modified":"2022-12-18T19:38:56","modified_gmt":"2022-12-18T17:38:56","slug":"zverejnovanie","status":"publish","type":"page","link":"https:\/\/roskovce.sk\/?page_id=11","title":{"rendered":"Povinn\u00e9 zverej\u0148ovanie"},"content":{"rendered":"\t\t<div data-elementor-type=\"wp-page\" data-elementor-id=\"11\" class=\"elementor elementor-11\">\n\t\t\t\t\t\t<section class=\"elementor-section elementor-top-section elementor-element elementor-element-777b927 elementor-section-boxed elementor-section-height-default elementor-section-height-default\" data-id=\"777b927\" data-element_type=\"section\" data-e-type=\"section\">\n\t\t\t\t\t\t<div class=\"elementor-container elementor-column-gap-default\">\n\t\t\t\t\t<div class=\"elementor-column elementor-col-100 elementor-top-column elementor-element elementor-element-43e9027a\" data-id=\"43e9027a\" data-element_type=\"column\" data-e-type=\"column\">\n\t\t\t<div class=\"elementor-widget-wrap elementor-element-populated\">\n\t\t\t\t\t\t<div class=\"elementor-element elementor-element-6edab90e elementor-widget elementor-widget-text-editor\" data-id=\"6edab90e\" data-element_type=\"widget\" data-e-type=\"widget\" data-widget_type=\"text-editor.default\">\n\t\t\t\t<div class=\"elementor-widget-container\">\n\t\t\t\t\t\t\t\t\t\n<h2 class=\"wp-block-heading\"><\/h2>\n\n\n\n<p><\/p>\n\t\t\t\t\t\t\t\t<\/div>\n\t\t\t\t<\/div>\n\t\t\t\t\t<\/div>\n\t\t<\/div>\n\t\t\t\t\t<\/div>\n\t\t<\/section>\n\t\t\t\t<section class=\"elementor-section elementor-top-section elementor-element elementor-element-4b3a4bb elementor-section-boxed elementor-section-height-default elementor-section-height-default\" data-id=\"4b3a4bb\" data-element_type=\"section\" data-e-type=\"section\">\n\t\t\t\t\t\t<div class=\"elementor-container elementor-column-gap-default\">\n\t\t\t\t\t<div class=\"elementor-column elementor-col-100 elementor-top-column elementor-element elementor-element-50d5da4\" data-id=\"50d5da4\" data-element_type=\"column\" data-e-type=\"column\">\n\t\t\t<div class=\"elementor-widget-wrap elementor-element-populated\">\n\t\t\t\t\t\t<div class=\"elementor-element elementor-element-d5c2a94 elementor-widget elementor-widget-wp-widget-nav_menu\" data-id=\"d5c2a94\" data-element_type=\"widget\" data-e-type=\"widget\" data-widget_type=\"wp-widget-nav_menu.default\">\n\t\t\t\t<div class=\"elementor-widget-container\">\n\t\t\t\t\t<div class=\"menu-aktuality-container\"><ul id=\"menu-aktuality\" class=\"menu\"><li id=\"menu-item-2143\" class=\"menu-item menu-item-type-post_type menu-item-object-page menu-item-has-children menu-item-2143\"><a href=\"https:\/\/roskovce.sk\/?page_id=2042\">Fakt\u00fary<\/a>\n<ul class=\"sub-menu\">\n\t<li id=\"menu-item-3073\" class=\"menu-item menu-item-type-post_type menu-item-object-page menu-item-3073\"><a href=\"https:\/\/roskovce.sk\/?page_id=3061\">Fakt\u00fary 2025<\/a><\/li>\n\t<li id=\"menu-item-2901\" class=\"menu-item menu-item-type-post_type menu-item-object-page menu-item-2901\"><a href=\"https:\/\/roskovce.sk\/?page_id=2899\">Fakt\u00fary 2024<\/a><\/li>\n\t<li id=\"menu-item-2430\" class=\"menu-item menu-item-type-post_type menu-item-object-page menu-item-2430\"><a href=\"https:\/\/roskovce.sk\/?page_id=2358\">Fakt\u00fary 2023<\/a><\/li>\n\t<li id=\"menu-item-2147\" class=\"menu-item menu-item-type-post_type menu-item-object-page menu-item-2147\"><a href=\"https:\/\/roskovce.sk\/?page_id=686\">Fakt\u00fary 2022<\/a><\/li>\n\t<li id=\"menu-item-2146\" class=\"menu-item menu-item-type-post_type menu-item-object-page menu-item-2146\"><a href=\"https:\/\/roskovce.sk\/?page_id=601\">Fakt\u00fary 2021<\/a><\/li>\n\t<li id=\"menu-item-2145\" class=\"menu-item menu-item-type-post_type menu-item-object-page menu-item-2145\"><a href=\"https:\/\/roskovce.sk\/?page_id=999\">Fakt\u00fary 2019, 2020<\/a><\/li>\n\t<li id=\"menu-item-2144\" class=\"menu-item menu-item-type-post_type menu-item-object-page menu-item-2144\"><a href=\"https:\/\/roskovce.sk\/?page_id=747\">Fakt\u00fary 2018<\/a><\/li>\n\t<li id=\"menu-item-2148\" class=\"menu-item menu-item-type-post_type menu-item-object-page menu-item-2148\"><a href=\"https:\/\/roskovce.sk\/?page_id=17\">Odberate\u013esk\u00e9 fakt\u00fary<\/a><\/li>\n\t<li id=\"menu-item-2150\" class=\"menu-item menu-item-type-post_type menu-item-object-page menu-item-2150\"><a href=\"https:\/\/roskovce.sk\/?page_id=91\">Zmluvy 2015<\/a><\/li>\n<\/ul>\n<\/li>\n<li id=\"menu-item-2156\" class=\"menu-item menu-item-type-post_type menu-item-object-page menu-item-has-children menu-item-2156\"><a href=\"https:\/\/roskovce.sk\/?page_id=2040\">Zmluvy<\/a>\n<ul class=\"sub-menu\">\n\t<li id=\"menu-item-2154\" class=\"menu-item menu-item-type-post_type menu-item-object-page menu-item-2154\"><a href=\"https:\/\/roskovce.sk\/?page_id=92\">Zmluvy 2021, 2022, 2023, 2024, 2025, 2026<\/a><\/li>\n\t<li id=\"menu-item-2155\" class=\"menu-item menu-item-type-post_type menu-item-object-page menu-item-2155\"><a href=\"https:\/\/roskovce.sk\/?page_id=1007\">Zmluvy 2019, 2020<\/a><\/li>\n\t<li id=\"menu-item-2153\" class=\"menu-item menu-item-type-post_type menu-item-object-page menu-item-2153\"><a href=\"https:\/\/roskovce.sk\/?page_id=757\">Zmluvy 2018<\/a><\/li>\n\t<li id=\"menu-item-2152\" class=\"menu-item menu-item-type-post_type menu-item-object-page menu-item-2152\"><a href=\"https:\/\/roskovce.sk\/?page_id=610\">Zmluvy 2017<\/a><\/li>\n\t<li id=\"menu-item-2151\" class=\"menu-item menu-item-type-post_type menu-item-object-page menu-item-2151\"><a href=\"https:\/\/roskovce.sk\/?page_id=362\">Zmluvy 2016<\/a><\/li>\n<\/ul>\n<\/li>\n<li id=\"menu-item-2149\" class=\"menu-item menu-item-type-post_type menu-item-object-page menu-item-2149\"><a href=\"https:\/\/roskovce.sk\/?page_id=73\">Verejn\u00e9 obstaravania<\/a><\/li>\n<\/ul><\/div>\t\t\t\t<\/div>\n\t\t\t\t<\/div>\n\t\t\t\t\t<\/div>\n\t\t<\/div>\n\t\t\t\t\t<\/div>\n\t\t<\/section>\n\t\t\t\t<\/div>\n\t\t","protected":false},"excerpt":{"rendered":"","protected":false},"author":1,"featured_media":0,"parent":0,"menu_order":0,"comment_status":"closed","ping_status":"closed","template":"","meta":{"footnotes":""},"class_list":["post-11","page","type-page","status-publish","hentry"],"_links":{"self":[{"href":"https:\/\/roskovce.sk\/index.php?rest_route=\/wp\/v2\/pages\/11","targetHints":{"allow":["GET"]}}],"collection":[{"href":"https:\/\/roskovce.sk\/index.php?rest_route=\/wp\/v2\/pages"}],"about":[{"href":"https:\/\/roskovce.sk\/index.php?rest_route=\/wp\/v2\/types\/page"}],"author":[{"embeddable":true,"href":"https:\/\/roskovce.sk\/index.php?rest_route=\/wp\/v2\/users\/1"}],"replies":[{"embeddable":true,"href":"https:\/\/roskovce.sk\/index.php?rest_route=%2Fwp%2Fv2%2Fcomments&post=11"}],"version-history":[{"count":26,"href":"https:\/\/roskovce.sk\/index.php?rest_route=\/wp\/v2\/pages\/11\/revisions"}],"predecessor-version":[{"id":2229,"href":"https:\/\/roskovce.sk\/index.php?rest_route=\/wp\/v2\/pages\/11\/revisions\/2229"}],"wp:attachment":[{"href":"https:\/\/roskovce.sk\/index.php?rest_route=%2Fwp%2Fv2%2Fmedia&parent=11"}],"curies":[{"name":"wp","href":"https:\/\/api.w.org\/{rel}","templated":true}]}}