{"id":1007,"date":"2019-02-11T23:11:44","date_gmt":"2019-02-11T21:11:44","guid":{"rendered":"http:\/\/roskovce.sk\/?page_id=1007"},"modified":"2021-01-06T23:05:39","modified_gmt":"2021-01-06T21:05:39","slug":"zmluvy-2019","status":"publish","type":"page","link":"https:\/\/roskovce.sk\/?page_id=1007","title":{"rendered":"Zmluvy 2019, 2020"},"content":{"rendered":"\n<h2 class=\"wp-block-heading\">Rok: 2020<\/h2>\n\n\n\n<div class=\"wp-block-file\"><a href=\"http:\/\/roskovce.sk\/wp-content\/uploads\/2021\/01\/Sv.-NIKOLAJ-dodatok-c.-001-2021.pdf\">11.) Sv. NIKOLAJ, dodatok \u010d. 001\/2021<\/a><\/div>\n\n\n\n<div class=\"wp-block-file\"><a href=\"http:\/\/roskovce.sk\/wp-content\/uploads\/2020\/10\/K\u00fapna-zmluva-zverej.-22.10.2020.pdf\">10.) K\u00fapna zmluva, zverej. 22.10.2020<\/a><\/div>\n\n\n\n<div class=\"wp-block-file\"><a href=\"http:\/\/roskovce.sk\/wp-content\/uploads\/2020\/10\/Zmluva-o-dielo.pdf\">9.) Zmluva o dielo<\/a><\/div>\n\n\n\n<div class=\"wp-block-file\"><a href=\"http:\/\/roskovce.sk\/wp-content\/uploads\/2020\/08\/Sponzorsk\u00e1-zmluva.pdf\">8.) Sponzorsk\u00e1 zmluva<\/a><\/div>\n\n\n\n<div class=\"wp-block-file\"><a href=\"http:\/\/roskovce.sk\/wp-content\/uploads\/2020\/08\/Poistn\u00e1-zmluva-UNION.pdf\">7.) Poistn\u00e1 zmluva UNION<\/a><\/div>\n\n\n\n<div class=\"wp-block-file\"><a href=\"http:\/\/roskovce.sk\/wp-content\/uploads\/2020\/08\/Darovacia-zmluva.pdf\">6.) Darovacia zmluva<\/a><\/div>\n\n\n\n<div class=\"wp-block-file\"><a href=\"http:\/\/roskovce.sk\/wp-content\/uploads\/2020\/07\/Zmluva-FURA.pdf\">5.) FURA, s. r. o.<\/a><\/div>\n\n\n\n<div class=\"wp-block-file\"><a href=\"http:\/\/roskovce.sk\/wp-content\/uploads\/2020\/06\/Municip\u00e1lny-\u00faver.pdf\">4.) Primabanka: Municip\u00e1lny \u00faver<\/a><\/div>\n\n\n\n<div class=\"wp-block-file\"><a href=\"http:\/\/roskovce.sk\/wp-content\/uploads\/2020\/06\/Po\u013enoslu\u017eby-\u010cabiny.pdf\">3.) Po\u013enoslu\u017eby \u010cabiny<\/a><\/div>\n\n\n\n<div class=\"wp-block-file\"><a href=\"http:\/\/roskovce.sk\/wp-content\/uploads\/2020\/03\/Dodatok-\u010d.-3-NATUR-PACK.pdf\">2. ) Dodatok \u010d. 3: NATUR PACK, a.s.<\/a><\/div>\n\n\n\n<div class=\"wp-block-file\"><a href=\"http:\/\/roskovce.sk\/wp-content\/uploads\/2020\/03\/Dodatok-k-zmluve-Sv.-Nikolaj.pdf\">1.) Zmluva o odbere a dovoze stravy &#8211; Sv. Nikolaj, zverejnen\u00e9: 03.03.2020<\/a><\/div>\n\n\n\n<h2 class=\"wp-block-heading\">Rok: 2019<\/h2>\n\n\n\n<div class=\"wp-block-file\"><a href=\"http:\/\/roskovce.sk\/wp-content\/uploads\/2019\/12\/ZMLUVA-O-AUDITE-2018201920202021.pdf\">13.) ZMLUVA o AUDITE: 2018-2019-2020-2021, zverejnen\u00e1: 07.12.2019<\/a><\/div>\n\n\n\n<div class=\"wp-block-file\"><a href=\"http:\/\/roskovce.sk\/wp-content\/uploads\/2019\/09\/Zmluva-o-dielo-KD.pdf\">12.) Stavebn\u00e9 \u00fapravy KD, zverejnen\u00e9: 20.09.2019<\/a><\/div>\n\n\n\n<div class=\"wp-block-file\"><a href=\"http:\/\/roskovce.sk\/wp-content\/uploads\/2019\/10\/Prima-banka-Zmluva-o-grantovom-\u00fa\u010dte-1.pdf\">11.) Prima banka: Zmluva o grantovom \u00fa\u010dte, zverejnen\u00e1: 16.09.2019<\/a><\/div>\n\n\n\n<div class=\"wp-block-file\"><a href=\"http:\/\/roskovce.sk\/wp-content\/uploads\/2019\/08\/zmluva-o-poskytnuti-financnych-prostriedkov-c.19-120-01096.pdf\">10.) Zmluva o poskytnut\u00ed finan\u010dn\u00fdch prostriedkov \u010d.19-120-01096, zverejnen\u00e1: 07.08.2019<\/a><\/div>\n\n\n\n<div class=\"wp-block-file\"><a href=\"http:\/\/roskovce.sk\/wp-content\/uploads\/2019\/08\/Zmluva-Interrierov\u00e9-vybavenie-KD.pdf\">09.) Interi\u00e9rov\u00e9 vybavenie KD, zverejnen\u00e9: 07.08.2019<\/a><\/div>\n\n\n<p><span style=\"color: #0084ff;\"><a style=\"color: #0084ff;\" href=\"http:\/\/roskovce.sk\/wp-content\/uploads\/2019\/07\/sponzorska-zmluva.pdf\">08.) Sponzorsk\u00e1 zmluva, zverejnen\u00e1: 02.07.2019<\/a><\/span><\/p>\n<p><span style=\"color: #0084ff;\"><a style=\"color: #0084ff;\" href=\"http:\/\/roskovce.sk\/wp-content\/uploads\/2019\/07\/Dodatok-\u010d.1-k-zmluve-\u010d.-074PO220118.pdf\">07.) Dodatok \u010d. 1 k zmluve \u010d. 074PO220118, zverejnen\u00e9 02.07.2019, 13:40<\/a><\/span><\/p>\n<p><span style=\"color: #0084ff;\"><a style=\"color: #0084ff;\" href=\"http:\/\/roskovce.sk\/wp-content\/uploads\/2019\/07\/najomna-zmluva-1.pdf\">06.) N\u00e1jomn\u00e1 zmluva JANOU\u0160, s. r. o., zverejnen\u00e1 21.06.2019<\/a><\/span><\/p>\n<p><span style=\"color: #0084ff;\"><a style=\"color: #0084ff;\" href=\"http:\/\/roskovce.sk\/wp-content\/uploads\/2019\/06\/Zmluva-o-\u00favere-Skvalitnenie-\u017eivotn\u00fdch-podmienok.pdf\">05.) Zmluva o \u00favere: Skvalitnenie \u017eivotn\u00fdch podmienok, zverejnen\u00e1 17.06.2019, 10:22<\/a><\/span><\/p>\n<p style=\"text-align: left;\"><span style=\"color: #0084ff;\"><a style=\"color: #0084ff;\" href=\"http:\/\/roskovce.sk\/wp-content\/uploads\/2019\/06\/Zmluva-o-\u00favere-V\u00fdstavba-kult\u00farno-\u0161portov\u00e9ho-are\u00e1lu.pdf\">04.) Zmluva o \u00favere: V\u00fdstavba kult\u00farno &#8211; \u0161portov\u00e9ho are\u00e1lu, zverejnen\u00e1 17.06.2019, 10:20<\/a><\/span><\/p>\n<p><a href=\"http:\/\/roskovce.sk\/wp-content\/uploads\/2019\/05\/Zmluva-o-poskytnut\u00ed-nen\u00e1vratn\u00e9ho-pr\u00edspevku-\u010d.-074PO220118.pdf\"><span style=\"color: #0084ff;\">03.) Zmluva o poskytnut\u00ed nen\u00e1vratn\u00e9ho pr\u00edspevku \u010d. 074PO220118, zverejnen\u00e1 02.05.2019, 12:46 hod.<\/span><\/a><\/p>\n<p><span style=\"color: #0084ff;\"><a style=\"color: #0084ff;\" href=\"http:\/\/roskovce.sk\/wp-content\/uploads\/2019\/02\/Zmluva_o_dielo-PP-PROTECT.pdf\" rel=\"attachment wp-att-1010\">02.) Zmluva o dielo: PP PROTECT, zverejnen\u00e1 20.02.2019, 13:15 hod.<\/a><\/span><\/p>\n<p><span style=\"color: #0084ff;\"><a style=\"color: #0084ff;\" href=\"http:\/\/roskovce.sk\/wp-content\/uploads\/2019\/02\/Zmluva-o-poskytnut%C3%AD-nen%C3%A1vratn%C3%A9ho-finan%C4%8Dn%C3%A9ho-pr%C3%ADspevku.pdf\" rel=\"attachment wp-att-1011\">01.) Zmluva o poskytnut\u00ed nen\u00e1vratn\u00e9ho finan\u010dn\u00e9ho pr\u00edspevku, zverejnen\u00e1 20.02.2019, 13:10 hod<\/a><\/span><\/p>\n<p><\/p>\n\n\n<div class=\"wp-block-file\"><\/div>\n\n\n\n<p><\/p>\n","protected":false},"excerpt":{"rendered":"<p>Rok: 2020 Rok: 2019 08.) Sponzorsk\u00e1 zmluva, zverejnen\u00e1: 02.07.2019 07.) Dodatok \u010d. 1 k zmluve \u010d. 074PO220118, zverejnen\u00e9 02.07.2019, 13:40 06.) N\u00e1jomn\u00e1 zmluva JANOU\u0160, s. r. o., zverejnen\u00e1 21.06.2019 05.) Zmluva o \u00favere: Skvalitnenie \u017eivotn\u00fdch podmienok, zverejnen\u00e1 17.06.2019, 10:22 04.) Zmluva o \u00favere: V\u00fdstavba kult\u00farno &#8211; \u0161portov\u00e9ho are\u00e1lu, zverejnen\u00e1 17.06.2019, 10:20 03.) Zmluva o poskytnut\u00ed nen\u00e1vratn\u00e9ho pr\u00edspevku \u010d. 074PO220118, zverejnen\u00e1 02.05.2019, 12:46 hod. 02.) Zmluva o dielo: PP PROTECT, zverejnen\u00e1 20.02.2019, 13:15 hod. 01.) Zmluva o poskytnut\u00ed nen\u00e1vratn\u00e9ho finan\u010dn\u00e9ho pr\u00edspevku,&#8230;<\/p>\n<p class=\"read-more\"><a class=\"btn btn-default\" href=\"https:\/\/roskovce.sk\/?page_id=1007\"> Read More<span class=\"screen-reader-text\">  Read More<\/span><\/a><\/p>\n","protected":false},"author":1,"featured_media":0,"parent":11,"menu_order":1,"comment_status":"closed","ping_status":"closed","template":"","meta":{"footnotes":""},"class_list":["post-1007","page","type-page","status-publish","hentry"],"_links":{"self":[{"href":"https:\/\/roskovce.sk\/index.php?rest_route=\/wp\/v2\/pages\/1007","targetHints":{"allow":["GET"]}}],"collection":[{"href":"https:\/\/roskovce.sk\/index.php?rest_route=\/wp\/v2\/pages"}],"about":[{"href":"https:\/\/roskovce.sk\/index.php?rest_route=\/wp\/v2\/types\/page"}],"author":[{"embeddable":true,"href":"https:\/\/roskovce.sk\/index.php?rest_route=\/wp\/v2\/users\/1"}],"replies":[{"embeddable":true,"href":"https:\/\/roskovce.sk\/index.php?rest_route=%2Fwp%2Fv2%2Fcomments&post=1007"}],"version-history":[{"count":102,"href":"https:\/\/roskovce.sk\/index.php?rest_route=\/wp\/v2\/pages\/1007\/revisions"}],"predecessor-version":[{"id":1658,"href":"https:\/\/roskovce.sk\/index.php?rest_route=\/wp\/v2\/pages\/1007\/revisions\/1658"}],"up":[{"embeddable":true,"href":"https:\/\/roskovce.sk\/index.php?rest_route=\/wp\/v2\/pages\/11"}],"wp:attachment":[{"href":"https:\/\/roskovce.sk\/index.php?rest_route=%2Fwp%2Fv2%2Fmedia&parent=1007"}],"curies":[{"name":"wp","href":"https:\/\/api.w.org\/{rel}","templated":true}]}}